{"id":8437,"date":"2020-10-01T13:15:04","date_gmt":"2020-10-01T11:15:04","guid":{"rendered":"https:\/\/www.abanoverdi.com\/?page_id=8437"},"modified":"2020-10-06T09:32:46","modified_gmt":"2020-10-06T07:32:46","slug":"offres-exceptionnelles","status":"publish","type":"page","link":"https:\/\/www.abanoverdi.com\/fr\/offres-exceptionnelles\/","title":{"rendered":"Offres exceptionnelles"},"content":{"rendered":"<p>[vc_row][vc_column][vc_single_image image=\u00a0\u00bb8724&Prime; img_size=\u00a0\u00bbfull\u00a0\u00bb][\/vc_column][\/vc_row][vc_row][vc_column]<div style=\"background-color:;height: 10px\" class=\"nicdark_section  \"><\/div> <h2 style=\"color:#727475;padding:px;text-align:center;font-size:40px;line-height:50px;letter-spacing: px;font-weight:normal\" class=\"  nd_options_text_align_center_responsive_important nd_options_first_font \">Forfait valable du 27 Septembre au 2 Novembre 2020<\/h2> <div style=\"background-color:;height: 45px\" class=\"nicdark_section  \"><\/div>[\/vc_column][\/vc_row][vc_row css=\u00a0\u00bb.vc_custom_1595844665086{background-color: #efefef !important;}\u00a0\u00bb][vc_column width=\u00a0\u00bb1\/2&Prime;][vc_single_image image=\u00a0\u00bb2223&Prime; img_size=\u00a0\u00bblarge\u00a0\u00bb][\/vc_column][vc_column width=\u00a0\u00bb1\/2&Prime;][vc_column_text]<\/p>\n<h2><strong>FORFAITS SAMSARA<\/strong><\/h2>\n<p><strong>Pour un court s\u00e9jour de couple romantique aux thermes<\/strong><br \/>\nPrix par personne 2020 hors boissons et taxe de s\u00e9jour.[\/vc_column_text][vc_column_text]<\/p>\n<table id=\"pricef\" style=\"width: 100%;\">\n<thead><\/thead>\n<tbody>\n<tr>\n<td class=\"descr\"><strong>7 Nuits<\/strong><\/td>\n<td class=\"price psx\"><span style=\"font-weight: 300;\">Par personne de <\/span><strong>\u20ac 609<\/strong><\/td>\n<\/tr>\n<tr>\n<td class=\"descr\"><strong>6 Nuits<\/strong><\/td>\n<td class=\"price psx\"><span style=\"font-weight: 300;\">Par personne de <\/span><strong>\u20ac 531<\/strong><\/td>\n<\/tr>\n<tr>\n<td class=\"descr\"><strong>5 Nuits<\/strong><\/td>\n<td class=\"price psx\"><span style=\"font-weight: 300;\">Par personne de <\/span><strong>\u20ac 453<\/strong><\/td>\n<\/tr>\n<tr>\n<td class=\"descr\"><strong>4 Nuits<\/strong><\/td>\n<td class=\"price psx\"><span style=\"font-weight: 300;\">Par personne de <\/span><strong>\u20ac 375<\/strong><\/td>\n<\/tr>\n<tr>\n<td class=\"descr\"><strong>3 Nuits<\/strong><\/td>\n<td class=\"price psx\"><span style=\"font-weight: 300;\">Par personne de <\/span><strong>\u20ac 291<\/strong><\/td>\n<\/tr>\n<tr>\n<td class=\"descr\"><strong>2 Nuits<\/strong><\/td>\n<td class=\"price psx\"><span style=\"font-weight: 300;\">Par personne de <\/span><strong>\u20ac 213<\/strong><br \/>\n<span style=\"font-weight: 300;\">+ \u20ac 10,00 avec arriv\u00e9e le vendredi<\/span><\/td>\n<\/tr>\n<\/tbody>\n<\/table>\n<p>[\/vc_column_text][vc_column_text]<\/p>\n<h3>&gt;&gt; 10 % de R\u00e9duction &lt;&lt;<\/h3>\n<p><strong>Sur tous les traitements suppl\u00e9mentaires au forfait Samsara propos\u00e9 par le Centre de bien-\u00eatre (non transf\u00e9rable et non combinable avec d&rsquo;autres offres)<\/strong>[\/vc_column_text][vc_column_text]<\/p>\n<h3>Le prix comprend:<\/h3>\n<ul>\n<li>Logement en Chambre double Standard<\/li>\n<li>1 Massage d\u00e9contracturant dos et cervicales 25 min.<\/li>\n<li>1 Nettoyage du visage et peeling 20 min.<\/li>\n<li>SPA KIT (location du peignoir et serviette de bain)<\/li>\n<\/ul>\n<p>[\/vc_column_text][vc_column_text]<\/p>\n<h3>Suppl\u00e9ments:<\/h3>\n<ul>\n<li>Chambre simple + 5 Euro par jour<\/li>\n<li>Pension compl\u00e8te + 5 Euro par jour et par personne<\/li>\n<\/ul>\n<p>[\/vc_column_text][\/vc_column][\/vc_row][vc_row css=\u00a0\u00bb.vc_custom_1595848005328{padding-right: 25px !important;padding-left: 25px !important;background-color: #f4f4f4 !important;}\u00a0\u00bb][vc_column][vc_column_text]<\/p>\n<h3>Les services disponibles gratuitement pour les s\u00e9jours sont:<\/h3>\n<ul>\n<li><strong>Acc\u00e8s \u00e0 la Panta Rhei Terme &amp; Spa de 8h00 \u00e0 21h00 (jusqu\u2019\u00e0 23h00 les vendredis et samedis)<\/strong> deux piscines thermales communicantes avec les piscines ext\u00e9rieures: la piscine thermale dot\u00e9e de bancs d\u2019hydromassage, cuves \u00e0 micro-objets crois\u00e9s, lits de bulles, cascades cervicales, nouvelle Waterfall pool avec hydromassages all\u2019ozone.<\/li>\n<li><strong>Le Panta Rhei Spa, de 9h30 \u00e0 19h30<\/strong>, comprend le parcours hydrodynamique avec chromoth\u00e9rapie et aromath\u00e9rapie: sauna finlandais, douche \u00e9motionnelle, nymphes aromatiques, frigidarium-garden et une salle de sport \u00e9quip\u00e9e.<\/li>\n<li><strong>Utilisation d\u2019un lit et d\u2019un parasol<\/strong> dans une sc\u00e9nographie relaxante du Jardin des Pens\u00e9es,<\/li>\n<li><strong>Ping-pong, location de v\u00e9los,<\/strong> internet point et Wireless, parking couvert.<\/li>\n<\/ul>\n<p><em>Le programme peut subir des modifications<\/em>[\/vc_column_text][\/vc_column][\/vc_row][vc_row equal_height=\u00a0\u00bbyes\u00a0\u00bb content_placement=\u00a0\u00bbmiddle\u00a0\u00bb css=\u00a0\u00bb.vc_custom_1600789858386{background-color: #b22009 !important;background-position: 0 0 !important;background-repeat: no-repeat !important;}\u00a0\u00bb][vc_column parallax=\u00a0\u00bbcontent-moving-fade\u00a0\u00bb width=\u00a0\u00bb1\/6&Prime; css=\u00a0\u00bb.vc_custom_1550225785861{margin-top: 0px !important;margin-right: 0px !important;margin-bottom: 0px !important;margin-left: 0px !important;padding-top: 0px !important;padding-right: 0px !important;padding-bottom: 0px !important;padding-left: 0px !important;background-position: center !important;background-repeat: no-repeat !important;background-size: cover !important;}\u00a0\u00bb][\/vc_column][vc_column width=\u00a0\u00bb2\/3&Prime;]<div style=\"background-color:;height: 5px\" class=\"nicdark_section  \"><\/div> <h3 style=\"color:#ffffff;padding:px;text-align:center;font-size:25px;line-height:29px;letter-spacing: px;font-weight:normal\" class=\"  nd_options_font_size_40_important_all_iphone nd_options_line_height_40_important_all_iphone nd_options_first_font \">Profitez de ces prix exceptionnels !!<\/h3> <div style=\"background-color:;height: 20px\" class=\"nicdark_section  \"><\/div>\n\t<div class=\"nd_options_section nd_options_text_align_center\">\n\t<a style=\"border: px solid;border-radius:px;letter-spacing:2px;line-height:15px;font-size:15px;background-color:#ffffff;padding:15px 35px;margin:;color:#765d41\" rel=\"\" target=\"_blank\" href=\"mailto:info@abanoverdi.com?subject=Richiesta Pacchetto Samsara\" class=\"nicdark_display_inline_block  nd_options_font_weight_bold nd_options_second_font  \">R\u00c9SERVEZ OU \u00c9CRIVEZ-NOUS POUR PLANIFIER VOS VACANCES<\/a>\n\t<\/div>\n<div style=\"background-color:;height: 35px\" class=\"nicdark_section  \"><\/div>[\/vc_column][vc_column width=\u00a0\u00bb1\/6&Prime;][\/vc_column][\/vc_row][vc_row][vc_column][vc_masonry_media_grid element_width=\u00a0\u00bb2&Prime; item=\u00a0\u00bbmediaGrid_Default\u00a0\u00bb grid_id=\u00a0\u00bbvc_gid:1601969552671-881b49dd-71e6-10&Prime; include=\u00a0\u00bb7392,7776,7756,7470,7446,7372&Prime;][\/vc_column][\/vc_row][vc_row][vc_column]<div style=\"background-color:;height: 35px\" class=\"nicdark_section  \"><\/div>[vc_raw_html]W2luY2x1ZGUtcGFnZSBpZD0iL2NhbGVuZGFyaW9GUiJd[\/vc_raw_html][\/vc_column][\/vc_row]<\/p>\n","protected":false},"excerpt":{"rendered":"<p>[vc_row][vc_column][vc_single_image image=\u00a0\u00bb8724&Prime; img_size=\u00a0\u00bbfull\u00a0\u00bb][\/vc_column][\/vc_row][vc_row][vc_column][\/vc_column][\/vc_row][vc_row css=\u00a0\u00bb.vc_custom_1595844665086{background-color: #efefef !important;}\u00a0\u00bb][vc_column width=\u00a0\u00bb1\/2&Prime;][vc_single_image image=\u00a0\u00bb2223&Prime; img_size=\u00a0\u00bblarge\u00a0\u00bb][\/vc_column][vc_column width=\u00a0\u00bb1\/2&Prime;][vc_column_text] FORFAITS SAMSARA Pour un court s\u00e9jour de couple romantique aux thermes Prix par personne 2020 hors boissons et taxe de s\u00e9jour.[\/vc_column_text][vc_column_text] 7 Nuits Par personne de \u20ac 609 6 Nuits Par personne de \u20ac 531 5 Nuits Par personne de \u20ac 453 4 Nuits Par [&hellip;]<\/p>\n","protected":false},"author":2,"featured_media":0,"parent":0,"menu_order":0,"comment_status":"closed","ping_status":"closed","template":"","meta":{"_monsterinsights_skip_tracking":false,"_monsterinsights_sitenote_active":false,"_monsterinsights_sitenote_note":"","_monsterinsights_sitenote_category":0},"yoast_head":"<!-- This site is optimized with the Yoast SEO plugin v18.2 - https:\/\/yoast.com\/wordpress\/plugins\/seo\/ -->\n<title>Offres exceptionnelles L&#039;automne \u00e0 Abano Terme - Hotel Terme Abano Verdi - Sito Ufficiale Hotel 4* Abano Terme<\/title>\n<meta name=\"description\" content=\"Offres exceptionnelles Offres et prix H\u00f4tel Termale \u00e0 Abano Terme, chambres r\u00e9nov\u00e9es, piscines thermales, spa, soins de bien-\u00eatre et de beaut\u00e9. Jardin avec parasols et transats.\" \/>\n<meta name=\"robots\" content=\"index, follow, max-snippet:-1, max-image-preview:large, max-video-preview:-1\" \/>\n<link rel=\"canonical\" href=\"https:\/\/www.abanoverdi.com\/fr\/offres-exceptionnelles\/\" \/>\n<meta property=\"og:locale\" content=\"fr_FR\" \/>\n<meta property=\"og:type\" content=\"article\" \/>\n<meta property=\"og:title\" content=\"Offres exceptionnelles L&#039;automne \u00e0 Abano Terme - Hotel Terme Abano Verdi - Sito Ufficiale Hotel 4* Abano Terme\" \/>\n<meta property=\"og:description\" content=\"Offres exceptionnelles Offres et prix H\u00f4tel Termale \u00e0 Abano Terme, chambres r\u00e9nov\u00e9es, piscines thermales, spa, soins de bien-\u00eatre et de beaut\u00e9. Jardin avec parasols et transats.\" \/>\n<meta property=\"og:url\" content=\"https:\/\/www.abanoverdi.com\/fr\/offres-exceptionnelles\/\" \/>\n<meta property=\"og:site_name\" content=\"Hotel Terme Abano Verdi - Sito Ufficiale Hotel 4* Abano Terme\" \/>\n<meta property=\"article:publisher\" content=\"https:\/\/www.facebook.com\/HotelAbanoVerdi\" \/>\n<meta property=\"article:modified_time\" content=\"2020-10-06T07:32:46+00:00\" \/>\n<meta name=\"twitter:card\" content=\"summary_large_image\" \/>\n<meta name=\"twitter:site\" content=\"@abanoverdi\" \/>\n<meta name=\"twitter:label1\" content=\"Dur\u00e9e de lecture estim\u00e9e\" \/>\n\t<meta name=\"twitter:data1\" content=\"4 minutes\" \/>\n<script type=\"application\/ld+json\" class=\"yoast-schema-graph\">{\"@context\":\"https:\/\/schema.org\",\"@graph\":[{\"@type\":\"Organization\",\"@id\":\"https:\/\/www.abanoverdi.com\/#organization\",\"name\":\"Hotel Terme Abano Verdi\",\"url\":\"https:\/\/www.abanoverdi.com\/\",\"sameAs\":[\"https:\/\/www.facebook.com\/HotelAbanoVerdi\",\"https:\/\/www.instagram.com\/hotelabanoverdi\/\",\"https:\/\/www.youtube.com\/channel\/UCCqIQp1lBXOEoN7lKyEdnEA\/\",\"https:\/\/www.pinterest.it\/HotelAbanoVerdi\/\",\"https:\/\/twitter.com\/abanoverdi\"],\"logo\":{\"@type\":\"ImageObject\",\"@id\":\"https:\/\/www.abanoverdi.com\/#logo\",\"inLanguage\":\"fr-FR\",\"url\":\"https:\/\/www.abanoverdi.com\/wp-content\/uploads\/2018\/11\/logo-verdi-compresso-1.png\",\"contentUrl\":\"https:\/\/www.abanoverdi.com\/wp-content\/uploads\/2018\/11\/logo-verdi-compresso-1.png\",\"width\":206,\"height\":92,\"caption\":\"Hotel Terme Abano Verdi\"},\"image\":{\"@id\":\"https:\/\/www.abanoverdi.com\/#logo\"}},{\"@type\":\"WebSite\",\"@id\":\"https:\/\/www.abanoverdi.com\/#website\",\"url\":\"https:\/\/www.abanoverdi.com\/\",\"name\":\"Hotel Terme Abano Verdi - Sito Ufficiale Hotel 4* Abano Terme\",\"description\":\"Hotel Abano Terme 4 stelle con SPA e Piscine termali\",\"publisher\":{\"@id\":\"https:\/\/www.abanoverdi.com\/#organization\"},\"potentialAction\":[{\"@type\":\"SearchAction\",\"target\":{\"@type\":\"EntryPoint\",\"urlTemplate\":\"https:\/\/www.abanoverdi.com\/?s={search_term_string}\"},\"query-input\":\"required name=search_term_string\"}],\"inLanguage\":\"fr-FR\"},{\"@type\":\"WebPage\",\"@id\":\"https:\/\/www.abanoverdi.com\/fr\/offres-exceptionnelles\/#webpage\",\"url\":\"https:\/\/www.abanoverdi.com\/fr\/offres-exceptionnelles\/\",\"name\":\"Offres exceptionnelles L'automne \u00e0 Abano Terme - Hotel Terme Abano Verdi - Sito Ufficiale Hotel 4* Abano Terme\",\"isPartOf\":{\"@id\":\"https:\/\/www.abanoverdi.com\/#website\"},\"datePublished\":\"2020-10-01T11:15:04+00:00\",\"dateModified\":\"2020-10-06T07:32:46+00:00\",\"description\":\"Offres exceptionnelles Offres et prix H\u00f4tel Termale \u00e0 Abano Terme, chambres r\u00e9nov\u00e9es, piscines thermales, spa, soins de bien-\u00eatre et de beaut\u00e9. Jardin avec parasols et transats.\",\"breadcrumb\":{\"@id\":\"https:\/\/www.abanoverdi.com\/fr\/offres-exceptionnelles\/#breadcrumb\"},\"inLanguage\":\"fr-FR\",\"potentialAction\":[{\"@type\":\"ReadAction\",\"target\":[\"https:\/\/www.abanoverdi.com\/fr\/offres-exceptionnelles\/\"]}]},{\"@type\":\"BreadcrumbList\",\"@id\":\"https:\/\/www.abanoverdi.com\/fr\/offres-exceptionnelles\/#breadcrumb\",\"itemListElement\":[{\"@type\":\"ListItem\",\"position\":1,\"name\":\"Home\",\"item\":\"https:\/\/www.abanoverdi.com\/fr\/\"},{\"@type\":\"ListItem\",\"position\":2,\"name\":\"Offres exceptionnelles\"}]}]}<\/script>\n<!-- \/ Yoast SEO plugin. -->","yoast_head_json":{"title":"Offres exceptionnelles L'automne \u00e0 Abano Terme - Hotel Terme Abano Verdi - Sito Ufficiale Hotel 4* Abano Terme","description":"Offres exceptionnelles Offres et prix H\u00f4tel Termale \u00e0 Abano Terme, chambres r\u00e9nov\u00e9es, piscines thermales, spa, soins de bien-\u00eatre et de beaut\u00e9. Jardin avec parasols et transats.","robots":{"index":"index","follow":"follow","max-snippet":"max-snippet:-1","max-image-preview":"max-image-preview:large","max-video-preview":"max-video-preview:-1"},"canonical":"https:\/\/www.abanoverdi.com\/fr\/offres-exceptionnelles\/","og_locale":"fr_FR","og_type":"article","og_title":"Offres exceptionnelles L'automne \u00e0 Abano Terme - Hotel Terme Abano Verdi - Sito Ufficiale Hotel 4* Abano Terme","og_description":"Offres exceptionnelles Offres et prix H\u00f4tel Termale \u00e0 Abano Terme, chambres r\u00e9nov\u00e9es, piscines thermales, spa, soins de bien-\u00eatre et de beaut\u00e9. Jardin avec parasols et transats.","og_url":"https:\/\/www.abanoverdi.com\/fr\/offres-exceptionnelles\/","og_site_name":"Hotel Terme Abano Verdi - Sito Ufficiale Hotel 4* Abano Terme","article_publisher":"https:\/\/www.facebook.com\/HotelAbanoVerdi","article_modified_time":"2020-10-06T07:32:46+00:00","twitter_card":"summary_large_image","twitter_site":"@abanoverdi","twitter_misc":{"Dur\u00e9e de lecture estim\u00e9e":"4 minutes"},"schema":{"@context":"https:\/\/schema.org","@graph":[{"@type":"Organization","@id":"https:\/\/www.abanoverdi.com\/#organization","name":"Hotel Terme Abano Verdi","url":"https:\/\/www.abanoverdi.com\/","sameAs":["https:\/\/www.facebook.com\/HotelAbanoVerdi","https:\/\/www.instagram.com\/hotelabanoverdi\/","https:\/\/www.youtube.com\/channel\/UCCqIQp1lBXOEoN7lKyEdnEA\/","https:\/\/www.pinterest.it\/HotelAbanoVerdi\/","https:\/\/twitter.com\/abanoverdi"],"logo":{"@type":"ImageObject","@id":"https:\/\/www.abanoverdi.com\/#logo","inLanguage":"fr-FR","url":"https:\/\/www.abanoverdi.com\/wp-content\/uploads\/2018\/11\/logo-verdi-compresso-1.png","contentUrl":"https:\/\/www.abanoverdi.com\/wp-content\/uploads\/2018\/11\/logo-verdi-compresso-1.png","width":206,"height":92,"caption":"Hotel Terme Abano Verdi"},"image":{"@id":"https:\/\/www.abanoverdi.com\/#logo"}},{"@type":"WebSite","@id":"https:\/\/www.abanoverdi.com\/#website","url":"https:\/\/www.abanoverdi.com\/","name":"Hotel Terme Abano Verdi - Sito Ufficiale Hotel 4* Abano Terme","description":"Hotel Abano Terme 4 stelle con SPA e Piscine termali","publisher":{"@id":"https:\/\/www.abanoverdi.com\/#organization"},"potentialAction":[{"@type":"SearchAction","target":{"@type":"EntryPoint","urlTemplate":"https:\/\/www.abanoverdi.com\/?s={search_term_string}"},"query-input":"required name=search_term_string"}],"inLanguage":"fr-FR"},{"@type":"WebPage","@id":"https:\/\/www.abanoverdi.com\/fr\/offres-exceptionnelles\/#webpage","url":"https:\/\/www.abanoverdi.com\/fr\/offres-exceptionnelles\/","name":"Offres exceptionnelles L'automne \u00e0 Abano Terme - Hotel Terme Abano Verdi - Sito Ufficiale Hotel 4* Abano Terme","isPartOf":{"@id":"https:\/\/www.abanoverdi.com\/#website"},"datePublished":"2020-10-01T11:15:04+00:00","dateModified":"2020-10-06T07:32:46+00:00","description":"Offres exceptionnelles Offres et prix H\u00f4tel Termale \u00e0 Abano Terme, chambres r\u00e9nov\u00e9es, piscines thermales, spa, soins de bien-\u00eatre et de beaut\u00e9. Jardin avec parasols et transats.","breadcrumb":{"@id":"https:\/\/www.abanoverdi.com\/fr\/offres-exceptionnelles\/#breadcrumb"},"inLanguage":"fr-FR","potentialAction":[{"@type":"ReadAction","target":["https:\/\/www.abanoverdi.com\/fr\/offres-exceptionnelles\/"]}]},{"@type":"BreadcrumbList","@id":"https:\/\/www.abanoverdi.com\/fr\/offres-exceptionnelles\/#breadcrumb","itemListElement":[{"@type":"ListItem","position":1,"name":"Home","item":"https:\/\/www.abanoverdi.com\/fr\/"},{"@type":"ListItem","position":2,"name":"Offres exceptionnelles"}]}]}},"_links":{"self":[{"href":"https:\/\/www.abanoverdi.com\/fr\/wp-json\/wp\/v2\/pages\/8437"}],"collection":[{"href":"https:\/\/www.abanoverdi.com\/fr\/wp-json\/wp\/v2\/pages"}],"about":[{"href":"https:\/\/www.abanoverdi.com\/fr\/wp-json\/wp\/v2\/types\/page"}],"author":[{"embeddable":true,"href":"https:\/\/www.abanoverdi.com\/fr\/wp-json\/wp\/v2\/users\/2"}],"replies":[{"embeddable":true,"href":"https:\/\/www.abanoverdi.com\/fr\/wp-json\/wp\/v2\/comments?post=8437"}],"version-history":[{"count":6,"href":"https:\/\/www.abanoverdi.com\/fr\/wp-json\/wp\/v2\/pages\/8437\/revisions"}],"predecessor-version":[{"id":8816,"href":"https:\/\/www.abanoverdi.com\/fr\/wp-json\/wp\/v2\/pages\/8437\/revisions\/8816"}],"wp:attachment":[{"href":"https:\/\/www.abanoverdi.com\/fr\/wp-json\/wp\/v2\/media?parent=8437"}],"curies":[{"name":"wp","href":"https:\/\/api.w.org\/{rel}","templated":true}]}}