{"id":6022,"date":"2019-02-04T17:48:26","date_gmt":"2019-02-04T16:48:26","guid":{"rendered":"https:\/\/www.hotelverdi.net\/camere\/junior-suite-deluxe\/"},"modified":"2019-07-03T17:54:42","modified_gmt":"2019-07-03T15:54:42","slug":"junior-suite-deluxe","status":"publish","type":"page","link":"https:\/\/www.abanoverdi.com\/fr\/chambres\/junior-suite-deluxe\/","title":{"rendered":"Junior Suite Deluxe"},"content":{"rendered":"<p>[vc_row][vc_column width=\u00a0\u00bb3\/4&Prime;]\n\n    <div class=\"  nd_options_section\">\n        \n\n        <div class=\"nd_options_mpopup_gallery\">\n            <a class=\" nd_options_outline_0 nd_options_mpopup_gallery\" href=\"https:\/\/www.abanoverdi.com\/wp-content\/uploads\/2019\/03\/junior-suite-deluxe-1024x683.jpg\">\n                <img width=\"100%\" alt=\"\" class=\"nd_options_transition_all_08_ease nd_options_opacity_05_hover\" src=\"https:\/\/www.abanoverdi.com\/wp-content\/uploads\/2019\/03\/junior-suite-deluxe-1024x683.jpg\">\n            <\/a>\n        <\/div>\n\n        \n    <\/div>   \n\n[\/vc_column][vc_column width=\u00a0\u00bb1\/4&Prime;]\n\n    <div class=\"  nd_options_section\">\n        \n\n        <div class=\"nd_options_mpopup_gallery\">\n            <a class=\" nd_options_outline_0 nd_options_mpopup_gallery\" href=\"https:\/\/www.abanoverdi.com\/wp-content\/uploads\/2019\/02\/junior-suite-deluxe2-1024x683.jpg\">\n                <img width=\"100%\" alt=\"\" class=\"nd_options_transition_all_08_ease nd_options_opacity_05_hover\" src=\"https:\/\/www.abanoverdi.com\/wp-content\/uploads\/2019\/02\/junior-suite-deluxe2-1024x683.jpg\">\n            <\/a>\n        <\/div>\n\n        \n    <\/div>   \n\n<div style=\"background-color:;height: 11px\" class=\"nicdark_section  \"><\/div>\n\n    <div class=\"  nd_options_section\">\n        \n\n        <div class=\"nd_options_mpopup_gallery\">\n            <a class=\" nd_options_outline_0 nd_options_mpopup_gallery\" href=\"https:\/\/www.abanoverdi.com\/wp-content\/uploads\/2019\/02\/junior-suite-deluxe7-1024x683.jpg\">\n                <img width=\"100%\" alt=\"\" class=\"nd_options_transition_all_08_ease nd_options_opacity_05_hover\" src=\"https:\/\/www.abanoverdi.com\/wp-content\/uploads\/2019\/02\/junior-suite-deluxe7-1024x683.jpg\">\n            <\/a>\n        <\/div>\n\n        \n    <\/div>   \n\n<div style=\"background-color:;height: 11px\" class=\"nicdark_section  \"><\/div>\n\n    <div class=\"  nd_options_section\">\n        \n\n        <div class=\"nd_options_mpopup_gallery\">\n            <a class=\" nd_options_outline_0 nd_options_mpopup_gallery\" href=\"https:\/\/www.abanoverdi.com\/wp-content\/uploads\/2019\/02\/junior-suite-deluxe5-1024x683.jpg\">\n                <img width=\"100%\" alt=\"\" class=\"nd_options_transition_all_08_ease nd_options_opacity_05_hover\" src=\"https:\/\/www.abanoverdi.com\/wp-content\/uploads\/2019\/02\/junior-suite-deluxe5-1024x683.jpg\">\n            <\/a>\n        <\/div>\n\n        \n    <\/div>   \n\n[\/vc_column][\/vc_row][vc_row][vc_column]<div style=\"background-color:;height: 35px\" class=\"nicdark_section  \"><\/div>[\/vc_column][\/vc_row][vc_row][vc_column width=\u00a0\u00bb3\/4&Prime;]\n\n    <div class=\"  nd_options_section\">\n        \n\n        <div class=\"nd_options_mpopup_gallery\">\n            <a class=\" nd_options_outline_0 nd_options_mpopup_gallery\" href=\"https:\/\/www.abanoverdi.com\/wp-content\/uploads\/2019\/02\/deluxeB-1024x683.jpg\">\n                <img width=\"100%\" alt=\"\" class=\"nd_options_transition_all_08_ease nd_options_opacity_05_hover\" src=\"https:\/\/www.abanoverdi.com\/wp-content\/uploads\/2019\/02\/deluxeB-1024x683.jpg\">\n            <\/a>\n        <\/div>\n\n        \n    <\/div>   \n\n[\/vc_column][vc_column width=\u00a0\u00bb1\/4&Prime;]\n\n    <div class=\"  nd_options_section\">\n        \n\n        <div class=\"nd_options_mpopup_gallery\">\n            <a class=\" nd_options_outline_0 nd_options_mpopup_gallery\" href=\"https:\/\/www.abanoverdi.com\/wp-content\/uploads\/2019\/02\/deluxeB2-1024x683.jpg\">\n                <img width=\"100%\" alt=\"\" class=\"nd_options_transition_all_08_ease nd_options_opacity_05_hover\" src=\"https:\/\/www.abanoverdi.com\/wp-content\/uploads\/2019\/02\/deluxeB2-1024x683.jpg\">\n            <\/a>\n        <\/div>\n\n        \n    <\/div>   \n\n<div style=\"background-color:;height: 11px\" class=\"nicdark_section  \"><\/div>\n\n    <div class=\"  nd_options_section\">\n        \n\n        <div class=\"nd_options_mpopup_gallery\">\n            <a class=\" nd_options_outline_0 nd_options_mpopup_gallery\" href=\"https:\/\/www.abanoverdi.com\/wp-content\/uploads\/2019\/02\/deluxeB4-1-1024x683.jpg\">\n                <img width=\"100%\" alt=\"\" class=\"nd_options_transition_all_08_ease nd_options_opacity_05_hover\" src=\"https:\/\/www.abanoverdi.com\/wp-content\/uploads\/2019\/02\/deluxeB4-1-1024x683.jpg\">\n            <\/a>\n        <\/div>\n\n        \n    <\/div>   \n\n<div style=\"background-color:;height: 11px\" class=\"nicdark_section  \"><\/div>\n\n    <div class=\"  nd_options_section\">\n        \n\n        <div class=\"nd_options_mpopup_gallery\">\n            <a class=\" nd_options_outline_0 nd_options_mpopup_gallery\" href=\"https:\/\/www.abanoverdi.com\/wp-content\/uploads\/2019\/02\/deluxeB3-1024x683.jpg\">\n                <img width=\"100%\" alt=\"\" class=\"nd_options_transition_all_08_ease nd_options_opacity_05_hover\" src=\"https:\/\/www.abanoverdi.com\/wp-content\/uploads\/2019\/02\/deluxeB3-1024x683.jpg\">\n            <\/a>\n        <\/div>\n\n        \n    <\/div>   \n\n[\/vc_column][\/vc_row][vc_row][vc_column]<div style=\"background-color:;height: 25px\" class=\"nicdark_section  \"><\/div>[\/vc_column][\/vc_row][vc_row][vc_column][vc_row_inner css=\u00a0\u00bb.vc_custom_1549303224138{margin-top: 0px !important;margin-bottom: 0px !important;border-top-width: 0px !important;border-bottom-width: 0px !important;padding-top: 0px !important;padding-bottom: 0px !important;}\u00a0\u00bb][vc_column_inner width=\u00a0\u00bb1\/5&Prime; css=\u00a0\u00bb.vc_custom_1549303204977{margin-top: 0px !important;border-top-width: 0px !important;padding-top: 0px !important;}\u00a0\u00bb][vc_single_image image=\u00a0\u00bb524&Prime; alignment=\u00a0\u00bbcenter\u00a0\u00bb css=\u00a0\u00bb.vc_custom_1549303624492{margin-top: 0px !important;margin-bottom: 0px !important;border-top-width: 0px !important;border-bottom-width: 0px !important;padding-top: 0px !important;padding-bottom: 0px !important;}\u00a0\u00bb][vc_column_text css=\u00a0\u00bb.vc_custom_1561565048111{margin-top: 0px !important;margin-bottom: 0px !important;border-top-width: 0px !important;border-bottom-width: 0px !important;padding-top: 0px !important;padding-bottom: 0px !important;}\u00a0\u00bb]<\/p>\n<p style=\"text-align: center;\">Acc\u00e8s aux piscines thermales<\/p>\n<p>[\/vc_column_text][\/vc_column_inner][vc_column_inner width=\u00a0\u00bb1\/5&Prime; css=\u00a0\u00bb.vc_custom_1549303209969{margin-top: 0px !important;border-top-width: 0px !important;padding-top: 0px !important;}\u00a0\u00bb][vc_single_image image=\u00a0\u00bb521&Prime; alignment=\u00a0\u00bbcenter\u00a0\u00bb css=\u00a0\u00bb.vc_custom_1549303606608{margin-top: 0px !important;margin-bottom: 0px !important;border-top-width: 0px !important;border-bottom-width: 0px !important;padding-top: 0px !important;padding-bottom: 0px !important;}\u00a0\u00bb][vc_column_text css=\u00a0\u00bb.vc_custom_1561565109913{margin-top: 0px !important;margin-bottom: 0px !important;border-top-width: 0px !important;border-bottom-width: 0px !important;padding-top: 0px !important;padding-bottom: 0px !important;}\u00a0\u00bb]<\/p>\n<p style=\"text-align: center;\">Acc\u00e8s au Spa<\/p>\n<p>[\/vc_column_text][\/vc_column_inner][vc_column_inner width=\u00a0\u00bb1\/5&Prime; css=\u00a0\u00bb.vc_custom_1549303215247{margin-top: 0px !important;border-top-width: 0px !important;padding-top: 0px !important;}\u00a0\u00bb][vc_single_image image=\u00a0\u00bb522&Prime; alignment=\u00a0\u00bbcenter\u00a0\u00bb css=\u00a0\u00bb.vc_custom_1549303613682{margin-top: 0px !important;margin-bottom: 0px !important;border-top-width: 0px !important;border-bottom-width: 0px !important;padding-top: 0px !important;padding-bottom: 0px !important;}\u00a0\u00bb][vc_column_text css=\u00a0\u00bb.vc_custom_1561565163150{margin-top: 0px !important;margin-bottom: 0px !important;border-top-width: 0px !important;border-bottom-width: 0px !important;padding-top: 0px !important;padding-bottom: 0px !important;}\u00a0\u00bb]<\/p>\n<p style=\"text-align: center;\">Wi-Fi gratuit<\/p>\n<p>[\/vc_column_text][\/vc_column_inner][vc_column_inner width=\u00a0\u00bb1\/5&Prime; css=\u00a0\u00bb.vc_custom_1549303220295{margin-top: 0px !important;border-top-width: 0px !important;padding-top: 0px !important;}\u00a0\u00bb][vc_single_image image=\u00a0\u00bb508&Prime; alignment=\u00a0\u00bbcenter\u00a0\u00bb css=\u00a0\u00bb.vc_custom_1549303620670{margin-top: 0px !important;margin-bottom: 0px !important;border-top-width: 0px !important;border-bottom-width: 0px !important;padding-top: 0px !important;padding-bottom: 0px !important;}\u00a0\u00bb][vc_column_text css=\u00a0\u00bb.vc_custom_1561564981972{margin-top: 0px !important;margin-bottom: 0px !important;border-top-width: 0px !important;border-bottom-width: 0px !important;padding-top: 0px !important;padding-bottom: 0px !important;}\u00a0\u00bb]<\/p>\n<p style=\"text-align: center;\">Planchers en bois avec salon<\/p>\n<p>[\/vc_column_text][\/vc_column_inner][vc_column_inner width=\u00a0\u00bb1\/5&Prime;][\/vc_column_inner][\/vc_row_inner][vc_separator css=\u00a0\u00bb.vc_custom_1549302075940{margin-top: 0px !important;margin-bottom: 0px !important;border-top-width: 0px !important;border-bottom-width: 0px !important;padding-top: 9px !important;padding-bottom: 9px !important;}\u00a0\u00bb]<div style=\"background-color:;height: 30px\" class=\"nicdark_section  \"><\/div>[\/vc_column][\/vc_row][vc_row][vc_column width=\u00a0\u00bb3\/4&Prime; css=\u00a0\u00bb.vc_custom_1549302898230{margin-top: 0px !important;margin-bottom: 0px !important;border-top-width: 0px !important;border-bottom-width: 0px !important;padding-top: 0px !important;padding-bottom: 0px !important;}\u00a0\u00bb][vc_row_inner][vc_column_inner width=\u00a0\u00bb1\/2&Prime;]<div style=\"background-color:;height: 10px\" class=\"nicdark_section  \"><\/div> <h2 style=\"color:#727475;padding:px;text-align:right;font-size:40px;line-height:50px;letter-spacing: px;font-weight:normal\" class=\"  nd_options_text_align_center_responsive_important nd_options_first_font \">Chambre id\u00e9ale pour ceux qui sont \u00e0 la recherche d\u2019espaces spacieux et confortables.<\/h2> <div style=\"background-color:;height: 45px\" class=\"nicdark_section  \"><\/div>[\/vc_column_inner][vc_column_inner width=\u00a0\u00bb1\/2&Prime;]<div style=\"background-color:;height: 20px\" class=\"nicdark_section  \"><\/div>[vc_column_text]Equip\u00e9e d&rsquo;un salon int\u00e9rieur pour cr\u00e9er une atmosph\u00e8re intime de d\u00e9tente et d\u2019une terrasse. Planchers en bois certifi\u00e9 provenant des for\u00eats du Cansiglio, pour cr\u00e9er une atmosph\u00e8re suggestive et relaxante. L\u2019insonorisation et l\u2019automatisation compl\u00e8tent l&rsquo;\u00e9quipement des chambres pour une ambiance prestigieuse et relaxante.[\/vc_column_text]<div style=\"background-color:;height: 45px\" class=\"nicdark_section  \"><\/div>[\/vc_column_inner][\/vc_row_inner]<div style=\"background-color:;height: 30px\" class=\"nicdark_section  \"><\/div>[\/vc_column][vc_column width=\u00a0\u00bb1\/4&Prime;]<div style=\"background-color:;height: 16px\" class=\"nicdark_section  \"><\/div>[vc_widget_sidebar sidebar_id=\u00a0\u00bbcs-2&Prime;][\/vc_column][\/vc_row][vc_row][vc_column][vc_raw_html]JTVCaW5jbHVkZS1wYWdlJTIwaWQlM0QlMjIlMkZpbmNsdWRlLWNhbWVyZWZyJTIyJTVE[\/vc_raw_html][\/vc_column][\/vc_row][vc_row full_width=\u00a0\u00bbstretch_row\u00a0\u00bb el_id=\u00a0\u00bblastminute\u00a0\u00bb css=\u00a0\u00bb.vc_custom_1551170535720{margin-top: 0px !important;margin-bottom: 0px !important;border-top-width: 0px !important;border-bottom-width: 0px !important;padding-top: 0px !important;padding-bottom: 0px !important;}\u00a0\u00bb][vc_column][vc_raw_html css=\u00a0\u00bb.vc_custom_1561565243926{margin-bottom: 0px !important;border-bottom-width: 0px !important;padding-bottom: 25px !important;}\u00a0\u00bb]JTVCaW5jbHVkZS1wYWdlJTIwaWQlM0QlMjIlMkZpbmNsdWRlLWxhc3QtbWludXRlZnIlMjIlNUQ=[\/vc_raw_html][vc_masonry_grid post_type=\u00a0\u00bbpost\u00a0\u00bb max_items=\u00a0\u00bb3&Prime; style=\u00a0\u00bbload-more\u00a0\u00bb item=\u00a0\u00bb6418&Prime; grid_id=\u00a0\u00bbvc_gid:1562169258799-e4c3d860-3406-7&Prime; taxonomies=\u00a0\u00bb44&Prime; css=\u00a0\u00bb.vc_custom_1561466661265{margin-top: 0px !important;border-top-width: 0px !important;padding-top: 0px !important;}\u00a0\u00bb][\/vc_column][\/vc_row]<\/p>\n","protected":false},"excerpt":{"rendered":"<p>[vc_row][vc_column width=\u00a0\u00bb3\/4&Prime;][\/vc_column][vc_column width=\u00a0\u00bb1\/4&Prime;][\/vc_column][\/vc_row][vc_row][vc_column][\/vc_column][\/vc_row][vc_row][vc_column width=\u00a0\u00bb3\/4&Prime;][\/vc_column][vc_column width=\u00a0\u00bb1\/4&Prime;][\/vc_column][\/vc_row][vc_row][vc_column][\/vc_column][\/vc_row][vc_row][vc_column][vc_row_inner css=\u00a0\u00bb.vc_custom_1549303224138{margin-top: 0px !important;margin-bottom: 0px !important;border-top-width: 0px !important;border-bottom-width: 0px !important;padding-top: 0px !important;padding-bottom: 0px !important;}\u00a0\u00bb][vc_column_inner width=\u00a0\u00bb1\/5&Prime; css=\u00a0\u00bb.vc_custom_1549303204977{margin-top: 0px !important;border-top-width: 0px !important;padding-top: 0px !important;}\u00a0\u00bb][vc_single_image image=\u00a0\u00bb524&Prime; alignment=\u00a0\u00bbcenter\u00a0\u00bb css=\u00a0\u00bb.vc_custom_1549303624492{margin-top: 0px !important;margin-bottom: 0px !important;border-top-width: 0px !important;border-bottom-width: 0px !important;padding-top: 0px !important;padding-bottom: 0px !important;}\u00a0\u00bb][vc_column_text css=\u00a0\u00bb.vc_custom_1561565048111{margin-top: 0px !important;margin-bottom: 0px !important;border-top-width: 0px !important;border-bottom-width: 0px !important;padding-top: 0px !important;padding-bottom: 0px !important;}\u00a0\u00bb] Acc\u00e8s [&hellip;]<\/p>\n","protected":false},"author":2,"featured_media":0,"parent":5905,"menu_order":0,"comment_status":"closed","ping_status":"closed","template":"","meta":{"_monsterinsights_skip_tracking":false,"_monsterinsights_sitenote_active":false,"_monsterinsights_sitenote_note":"","_monsterinsights_sitenote_category":0},"yoast_head":"<!-- This site is optimized with the Yoast SEO plugin v18.2 - https:\/\/yoast.com\/wordpress\/plugins\/seo\/ -->\n<title>Junior Suite Deluxe - Hotel Terme Abano Verdi - Sito Ufficiale Hotel 4* Abano Terme<\/title>\n<meta name=\"description\" content=\"Junior Suite Deluxe Hotel Terme Abano Verdi - Sito Ufficiale Hotel 4* Abano Terme Camera con pavimenti in legno. Insonorizzazione e tecnologia domotica completano la dotazione delle camere.\" \/>\n<meta name=\"robots\" content=\"index, follow, max-snippet:-1, max-image-preview:large, max-video-preview:-1\" \/>\n<link rel=\"canonical\" href=\"https:\/\/www.abanoverdi.com\/fr\/chambres\/junior-suite-deluxe\/\" \/>\n<meta property=\"og:locale\" content=\"fr_FR\" \/>\n<meta property=\"og:type\" content=\"article\" \/>\n<meta property=\"og:title\" content=\"Junior Suite Deluxe - Hotel Terme Abano Verdi - Sito Ufficiale Hotel 4* Abano Terme\" \/>\n<meta property=\"og:description\" content=\"Junior Suite Deluxe Hotel Terme Abano Verdi - Sito Ufficiale Hotel 4* Abano Terme Camera con pavimenti in legno. Insonorizzazione e tecnologia domotica completano la dotazione delle camere.\" \/>\n<meta property=\"og:url\" content=\"https:\/\/www.abanoverdi.com\/fr\/chambres\/junior-suite-deluxe\/\" \/>\n<meta property=\"og:site_name\" content=\"Hotel Terme Abano Verdi - Sito Ufficiale Hotel 4* Abano Terme\" \/>\n<meta property=\"article:publisher\" content=\"https:\/\/www.facebook.com\/HotelAbanoVerdi\" \/>\n<meta property=\"article:modified_time\" content=\"2019-07-03T15:54:42+00:00\" \/>\n<meta name=\"twitter:card\" content=\"summary_large_image\" \/>\n<meta name=\"twitter:site\" content=\"@abanoverdi\" \/>\n<meta name=\"twitter:label1\" content=\"Dur\u00e9e de lecture estim\u00e9e\" \/>\n\t<meta name=\"twitter:data1\" content=\"4 minutes\" \/>\n<script type=\"application\/ld+json\" class=\"yoast-schema-graph\">{\"@context\":\"https:\/\/schema.org\",\"@graph\":[{\"@type\":\"Organization\",\"@id\":\"https:\/\/www.abanoverdi.com\/#organization\",\"name\":\"Hotel Terme Abano Verdi\",\"url\":\"https:\/\/www.abanoverdi.com\/\",\"sameAs\":[\"https:\/\/www.facebook.com\/HotelAbanoVerdi\",\"https:\/\/www.instagram.com\/hotelabanoverdi\/\",\"https:\/\/www.youtube.com\/channel\/UCCqIQp1lBXOEoN7lKyEdnEA\/\",\"https:\/\/www.pinterest.it\/HotelAbanoVerdi\/\",\"https:\/\/twitter.com\/abanoverdi\"],\"logo\":{\"@type\":\"ImageObject\",\"@id\":\"https:\/\/www.abanoverdi.com\/#logo\",\"inLanguage\":\"fr-FR\",\"url\":\"https:\/\/www.abanoverdi.com\/wp-content\/uploads\/2018\/11\/logo-verdi-compresso-1.png\",\"contentUrl\":\"https:\/\/www.abanoverdi.com\/wp-content\/uploads\/2018\/11\/logo-verdi-compresso-1.png\",\"width\":206,\"height\":92,\"caption\":\"Hotel Terme Abano Verdi\"},\"image\":{\"@id\":\"https:\/\/www.abanoverdi.com\/#logo\"}},{\"@type\":\"WebSite\",\"@id\":\"https:\/\/www.abanoverdi.com\/#website\",\"url\":\"https:\/\/www.abanoverdi.com\/\",\"name\":\"Hotel Terme Abano Verdi - Sito Ufficiale Hotel 4* Abano Terme\",\"description\":\"Hotel Abano Terme 4 stelle con SPA e Piscine termali\",\"publisher\":{\"@id\":\"https:\/\/www.abanoverdi.com\/#organization\"},\"potentialAction\":[{\"@type\":\"SearchAction\",\"target\":{\"@type\":\"EntryPoint\",\"urlTemplate\":\"https:\/\/www.abanoverdi.com\/?s={search_term_string}\"},\"query-input\":\"required name=search_term_string\"}],\"inLanguage\":\"fr-FR\"},{\"@type\":\"WebPage\",\"@id\":\"https:\/\/www.abanoverdi.com\/fr\/chambres\/junior-suite-deluxe\/#webpage\",\"url\":\"https:\/\/www.abanoverdi.com\/fr\/chambres\/junior-suite-deluxe\/\",\"name\":\"Junior Suite Deluxe - Hotel Terme Abano Verdi - Sito Ufficiale Hotel 4* Abano Terme\",\"isPartOf\":{\"@id\":\"https:\/\/www.abanoverdi.com\/#website\"},\"datePublished\":\"2019-02-04T16:48:26+00:00\",\"dateModified\":\"2019-07-03T15:54:42+00:00\",\"description\":\"Junior Suite Deluxe Hotel Terme Abano Verdi - Sito Ufficiale Hotel 4* Abano Terme Camera con pavimenti in legno. Insonorizzazione e tecnologia domotica completano la dotazione delle camere.\",\"breadcrumb\":{\"@id\":\"https:\/\/www.abanoverdi.com\/fr\/chambres\/junior-suite-deluxe\/#breadcrumb\"},\"inLanguage\":\"fr-FR\",\"potentialAction\":[{\"@type\":\"ReadAction\",\"target\":[\"https:\/\/www.abanoverdi.com\/fr\/chambres\/junior-suite-deluxe\/\"]}]},{\"@type\":\"BreadcrumbList\",\"@id\":\"https:\/\/www.abanoverdi.com\/fr\/chambres\/junior-suite-deluxe\/#breadcrumb\",\"itemListElement\":[{\"@type\":\"ListItem\",\"position\":1,\"name\":\"Home\",\"item\":\"https:\/\/www.abanoverdi.com\/fr\/\"},{\"@type\":\"ListItem\",\"position\":2,\"name\":\"Chambres\",\"item\":\"https:\/\/www.abanoverdi.com\/fr\/chambres\/\"},{\"@type\":\"ListItem\",\"position\":3,\"name\":\"Junior Suite Deluxe\"}]}]}<\/script>\n<!-- \/ Yoast SEO plugin. -->","yoast_head_json":{"title":"Junior Suite Deluxe - Hotel Terme Abano Verdi - Sito Ufficiale Hotel 4* Abano Terme","description":"Junior Suite Deluxe Hotel Terme Abano Verdi - Sito Ufficiale Hotel 4* Abano Terme Camera con pavimenti in legno. Insonorizzazione e tecnologia domotica completano la dotazione delle camere.","robots":{"index":"index","follow":"follow","max-snippet":"max-snippet:-1","max-image-preview":"max-image-preview:large","max-video-preview":"max-video-preview:-1"},"canonical":"https:\/\/www.abanoverdi.com\/fr\/chambres\/junior-suite-deluxe\/","og_locale":"fr_FR","og_type":"article","og_title":"Junior Suite Deluxe - Hotel Terme Abano Verdi - Sito Ufficiale Hotel 4* Abano Terme","og_description":"Junior Suite Deluxe Hotel Terme Abano Verdi - Sito Ufficiale Hotel 4* Abano Terme Camera con pavimenti in legno. Insonorizzazione e tecnologia domotica completano la dotazione delle camere.","og_url":"https:\/\/www.abanoverdi.com\/fr\/chambres\/junior-suite-deluxe\/","og_site_name":"Hotel Terme Abano Verdi - Sito Ufficiale Hotel 4* Abano Terme","article_publisher":"https:\/\/www.facebook.com\/HotelAbanoVerdi","article_modified_time":"2019-07-03T15:54:42+00:00","twitter_card":"summary_large_image","twitter_site":"@abanoverdi","twitter_misc":{"Dur\u00e9e de lecture estim\u00e9e":"4 minutes"},"schema":{"@context":"https:\/\/schema.org","@graph":[{"@type":"Organization","@id":"https:\/\/www.abanoverdi.com\/#organization","name":"Hotel Terme Abano Verdi","url":"https:\/\/www.abanoverdi.com\/","sameAs":["https:\/\/www.facebook.com\/HotelAbanoVerdi","https:\/\/www.instagram.com\/hotelabanoverdi\/","https:\/\/www.youtube.com\/channel\/UCCqIQp1lBXOEoN7lKyEdnEA\/","https:\/\/www.pinterest.it\/HotelAbanoVerdi\/","https:\/\/twitter.com\/abanoverdi"],"logo":{"@type":"ImageObject","@id":"https:\/\/www.abanoverdi.com\/#logo","inLanguage":"fr-FR","url":"https:\/\/www.abanoverdi.com\/wp-content\/uploads\/2018\/11\/logo-verdi-compresso-1.png","contentUrl":"https:\/\/www.abanoverdi.com\/wp-content\/uploads\/2018\/11\/logo-verdi-compresso-1.png","width":206,"height":92,"caption":"Hotel Terme Abano Verdi"},"image":{"@id":"https:\/\/www.abanoverdi.com\/#logo"}},{"@type":"WebSite","@id":"https:\/\/www.abanoverdi.com\/#website","url":"https:\/\/www.abanoverdi.com\/","name":"Hotel Terme Abano Verdi - Sito Ufficiale Hotel 4* Abano Terme","description":"Hotel Abano Terme 4 stelle con SPA e Piscine termali","publisher":{"@id":"https:\/\/www.abanoverdi.com\/#organization"},"potentialAction":[{"@type":"SearchAction","target":{"@type":"EntryPoint","urlTemplate":"https:\/\/www.abanoverdi.com\/?s={search_term_string}"},"query-input":"required name=search_term_string"}],"inLanguage":"fr-FR"},{"@type":"WebPage","@id":"https:\/\/www.abanoverdi.com\/fr\/chambres\/junior-suite-deluxe\/#webpage","url":"https:\/\/www.abanoverdi.com\/fr\/chambres\/junior-suite-deluxe\/","name":"Junior Suite Deluxe - Hotel Terme Abano Verdi - Sito Ufficiale Hotel 4* Abano Terme","isPartOf":{"@id":"https:\/\/www.abanoverdi.com\/#website"},"datePublished":"2019-02-04T16:48:26+00:00","dateModified":"2019-07-03T15:54:42+00:00","description":"Junior Suite Deluxe Hotel Terme Abano Verdi - Sito Ufficiale Hotel 4* Abano Terme Camera con pavimenti in legno. Insonorizzazione e tecnologia domotica completano la dotazione delle camere.","breadcrumb":{"@id":"https:\/\/www.abanoverdi.com\/fr\/chambres\/junior-suite-deluxe\/#breadcrumb"},"inLanguage":"fr-FR","potentialAction":[{"@type":"ReadAction","target":["https:\/\/www.abanoverdi.com\/fr\/chambres\/junior-suite-deluxe\/"]}]},{"@type":"BreadcrumbList","@id":"https:\/\/www.abanoverdi.com\/fr\/chambres\/junior-suite-deluxe\/#breadcrumb","itemListElement":[{"@type":"ListItem","position":1,"name":"Home","item":"https:\/\/www.abanoverdi.com\/fr\/"},{"@type":"ListItem","position":2,"name":"Chambres","item":"https:\/\/www.abanoverdi.com\/fr\/chambres\/"},{"@type":"ListItem","position":3,"name":"Junior Suite Deluxe"}]}]}},"_links":{"self":[{"href":"https:\/\/www.abanoverdi.com\/fr\/wp-json\/wp\/v2\/pages\/6022"}],"collection":[{"href":"https:\/\/www.abanoverdi.com\/fr\/wp-json\/wp\/v2\/pages"}],"about":[{"href":"https:\/\/www.abanoverdi.com\/fr\/wp-json\/wp\/v2\/types\/page"}],"author":[{"embeddable":true,"href":"https:\/\/www.abanoverdi.com\/fr\/wp-json\/wp\/v2\/users\/2"}],"replies":[{"embeddable":true,"href":"https:\/\/www.abanoverdi.com\/fr\/wp-json\/wp\/v2\/comments?post=6022"}],"version-history":[{"count":7,"href":"https:\/\/www.abanoverdi.com\/fr\/wp-json\/wp\/v2\/pages\/6022\/revisions"}],"predecessor-version":[{"id":6950,"href":"https:\/\/www.abanoverdi.com\/fr\/wp-json\/wp\/v2\/pages\/6022\/revisions\/6950"}],"up":[{"embeddable":true,"href":"https:\/\/www.abanoverdi.com\/fr\/wp-json\/wp\/v2\/pages\/5905"}],"wp:attachment":[{"href":"https:\/\/www.abanoverdi.com\/fr\/wp-json\/wp\/v2\/media?parent=6022"}],"curies":[{"name":"wp","href":"https:\/\/api.w.org\/{rel}","templated":true}]}}