{"id":5927,"date":"2019-02-06T12:10:42","date_gmt":"2019-02-06T11:10:42","guid":{"rendered":"https:\/\/www.hotelverdi.net\/contatti\/"},"modified":"2023-06-27T18:11:31","modified_gmt":"2023-06-27T16:11:31","slug":"contact","status":"publish","type":"page","link":"https:\/\/www.abanoverdi.com\/fr\/contact\/","title":{"rendered":"Contact"},"content":{"rendered":"<p>[vc_row][vc_column] <h2 style=\"color:;padding:px;text-align:;font-size:25px;line-height:25px;letter-spacing: px;font-weight:normal\" class=\"   nd_options_first_font \">Demande de renseignements<\/h2> <div style=\"background-color:;height: 20px\" class=\"nicdark_section  \"><\/div>[vc_raw_html]JTNDJTIxLS0lMjBQYXNzZXBhcnRvdXQlMjBmb3JtJTIwLS0lM0UlMEElM0NpZnJhbWUlMjBzcmMlM0QlMjJodHRwcyUzQSUyRiUyRmJvb2tpbmcucGFzc2VwYXJ0b3V0LmNsb3VkJTJGYm9va2luZyUyRmZvcm12MSUzRm9pZFBvcnRhbGUlM0QxNzE0MiUyNmxpbmd1YSUzRGZyJTIyJTIwZnJhbWVib3JkZXIlM0QlMjIwJTIyJTIwd2lkdGglM0QlMjIxMDAlMjUlMjIlMjBoZWlnaHQlM0QlMjI4NzAlMjIlM0UlM0MlMkZpZnJhbWUlM0UlMEElMEElM0MlMjEtLSUyMFBhc3NlcGFydG91dCUyMGVuZCUyMGZvcm0lMjAtLSUzRQ==[\/vc_raw_html]<div style=\"background-color:;height: 20px\" class=\"nicdark_section  \"><\/div>[vc_column_text]<a href=\"https:\/\/www.abanoverdi.com\/privacy\/\">Traitement des donn\u00e9es personnelles (La notice informative ici)<\/a>[\/vc_column_text][\/vc_column][\/vc_row][vc_row][vc_column width=\u00a0\u00bb1\/2&Prime; css=\u00a0\u00bb.vc_custom_1467214267244{padding-top: 10px !important;padding-bottom: 10px !important;}\u00a0\u00bb] <h2 style=\"color:;padding:px;text-align:;font-size:25px;line-height:25px;letter-spacing: px;font-weight:normal\" class=\"   nd_options_first_font \">H\u00f4tel Terme Abano Verdi<\/h2> <div style=\"background-color:;height: 25px\" class=\"nicdark_section  \"><\/div>\n    <div class=\"nd_options_section nd_options_line_height_0  nd_options_text_align_left \">\n        <span style=\"height:1px;width:30px;background-color:#a3a3a3\" class=\"nd_options_display_inline_block\"><\/span>\n    <\/div>\n   <div style=\"background-color:;height: 15px\" class=\"nicdark_section  \"><\/div>[vc_column_text]<\/p>\n<p style=\"font-size: 15px; line-height: 23px;\">Via F. Busonera, n. 200<br \/>\n35031 Abano Terme (PADOUE) ITALIE<br \/>\nT\u00e9l: +39 049 66 76 00<br \/>\nFax: +39 049 66 70 25<\/p>\n<p style=\"font-size: 15px; line-height: 21px;\">E-mail: <a href=\"mailto:info@abanoverdi.com\">info@abanoverdi.com<\/a><\/p>\n<p>[\/vc_column_text]<div style=\"background-color:#f1f1f1;height: 1px\" class=\"nicdark_section  \"><\/div>[\/vc_column][vc_column width=\u00a0\u00bb1\/2&Prime; css=\u00a0\u00bb.vc_custom_1467214272039{padding-top: 10px !important;padding-bottom: 10px !important;}\u00a0\u00bb] <h2 style=\"color:;padding:px;text-align:;font-size:25px;line-height:25px;letter-spacing: px;font-weight:normal\" class=\"   nd_options_first_font \">Suivez-nous sur les r\u00e9seaux sociaux<\/h2> [vc_row_inner][vc_column_inner]<div style=\"background-color:;height: 17px\" class=\"nicdark_section  \"><\/div>[\/vc_column_inner][\/vc_row_inner][vc_row_inner content_placement=\u00a0\u00bbmiddle\u00a0\u00bb css=\u00a0\u00bb.vc_custom_1552037662216{margin-top: 10px !important;margin-right: 10px !important;margin-bottom: 0px !important;margin-left: 10px !important;border-top-width: 5px !important;border-right-width: 5px !important;border-bottom-width: 5px !important;border-left-width: 5px !important;padding-top: 0px !important;padding-bottom: 0px !important;}\u00a0\u00bb][vc_column_inner width=\u00a0\u00bb1\/5&Prime; css=\u00a0\u00bb.vc_custom_1550594759306{background-image: url(\/wp-content\/uploads\/2019\/02\/area-blu-relax-frigidarium.jpg?id=3600) !important;background-position: center !important;background-repeat: no-repeat !important;background-size: cover !important;}\u00a0\u00bb]\n\t<div class=\"nd_options_section nd_options_text_align_center\">\n\t<a style=\"margin:;border: px solid;border-radius:px;background-color:;padding:\" rel=\"\" target=\"_blank\" href=\"https:\/\/www.instagram.com\/hotelabanoverdi\/\" class=\"nicdark_display_inline_block   \"><img class=\"nd_options_float_left\" alt=\"\" width=\"55\" src=\"https:\/\/www.abanoverdi.com\/wp-content\/uploads\/2017\/07\/icon-4.png\"><\/a>\n\t<\/div>\n[\/vc_column_inner][vc_column_inner width=\u00a0\u00bb1\/5&Prime; css=\u00a0\u00bb.vc_custom_1550594903769{background-image: url(\/wp-content\/uploads\/2019\/02\/area-blu-relax-calidarium.jpg?id=3588) !important;background-position: center !important;background-repeat: no-repeat !important;background-size: cover !important;}\u00a0\u00bb]\n\t<div class=\"nd_options_section nd_options_text_align_center\">\n\t<a style=\"margin:;border: px solid;border-radius:px;background-color:;padding:\" rel=\"\" target=\"_blank\" href=\"https:\/\/www.youtube.com\/channel\/UCCqIQp1lBXOEoN7lKyEdnEA\" class=\"nicdark_display_inline_block   \"><img class=\"nd_options_float_left\" alt=\"\" width=\"55\" src=\"https:\/\/www.abanoverdi.com\/wp-content\/uploads\/2017\/07\/icon-8.png\"><\/a>\n\t<\/div>\n[\/vc_column_inner][vc_column_inner width=\u00a0\u00bb1\/5&Prime; css=\u00a0\u00bb.vc_custom_1550594987235{background-image: url(\/wp-content\/uploads\/2019\/02\/piscina-luci-colorate.jpg?id=3291) !important;background-position: center !important;background-repeat: no-repeat !important;background-size: cover !important;}\u00a0\u00bb]\n\t<div class=\"nd_options_section nd_options_text_align_center\">\n\t<a style=\"margin:;border: px solid;border-radius:px;background-color:;padding:\" rel=\"\" target=\"_blank\" href=\"https:\/\/www.facebook.com\/HotelAbanoVerdi\" class=\"nicdark_display_inline_block   \"><img class=\"nd_options_float_left\" alt=\"\" width=\"55\" src=\"https:\/\/www.abanoverdi.com\/wp-content\/uploads\/2017\/07\/icon-6.png\"><\/a>\n\t<\/div>\n[\/vc_column_inner][\/vc_row_inner][vc_row_inner css=\u00a0\u00bb.vc_custom_1552037608556{margin-top: 0px !important;border-top-width: 0px !important;padding-top: 0px !important;}\u00a0\u00bb][vc_column_inner] <h2 style=\"color:;padding:px;text-align:;font-size:25px;line-height:25px;letter-spacing: px;font-weight:normal\" class=\"   nd_options_first_font \">M\u00e9t\u00e9o<\/h2> <div style=\"background-color:;height: 17px\" class=\"nicdark_section  \"><\/div>[vc_single_image image=\u00a0\u00bb5485&Prime; img_size=\u00a0\u00bblarge\u00a0\u00bb onclick=\u00a0\u00bbcustom_link\u00a0\u00bb img_link_target=\u00a0\u00bb_blank\u00a0\u00bb link=\u00a0\u00bbhttp:\/\/www.arpa.veneto.it\/previsioni\/it\/html\/index.php\u00a0\u00bb][\/vc_column_inner][\/vc_row_inner][\/vc_column][\/vc_row][vc_row full_width=\u00a0\u00bbstretch_row_content\u00a0\u00bb][vc_column][vc_gmaps link=\u00a0\u00bb#E-8_JTNDaWZyYW1lJTIwc3JjJTNEJTIyaHR0cHMlM0ElMkYlMkZ3d3cuZ29vZ2xlLmNvbSUyRm1hcHMlMkZlbWJlZCUzRnBiJTNEJTIxMW0xOCUyMTFtMTIlMjExbTMlMjExZDI4MDQuMTYxOTY3NTYxMjEzJTIxMmQxMS43Nzk1MjQ0MTU3NjM5NDYlMjEzZDQ1LjM0NTU0MjY0OTM3Mzg4JTIxMm0zJTIxMWYwJTIxMmYwJTIxM2YwJTIxM20yJTIxMWkxMDI0JTIxMmk3NjglMjE0ZjEzLjElMjEzbTMlMjExbTIlMjExczB4NDc3ZWRlZWJmNTk1OThkOSUyNTNBMHhjYmY3OTRhZjVkNTlhMWE2JTIxMnNIb3RlbCUyQlRlcm1lJTJCQWJhbm8lMkJWZXJkaSUyMTVlMCUyMTNtMiUyMTFzaXQlMjEyc2l0JTIxNHYxNTQ5NDUxMjA1MDAwJTIyJTIwd2lkdGglM0QlMjI2MDAlMjIlMjBoZWlnaHQlM0QlMjI0NTAlMjIlMjBmcmFtZWJvcmRlciUzRCUyMjAlMjIlMjBzdHlsZSUzRCUyMmJvcmRlciUzQTAlMjIlMjBhbGxvd2Z1bGxzY3JlZW4lM0UlM0MlMkZpZnJhbWUlM0U=\u00a0\u00bb][\/vc_column][\/vc_row][vc_row][vc_column width=\u00a0\u00bb1\/3&Prime;][vc_column_text]<\/p>\n<h3>EN VOITURE<\/h3>\n<p><strong>De Bologne: <\/strong><br \/>\nAutoroute BO-PD (A13): sortie Terme Euganee<br \/>\n<strong>De Milan: <\/strong><br \/>\nAutoroute MI-VE (A4): sortie Padoue Ouest<br \/>\n<strong>De Trieste <\/strong><br \/>\nAutoroute TRIESTE-VE (A23 e A4): sortie Padoue Ouest<br \/>\nContinuez en suivant pour le centre d&rsquo;Abano Terme. Suivez les indications pour la \u00ab Casa di Cura Abano Terme \u00bb (h\u00f4pital).[\/vc_column_text][\/vc_column][vc_column width=\u00a0\u00bb1\/3&Prime;][vc_column_text]<\/p>\n<h3>EN TRAIN<\/h3>\n<p>De la gare de Padoue prenez les lignes de bus A, T, M, AT. Une fois \u00e0 Abano Terme, descendez \u00e0 l&rsquo;arr\u00eat \u00abrue A. Volta \u00bb (cot\u00e9 Parc urbain thermal), ou \u00e0 l&rsquo;arr\u00eat \u00ab Casa di Cura Abano Terme \u00bb (h\u00f4pital), rue Martiri d&rsquo;Ungheria. L&rsquo;H\u00f4tel Abano Verdi est situ\u00e9 \u00e0 environ \u00e0 500 m. Une autre solution consiste \u00e0 utiliser le service de taxis que vous pouvez r\u00e9server en appelant l&rsquo;h\u00f4tel directement. De la gare de Montegrotto Terme prenez la ligne de bus M. Une fois \u00e0 Abano Terme, descendez \u00e0 l&rsquo;arr\u00eat \u00ab rue A. Volta\u00bb (cot\u00e9 Parc urbain thermal), ou l&rsquo;arr\u00eat \u00ab Casa di Cura Abano Terme \u00bb (h\u00f4pital), rue Martiri d&rsquo;Ungheria. Poursuivez rue Busonera, n. 200 L&rsquo;H\u00f4tel Abano Verdi est situ\u00e9 \u00e0 environ \u00e0 500 m.[\/vc_column_text][\/vc_column][vc_column width=\u00a0\u00bb1\/3&Prime;][vc_column_text]<\/p>\n<h3>EN AVION<\/h3>\n<p>Les a\u00e9roports les plus proches sont ceux de Venise, V\u00e9rone et Tr\u00e9vise.[\/vc_column_text][vc_row_inner][vc_column_inner][vc_column_text]<\/p>\n<h3>Avantages<\/h3>\n<p>Notre h\u00f4tel est conventionn\u00e9 avec le service taxi et minibus depuis et vers l&rsquo;a\u00e9roport, contactez-nous pour plus d&rsquo;informations sur les avantages tarifaires.[\/vc_column_text][\/vc_column_inner][\/vc_row_inner][\/vc_column][\/vc_row]<\/p>\n","protected":false},"excerpt":{"rendered":"<p>[vc_row][vc_column][vc_raw_html]JTNDJTIxLS0lMjBQYXNzZXBhcnRvdXQlMjBmb3JtJTIwLS0lM0UlMEElM0NpZnJhbWUlMjBzcmMlM0QlMjJodHRwcyUzQSUyRiUyRmJvb2tpbmcucGFzc2VwYXJ0b3V0LmNsb3VkJTJGYm9va2luZyUyRmZvcm12MSUzRm9pZFBvcnRhbGUlM0QxNzE0MiUyNmxpbmd1YSUzRGZyJTIyJTIwZnJhbWVib3JkZXIlM0QlMjIwJTIyJTIwd2lkdGglM0QlMjIxMDAlMjUlMjIlMjBoZWlnaHQlM0QlMjI4NzAlMjIlM0UlM0MlMkZpZnJhbWUlM0UlMEElMEElM0MlMjEtLSUyMFBhc3NlcGFydG91dCUyMGVuZCUyMGZvcm0lMjAtLSUzRQ==[\/vc_raw_html][vc_column_text]Traitement des donn\u00e9es personnelles (La notice informative ici)[\/vc_column_text][\/vc_column][\/vc_row][vc_row][vc_column width=\u00a0\u00bb1\/2&Prime; css=\u00a0\u00bb.vc_custom_1467214267244{padding-top: 10px !important;padding-bottom: 10px !important;}\u00a0\u00bb][vc_column_text] Via F. Busonera, n. 200 35031 Abano Terme (PADOUE) ITALIE T\u00e9l: +39 049 66 76 00 Fax: +39 049 66 70 25 E-mail: info@abanoverdi.com [\/vc_column_text][\/vc_column][vc_column width=\u00a0\u00bb1\/2&Prime; css=\u00a0\u00bb.vc_custom_1467214272039{padding-top: 10px !important;padding-bottom: 10px !important;}\u00a0\u00bb][vc_row_inner][vc_column_inner][\/vc_column_inner][\/vc_row_inner][vc_row_inner content_placement=\u00a0\u00bbmiddle\u00a0\u00bb css=\u00a0\u00bb.vc_custom_1552037662216{margin-top: 10px !important;margin-right: 10px !important;margin-bottom: 0px !important;margin-left: 10px !important;border-top-width: [&hellip;]<\/p>\n","protected":false},"author":2,"featured_media":0,"parent":0,"menu_order":0,"comment_status":"closed","ping_status":"closed","template":"","meta":{"_monsterinsights_skip_tracking":false,"_monsterinsights_sitenote_active":false,"_monsterinsights_sitenote_note":"","_monsterinsights_sitenote_category":0},"yoast_head":"<!-- This site is optimized with the Yoast SEO plugin v18.2 - https:\/\/yoast.com\/wordpress\/plugins\/seo\/ -->\n<title>Contact - Hotel Terme Abano Verdi - Sito Ufficiale Hotel 4* Abano Terme<\/title>\n<meta name=\"description\" content=\"Contact richiesta informazioni, richiesta disponibilit\u00e0, offerte speciali ad Abano Terme. Come raggiungerci.\" \/>\n<meta name=\"robots\" content=\"index, follow, max-snippet:-1, max-image-preview:large, max-video-preview:-1\" \/>\n<link rel=\"canonical\" href=\"https:\/\/www.abanoverdi.com\/fr\/contact\/\" \/>\n<meta property=\"og:locale\" content=\"fr_FR\" \/>\n<meta property=\"og:type\" content=\"article\" \/>\n<meta property=\"og:title\" content=\"Contact - Hotel Terme Abano Verdi - Sito Ufficiale Hotel 4* Abano Terme\" \/>\n<meta property=\"og:description\" content=\"Contact richiesta informazioni, richiesta disponibilit\u00e0, offerte speciali ad Abano Terme. Come raggiungerci.\" \/>\n<meta property=\"og:url\" content=\"https:\/\/www.abanoverdi.com\/fr\/contact\/\" \/>\n<meta property=\"og:site_name\" content=\"Hotel Terme Abano Verdi - Sito Ufficiale Hotel 4* Abano Terme\" \/>\n<meta property=\"article:publisher\" content=\"https:\/\/www.facebook.com\/HotelAbanoVerdi\" \/>\n<meta property=\"article:modified_time\" content=\"2023-06-27T16:11:31+00:00\" \/>\n<meta name=\"twitter:card\" content=\"summary_large_image\" \/>\n<meta name=\"twitter:site\" content=\"@abanoverdi\" \/>\n<meta name=\"twitter:label1\" content=\"Dur\u00e9e de lecture estim\u00e9e\" \/>\n\t<meta name=\"twitter:data1\" content=\"5 minutes\" \/>\n<script type=\"application\/ld+json\" class=\"yoast-schema-graph\">{\"@context\":\"https:\/\/schema.org\",\"@graph\":[{\"@type\":\"Organization\",\"@id\":\"https:\/\/www.abanoverdi.com\/#organization\",\"name\":\"Hotel Terme Abano Verdi\",\"url\":\"https:\/\/www.abanoverdi.com\/\",\"sameAs\":[\"https:\/\/www.facebook.com\/HotelAbanoVerdi\",\"https:\/\/www.instagram.com\/hotelabanoverdi\/\",\"https:\/\/www.youtube.com\/channel\/UCCqIQp1lBXOEoN7lKyEdnEA\/\",\"https:\/\/www.pinterest.it\/HotelAbanoVerdi\/\",\"https:\/\/twitter.com\/abanoverdi\"],\"logo\":{\"@type\":\"ImageObject\",\"@id\":\"https:\/\/www.abanoverdi.com\/#logo\",\"inLanguage\":\"fr-FR\",\"url\":\"https:\/\/www.abanoverdi.com\/wp-content\/uploads\/2018\/11\/logo-verdi-compresso-1.png\",\"contentUrl\":\"https:\/\/www.abanoverdi.com\/wp-content\/uploads\/2018\/11\/logo-verdi-compresso-1.png\",\"width\":206,\"height\":92,\"caption\":\"Hotel Terme Abano Verdi\"},\"image\":{\"@id\":\"https:\/\/www.abanoverdi.com\/#logo\"}},{\"@type\":\"WebSite\",\"@id\":\"https:\/\/www.abanoverdi.com\/#website\",\"url\":\"https:\/\/www.abanoverdi.com\/\",\"name\":\"Hotel Terme Abano Verdi - Sito Ufficiale Hotel 4* Abano Terme\",\"description\":\"Hotel Abano Terme 4 stelle con SPA e Piscine termali\",\"publisher\":{\"@id\":\"https:\/\/www.abanoverdi.com\/#organization\"},\"potentialAction\":[{\"@type\":\"SearchAction\",\"target\":{\"@type\":\"EntryPoint\",\"urlTemplate\":\"https:\/\/www.abanoverdi.com\/?s={search_term_string}\"},\"query-input\":\"required name=search_term_string\"}],\"inLanguage\":\"fr-FR\"},{\"@type\":\"WebPage\",\"@id\":\"https:\/\/www.abanoverdi.com\/fr\/contact\/#webpage\",\"url\":\"https:\/\/www.abanoverdi.com\/fr\/contact\/\",\"name\":\"Contact - Hotel Terme Abano Verdi - Sito Ufficiale Hotel 4* Abano Terme\",\"isPartOf\":{\"@id\":\"https:\/\/www.abanoverdi.com\/#website\"},\"datePublished\":\"2019-02-06T11:10:42+00:00\",\"dateModified\":\"2023-06-27T16:11:31+00:00\",\"description\":\"Contact richiesta informazioni, richiesta disponibilit\u00e0, offerte speciali ad Abano Terme. Come raggiungerci.\",\"breadcrumb\":{\"@id\":\"https:\/\/www.abanoverdi.com\/fr\/contact\/#breadcrumb\"},\"inLanguage\":\"fr-FR\",\"potentialAction\":[{\"@type\":\"ReadAction\",\"target\":[\"https:\/\/www.abanoverdi.com\/fr\/contact\/\"]}]},{\"@type\":\"BreadcrumbList\",\"@id\":\"https:\/\/www.abanoverdi.com\/fr\/contact\/#breadcrumb\",\"itemListElement\":[{\"@type\":\"ListItem\",\"position\":1,\"name\":\"Home\",\"item\":\"https:\/\/www.abanoverdi.com\/fr\/\"},{\"@type\":\"ListItem\",\"position\":2,\"name\":\"Contact\"}]}]}<\/script>\n<!-- \/ Yoast SEO plugin. -->","yoast_head_json":{"title":"Contact - Hotel Terme Abano Verdi - Sito Ufficiale Hotel 4* Abano Terme","description":"Contact richiesta informazioni, richiesta disponibilit\u00e0, offerte speciali ad Abano Terme. Come raggiungerci.","robots":{"index":"index","follow":"follow","max-snippet":"max-snippet:-1","max-image-preview":"max-image-preview:large","max-video-preview":"max-video-preview:-1"},"canonical":"https:\/\/www.abanoverdi.com\/fr\/contact\/","og_locale":"fr_FR","og_type":"article","og_title":"Contact - Hotel Terme Abano Verdi - Sito Ufficiale Hotel 4* Abano Terme","og_description":"Contact richiesta informazioni, richiesta disponibilit\u00e0, offerte speciali ad Abano Terme. Come raggiungerci.","og_url":"https:\/\/www.abanoverdi.com\/fr\/contact\/","og_site_name":"Hotel Terme Abano Verdi - Sito Ufficiale Hotel 4* Abano Terme","article_publisher":"https:\/\/www.facebook.com\/HotelAbanoVerdi","article_modified_time":"2023-06-27T16:11:31+00:00","twitter_card":"summary_large_image","twitter_site":"@abanoverdi","twitter_misc":{"Dur\u00e9e de lecture estim\u00e9e":"5 minutes"},"schema":{"@context":"https:\/\/schema.org","@graph":[{"@type":"Organization","@id":"https:\/\/www.abanoverdi.com\/#organization","name":"Hotel Terme Abano Verdi","url":"https:\/\/www.abanoverdi.com\/","sameAs":["https:\/\/www.facebook.com\/HotelAbanoVerdi","https:\/\/www.instagram.com\/hotelabanoverdi\/","https:\/\/www.youtube.com\/channel\/UCCqIQp1lBXOEoN7lKyEdnEA\/","https:\/\/www.pinterest.it\/HotelAbanoVerdi\/","https:\/\/twitter.com\/abanoverdi"],"logo":{"@type":"ImageObject","@id":"https:\/\/www.abanoverdi.com\/#logo","inLanguage":"fr-FR","url":"https:\/\/www.abanoverdi.com\/wp-content\/uploads\/2018\/11\/logo-verdi-compresso-1.png","contentUrl":"https:\/\/www.abanoverdi.com\/wp-content\/uploads\/2018\/11\/logo-verdi-compresso-1.png","width":206,"height":92,"caption":"Hotel Terme Abano Verdi"},"image":{"@id":"https:\/\/www.abanoverdi.com\/#logo"}},{"@type":"WebSite","@id":"https:\/\/www.abanoverdi.com\/#website","url":"https:\/\/www.abanoverdi.com\/","name":"Hotel Terme Abano Verdi - Sito Ufficiale Hotel 4* Abano Terme","description":"Hotel Abano Terme 4 stelle con SPA e Piscine termali","publisher":{"@id":"https:\/\/www.abanoverdi.com\/#organization"},"potentialAction":[{"@type":"SearchAction","target":{"@type":"EntryPoint","urlTemplate":"https:\/\/www.abanoverdi.com\/?s={search_term_string}"},"query-input":"required name=search_term_string"}],"inLanguage":"fr-FR"},{"@type":"WebPage","@id":"https:\/\/www.abanoverdi.com\/fr\/contact\/#webpage","url":"https:\/\/www.abanoverdi.com\/fr\/contact\/","name":"Contact - Hotel Terme Abano Verdi - Sito Ufficiale Hotel 4* Abano Terme","isPartOf":{"@id":"https:\/\/www.abanoverdi.com\/#website"},"datePublished":"2019-02-06T11:10:42+00:00","dateModified":"2023-06-27T16:11:31+00:00","description":"Contact richiesta informazioni, richiesta disponibilit\u00e0, offerte speciali ad Abano Terme. Come raggiungerci.","breadcrumb":{"@id":"https:\/\/www.abanoverdi.com\/fr\/contact\/#breadcrumb"},"inLanguage":"fr-FR","potentialAction":[{"@type":"ReadAction","target":["https:\/\/www.abanoverdi.com\/fr\/contact\/"]}]},{"@type":"BreadcrumbList","@id":"https:\/\/www.abanoverdi.com\/fr\/contact\/#breadcrumb","itemListElement":[{"@type":"ListItem","position":1,"name":"Home","item":"https:\/\/www.abanoverdi.com\/fr\/"},{"@type":"ListItem","position":2,"name":"Contact"}]}]}},"_links":{"self":[{"href":"https:\/\/www.abanoverdi.com\/fr\/wp-json\/wp\/v2\/pages\/5927"}],"collection":[{"href":"https:\/\/www.abanoverdi.com\/fr\/wp-json\/wp\/v2\/pages"}],"about":[{"href":"https:\/\/www.abanoverdi.com\/fr\/wp-json\/wp\/v2\/types\/page"}],"author":[{"embeddable":true,"href":"https:\/\/www.abanoverdi.com\/fr\/wp-json\/wp\/v2\/users\/2"}],"replies":[{"embeddable":true,"href":"https:\/\/www.abanoverdi.com\/fr\/wp-json\/wp\/v2\/comments?post=5927"}],"version-history":[{"count":12,"href":"https:\/\/www.abanoverdi.com\/fr\/wp-json\/wp\/v2\/pages\/5927\/revisions"}],"predecessor-version":[{"id":12619,"href":"https:\/\/www.abanoverdi.com\/fr\/wp-json\/wp\/v2\/pages\/5927\/revisions\/12619"}],"wp:attachment":[{"href":"https:\/\/www.abanoverdi.com\/fr\/wp-json\/wp\/v2\/media?parent=5927"}],"curies":[{"name":"wp","href":"https:\/\/api.w.org\/{rel}","templated":true}]}}