{"id":5872,"date":"2019-04-02T18:59:00","date_gmt":"2019-04-02T16:59:00","guid":{"rendered":"https:\/\/www.hotelverdi.net\/territorio-e-attivita\/"},"modified":"2019-06-27T18:43:35","modified_gmt":"2019-06-27T16:43:35","slug":"territoire-et-activite","status":"publish","type":"page","link":"https:\/\/www.abanoverdi.com\/fr\/territoire-et-activite\/","title":{"rendered":"Territoire et Activit\u00e9"},"content":{"rendered":"<p>[vc_row][vc_column width=\u00a0\u00bb1\/2&Prime; css=\u00a0\u00bb.vc_custom_1467360650255{margin-top: 10px !important;margin-bottom: 10px !important;padding-top: 0px !important;padding-right: 40px !important;}\u00a0\u00bb]<div style=\"background-color:;height: 10px\" class=\"nicdark_section  \"><\/div> <h2 style=\"color:#727475;padding:px;text-align:right;font-size:40px;line-height:50px;letter-spacing: px;font-weight:normal\" class=\"  nd_options_text_align_center_responsive_important nd_options_first_font \">L' H\u00f4tel Terme Abano Verdi se trouve \u00e0 deux pas du Parc Thermal, un tout r\u00e9cent bijoux de l'architecture contemporaine...<\/h2> <div style=\"background-color:;height: 45px\" class=\"nicdark_section  \"><\/div>[\/vc_column][vc_column width=\u00a0\u00bb1\/2&Prime; css=\u00a0\u00bb.vc_custom_1467207292391{margin-top: 10px !important;margin-bottom: 10px !important;padding-top: 0px !important;}\u00a0\u00bb]<div style=\"background-color:;height: 20px\" class=\"nicdark_section  \"><\/div>[vc_column_text el_class=\u00a0\u00bbnd_options_text_align_center_responsive\u00a0\u00bb]&#8230; qui conduit \u00e0 la c\u00e9l\u00e8bre zone pi\u00e9tonne d&rsquo;Abano Terme riche en magasins, boutiques, \u00e9tablissements et divertissements.<br \/>\n\u00c0 peu de kilom\u00e8tres des <strong>villes d&rsquo;art<\/strong> de <strong>Padoue, Venise et Verona<\/strong> et situ\u00e9 dans le cadre du <strong>Parc R\u00e9gional des Collines Eugan\u00e9ennes<\/strong>, l&rsquo;Hotel offre \u00e0 ses h\u00f4tes la possibilit\u00e9 de revivre l&rsquo;Histoire, l&rsquo;Art et la Tradition des lieux qui ont inspir\u00e9s grands artistes, po\u00e8tes et hommes de lettres de tous les temps, en organisant des <strong>excursions, activit\u00e9s culturelles <strong>et <\/strong>sportives<\/strong>.[\/vc_column_text]<div style=\"background-color:;height: 45px\" class=\"nicdark_section  \"><\/div>[\/vc_column][\/vc_row][vc_row][vc_column width=\u00a0\u00bb1\/2&Prime;]\n\n    <div class=\"  nd_options_section\">\n        \n\n        <div class=\"nd_options_mpopup_gallery\">\n            <a class=\" nd_options_outline_0 nd_options_mpopup_gallery\" href=\"https:\/\/www.abanoverdi.com\/wp-content\/uploads\/2019\/02\/borghi-medioevali-1024x683.jpg\">\n                <img width=\"100%\" alt=\"\" class=\"nd_options_transition_all_08_ease nd_options_opacity_05_hover\" src=\"https:\/\/www.abanoverdi.com\/wp-content\/uploads\/2019\/02\/borghi-medioevali-1024x683.jpg\">\n            <\/a>\n        <\/div>\n\n        \n    <\/div>   \n\n<div style=\"background-color:;height: 10px\" class=\"nicdark_section  \"><\/div> <h3 style=\"color:#727475;padding:px;text-align:;font-size:33px;line-height:38px;letter-spacing: px;font-weight:normal\" class=\"  nd_options_text_align_center_responsive_important nd_options_first_font \">Un territoire \u00e0 vivre en voiture, \u00e0 v\u00e9lo, \u00e0 pied ou \u00e0 cheval :<\/h3> <div style=\"background-color:;height: 10px\" class=\"nicdark_section  \"><\/div>[vc_column_text el_class=\u00a0\u00bbnd_options_text_align_center_responsive\u00a0\u00bb]<strong>Parcours naturalistes et suggestives<\/strong> \u00e9chapp\u00e9es, <strong>villes fortifi\u00e9es<\/strong> et bourgs, <strong>Ch\u00e2teaux et Villas<\/strong> V\u00e9nitiennes pour transformer votre temps libre en un voyage inoubliable, en d\u00e9couvrant de lieux d&rsquo;exception.[\/vc_column_text][\/vc_column][vc_column width=\u00a0\u00bb1\/2&Prime;]\n\n    <div class=\"  nd_options_section\">\n        \n\n        <div class=\"nd_options_mpopup_gallery\">\n            <a class=\" nd_options_outline_0 nd_options_mpopup_gallery\" href=\"https:\/\/www.abanoverdi.com\/wp-content\/uploads\/2019\/02\/mountainbike-1024x683.jpg\">\n                <img width=\"100%\" alt=\"\" class=\"nd_options_transition_all_08_ease nd_options_opacity_05_hover\" src=\"https:\/\/www.abanoverdi.com\/wp-content\/uploads\/2019\/02\/mountainbike-1024x683.jpg\">\n            <\/a>\n        <\/div>\n\n        \n    <\/div>   \n\n<div style=\"background-color:;height: 10px\" class=\"nicdark_section  \"><\/div> <h3 style=\"color:#727475;padding:px;text-align:;font-size:33px;line-height:38px;letter-spacing: px;font-weight:normal\" class=\"  nd_options_text_align_center_responsive_important nd_options_first_font \">Pour les amants des vacances actives il y a l'embarras du choix :<\/h3> <div style=\"background-color:;height: 10px\" class=\"nicdark_section  \"><\/div>[vc_column_text el_class=\u00a0\u00bbnd_options_text_align_center_responsive\u00a0\u00bb]<strong>Cyclotourisme, VTT, randonn\u00e9es \u00e9questres, golf, trekking<\/strong> sont seulement une partie d&rsquo;un tr\u00e8s vaste \u00e9ventail d&rsquo;opportunit\u00e9s que notre territoire offre.[\/vc_column_text][\/vc_column][\/vc_row][vc_row][vc_column]<div style=\"background-color:;height: 35px\" class=\"nicdark_section  \"><\/div>[\/vc_column][\/vc_row][vc_row full_width=\u00a0\u00bbstretch_row\u00a0\u00bb parallax=\u00a0\u00bbcontent-moving\u00a0\u00bb parallax_image=\u00a0\u00bb4784&Prime; css=\u00a0\u00bb.vc_custom_1551283354122{padding-top: 50px !important;padding-bottom: 50px !important;}\u00a0\u00bb][vc_column] <p style=\"color:#ffffff;padding:px;text-align:center;font-size:35px;line-height:40px;letter-spacing: px;font-weight:normal\" class=\"  nd_options_text_align_center_responsive_important nd_options_first_font \">Peu de kilom\u00e8tres de l'H\u00f4tel Verdi Abano trois merveilleux terrains de golf sont \u00e0 votre disposition :<\/p> [vc_row_inner gap=\u00a0\u00bb20&Prime; css=\u00a0\u00bb.vc_custom_1551282438587{padding-top: 35px !important;padding-bottom: 35px !important;}\u00a0\u00bb][vc_column_inner width=\u00a0\u00bb1\/3&Prime; css=\u00a0\u00bb.vc_custom_1551282171281{margin: 20px !important;padding: 10px !important;background-color: rgba(255,255,255,0.89) !important;*background-color: rgb(255,255,255) !important;border: 10px initial !important;}\u00a0\u00bb]\n\n\n  <!--START team-->\n  <div class=\" nd_options_price_team_l4 nd_options_section  nd_options_text_align_center \">\n                                        \n    <!--image-->\n    <div class=\"nd_options_section\">\n        \n        <img alt=\"\" class=\"nd_options_section\" src=\"\">\n\n    <\/div>\n    <!--image-->\n\n\n    <div class=\"nd_options_section nd_options_padding_20 nd_options_box_sizing_border_box\">\n    \n        <h2 class=\"nd_options_margin_0_important\"><strong>Golf Club Frassanelle<\/strong><\/h2>\n        <div class=\"nd_options_section nd_options_height_10\"><\/div> \n        <h6 class=\"nd_options_color_grey nd_options_font_size_12 nd_options_text_transform_uppercase nd_options_letter_spacing_3 nd_options_second_font nd_options_font_weight_lighter\">ROVOLON - PADOUE<\/h6>\n        <div class=\"nd_options_section nd_options_height_20\"><\/div> \n        <p class=\"nd_options_margin_0_important\"><\/p>\n        <div class=\"nd_options_section nd_options_height_20\"><\/div> \n        <a rel=\"\" target=\"_blank\" class=\"nd_options_margin_0_important nd_options_display_inline_block nd_options_color_grey nd_options_border_1_solid_grey nd_options_first_font nd_options_padding_8_12 nd_options_border_radius_20 nd_options_font_size_13\" href=\"https:\/\/www.golffrassanelle.it\/\">www.golffrassanelle.it<\/a>\n\n    <\/div>\n\n  <\/div>\n  <!--END team-->\n\n\n   [\/vc_column_inner][vc_column_inner width=\u00a0\u00bb1\/3&Prime; css=\u00a0\u00bb.vc_custom_1551282178001{margin: 20px !important;padding: 10px !important;background-color: rgba(255,255,255,0.89) !important;*background-color: rgb(255,255,255) !important;border: 10px initial !important;}\u00a0\u00bb]\n\n\n  <!--START team-->\n  <div class=\" nd_options_price_team_l4 nd_options_section  nd_options_text_align_center \">\n                                        \n    <!--image-->\n    <div class=\"nd_options_section\">\n        \n        <img alt=\"\" class=\"nd_options_section\" src=\"\">\n\n    <\/div>\n    <!--image-->\n\n\n    <div class=\"nd_options_section nd_options_padding_20 nd_options_box_sizing_border_box\">\n    \n        <h2 class=\"nd_options_margin_0_important\"><strong>Golf Club Padova<\/strong><\/h2>\n        <div class=\"nd_options_section nd_options_height_10\"><\/div> \n        <h6 class=\"nd_options_color_grey nd_options_font_size_12 nd_options_text_transform_uppercase nd_options_letter_spacing_3 nd_options_second_font nd_options_font_weight_lighter\">GALZIGNANO TERME - PADOUE<\/h6>\n        <div class=\"nd_options_section nd_options_height_20\"><\/div> \n        <p class=\"nd_options_margin_0_important\"><\/p>\n        <div class=\"nd_options_section nd_options_height_20\"><\/div> \n        <a rel=\"\" target=\"_blank\" class=\"nd_options_margin_0_important nd_options_display_inline_block nd_options_color_grey nd_options_border_1_solid_grey nd_options_first_font nd_options_padding_8_12 nd_options_border_radius_20 nd_options_font_size_13\" href=\"https:\/\/www.golfclubpadova.it\">www.golfclubpadova.it<\/a>\n\n    <\/div>\n\n  <\/div>\n  <!--END team-->\n\n\n   [\/vc_column_inner][vc_column_inner width=\u00a0\u00bb1\/3&Prime; css=\u00a0\u00bb.vc_custom_1551282183625{margin: 20px !important;padding: 10px !important;background-color: rgba(255,255,255,0.89) !important;*background-color: rgb(255,255,255) !important;border: 10px initial !important;}\u00a0\u00bb]\n\n\n  <!--START team-->\n  <div class=\" nd_options_price_team_l4 nd_options_section  nd_options_text_align_center \">\n                                        \n    <!--image-->\n    <div class=\"nd_options_section\">\n        \n        <img alt=\"\" class=\"nd_options_section\" src=\"\">\n\n    <\/div>\n    <!--image-->\n\n\n    <div class=\"nd_options_section nd_options_padding_20 nd_options_box_sizing_border_box\">\n    \n        <h2 class=\"nd_options_margin_0_important\"><strong>Golf Club Montecchia<\/strong><\/h2>\n        <div class=\"nd_options_section nd_options_height_10\"><\/div> \n        <h6 class=\"nd_options_color_grey nd_options_font_size_12 nd_options_text_transform_uppercase nd_options_letter_spacing_3 nd_options_second_font nd_options_font_weight_lighter\">SELVAZZANO DENTRO - PADOUE<\/h6>\n        <div class=\"nd_options_section nd_options_height_20\"><\/div> \n        <p class=\"nd_options_margin_0_important\"><\/p>\n        <div class=\"nd_options_section nd_options_height_20\"><\/div> \n        <a rel=\"\" target=\"_blank\" class=\"nd_options_margin_0_important nd_options_display_inline_block nd_options_color_grey nd_options_border_1_solid_grey nd_options_first_font nd_options_padding_8_12 nd_options_border_radius_20 nd_options_font_size_13\" href=\"https:\/\/www.golfmontecchia.it\/\">www.golfmontecchia.it<\/a>\n\n    <\/div>\n\n  <\/div>\n  <!--END team-->\n\n\n   [\/vc_column_inner][\/vc_row_inner][\/vc_column][\/vc_row][vc_row][vc_column]<div style=\"background-color:;height: 55px\" class=\"nicdark_section  \"><\/div>[\/vc_column][\/vc_row][vc_row][vc_column][vc_raw_html css=\u00a0\u00bb.vc_custom_1561653685124{margin-bottom: 0px !important;border-bottom-width: 0px !important;padding-bottom: 0px !important;}\u00a0\u00bb]JTVCaW5jbHVkZS1wYWdlJTIwaWQlM0QlMjIlMkZpbmNsdWRlLWxhc3QtbWludXRlZnIlMjIlNUQ=[\/vc_raw_html][vc_masonry_grid post_type=\u00a0\u00bbpost\u00a0\u00bb max_items=\u00a0\u00bb3&Prime; style=\u00a0\u00bbload-more\u00a0\u00bb item=\u00a0\u00bb6418&Prime; grid_id=\u00a0\u00bbvc_gid:1561653696705-d8110e56-b98a-4&Prime; taxonomies=\u00a0\u00bb44&Prime; css=\u00a0\u00bb.vc_custom_1561466898131{margin-top: 0px !important;border-top-width: 0px !important;padding-top: 25px !important;}\u00a0\u00bb][\/vc_column][\/vc_row][vc_row][vc_column][vc_raw_html]JTVCaW5jbHVkZS1wYWdlJTIwaWQlM0QlMjIlMkZjYWxlbmRhcmlvZnIlMjIlNUQ=[\/vc_raw_html][\/vc_column][\/vc_row]<\/p>\n","protected":false},"excerpt":{"rendered":"<p>[vc_row][vc_column width=\u00a0\u00bb1\/2&Prime; css=\u00a0\u00bb.vc_custom_1467360650255{margin-top: 10px !important;margin-bottom: 10px !important;padding-top: 0px !important;padding-right: 40px !important;}\u00a0\u00bb][\/vc_column][vc_column width=\u00a0\u00bb1\/2&Prime; css=\u00a0\u00bb.vc_custom_1467207292391{margin-top: 10px !important;margin-bottom: 10px !important;padding-top: 0px !important;}\u00a0\u00bb][vc_column_text el_class=\u00a0\u00bbnd_options_text_align_center_responsive\u00a0\u00bb]&#8230; qui conduit \u00e0 la c\u00e9l\u00e8bre zone pi\u00e9tonne d&rsquo;Abano Terme riche en magasins, boutiques, \u00e9tablissements et divertissements. \u00c0 peu de kilom\u00e8tres des villes d&rsquo;art de Padoue, Venise et Verona et situ\u00e9 dans le cadre du Parc [&hellip;]<\/p>\n","protected":false},"author":2,"featured_media":0,"parent":0,"menu_order":0,"comment_status":"closed","ping_status":"closed","template":"","meta":{"_monsterinsights_skip_tracking":false,"_monsterinsights_sitenote_active":false,"_monsterinsights_sitenote_note":"","_monsterinsights_sitenote_category":0},"yoast_head":"<!-- This site is optimized with the Yoast SEO plugin v18.2 - https:\/\/yoast.com\/wordpress\/plugins\/seo\/ -->\n<title>Territoire et Activit\u00e9 - Hotel Terme Abano Verdi - Sito Ufficiale Hotel 4* Abano Terme<\/title>\n<meta name=\"description\" content=\"Territoire et Activit\u00e9 Percorsi naturalistici e scorci suggestivi, borghi medievali, citt\u00e0 murate, castelli e ville venete per il vostro tempo libero.\" \/>\n<meta name=\"robots\" content=\"index, follow, max-snippet:-1, max-image-preview:large, max-video-preview:-1\" \/>\n<link rel=\"canonical\" href=\"https:\/\/www.abanoverdi.com\/fr\/territoire-et-activite\/\" \/>\n<meta property=\"og:locale\" content=\"fr_FR\" \/>\n<meta property=\"og:type\" content=\"article\" \/>\n<meta property=\"og:title\" content=\"Territoire et Activit\u00e9 - Hotel Terme Abano Verdi - Sito Ufficiale Hotel 4* Abano Terme\" \/>\n<meta property=\"og:description\" content=\"Territoire et Activit\u00e9 Percorsi naturalistici e scorci suggestivi, borghi medievali, citt\u00e0 murate, castelli e ville venete per il vostro tempo libero.\" \/>\n<meta property=\"og:url\" content=\"https:\/\/www.abanoverdi.com\/fr\/territoire-et-activite\/\" \/>\n<meta property=\"og:site_name\" content=\"Hotel Terme Abano Verdi - Sito Ufficiale Hotel 4* Abano Terme\" \/>\n<meta property=\"article:publisher\" content=\"https:\/\/www.facebook.com\/HotelAbanoVerdi\" \/>\n<meta property=\"article:modified_time\" content=\"2019-06-27T16:43:35+00:00\" \/>\n<meta name=\"twitter:card\" content=\"summary_large_image\" \/>\n<meta name=\"twitter:site\" content=\"@abanoverdi\" \/>\n<meta name=\"twitter:label1\" content=\"Dur\u00e9e de lecture estim\u00e9e\" \/>\n\t<meta name=\"twitter:data1\" content=\"5 minutes\" \/>\n<script type=\"application\/ld+json\" class=\"yoast-schema-graph\">{\"@context\":\"https:\/\/schema.org\",\"@graph\":[{\"@type\":\"Organization\",\"@id\":\"https:\/\/www.abanoverdi.com\/#organization\",\"name\":\"Hotel Terme Abano Verdi\",\"url\":\"https:\/\/www.abanoverdi.com\/\",\"sameAs\":[\"https:\/\/www.facebook.com\/HotelAbanoVerdi\",\"https:\/\/www.instagram.com\/hotelabanoverdi\/\",\"https:\/\/www.youtube.com\/channel\/UCCqIQp1lBXOEoN7lKyEdnEA\/\",\"https:\/\/www.pinterest.it\/HotelAbanoVerdi\/\",\"https:\/\/twitter.com\/abanoverdi\"],\"logo\":{\"@type\":\"ImageObject\",\"@id\":\"https:\/\/www.abanoverdi.com\/#logo\",\"inLanguage\":\"fr-FR\",\"url\":\"https:\/\/www.abanoverdi.com\/wp-content\/uploads\/2018\/11\/logo-verdi-compresso-1.png\",\"contentUrl\":\"https:\/\/www.abanoverdi.com\/wp-content\/uploads\/2018\/11\/logo-verdi-compresso-1.png\",\"width\":206,\"height\":92,\"caption\":\"Hotel Terme Abano Verdi\"},\"image\":{\"@id\":\"https:\/\/www.abanoverdi.com\/#logo\"}},{\"@type\":\"WebSite\",\"@id\":\"https:\/\/www.abanoverdi.com\/#website\",\"url\":\"https:\/\/www.abanoverdi.com\/\",\"name\":\"Hotel Terme Abano Verdi - Sito Ufficiale Hotel 4* Abano Terme\",\"description\":\"Hotel Abano Terme 4 stelle con SPA e Piscine termali\",\"publisher\":{\"@id\":\"https:\/\/www.abanoverdi.com\/#organization\"},\"potentialAction\":[{\"@type\":\"SearchAction\",\"target\":{\"@type\":\"EntryPoint\",\"urlTemplate\":\"https:\/\/www.abanoverdi.com\/?s={search_term_string}\"},\"query-input\":\"required name=search_term_string\"}],\"inLanguage\":\"fr-FR\"},{\"@type\":\"WebPage\",\"@id\":\"https:\/\/www.abanoverdi.com\/fr\/territoire-et-activite\/#webpage\",\"url\":\"https:\/\/www.abanoverdi.com\/fr\/territoire-et-activite\/\",\"name\":\"Territoire et Activit\u00e9 - Hotel Terme Abano Verdi - Sito Ufficiale Hotel 4* Abano Terme\",\"isPartOf\":{\"@id\":\"https:\/\/www.abanoverdi.com\/#website\"},\"datePublished\":\"2019-04-02T16:59:00+00:00\",\"dateModified\":\"2019-06-27T16:43:35+00:00\",\"description\":\"Territoire et Activit\u00e9 Percorsi naturalistici e scorci suggestivi, borghi medievali, citt\u00e0 murate, castelli e ville venete per il vostro tempo libero.\",\"breadcrumb\":{\"@id\":\"https:\/\/www.abanoverdi.com\/fr\/territoire-et-activite\/#breadcrumb\"},\"inLanguage\":\"fr-FR\",\"potentialAction\":[{\"@type\":\"ReadAction\",\"target\":[\"https:\/\/www.abanoverdi.com\/fr\/territoire-et-activite\/\"]}]},{\"@type\":\"BreadcrumbList\",\"@id\":\"https:\/\/www.abanoverdi.com\/fr\/territoire-et-activite\/#breadcrumb\",\"itemListElement\":[{\"@type\":\"ListItem\",\"position\":1,\"name\":\"Home\",\"item\":\"https:\/\/www.abanoverdi.com\/fr\/\"},{\"@type\":\"ListItem\",\"position\":2,\"name\":\"Territoire et Activit\u00e9\"}]}]}<\/script>\n<!-- \/ Yoast SEO plugin. -->","yoast_head_json":{"title":"Territoire et Activit\u00e9 - Hotel Terme Abano Verdi - Sito Ufficiale Hotel 4* Abano Terme","description":"Territoire et Activit\u00e9 Percorsi naturalistici e scorci suggestivi, borghi medievali, citt\u00e0 murate, castelli e ville venete per il vostro tempo libero.","robots":{"index":"index","follow":"follow","max-snippet":"max-snippet:-1","max-image-preview":"max-image-preview:large","max-video-preview":"max-video-preview:-1"},"canonical":"https:\/\/www.abanoverdi.com\/fr\/territoire-et-activite\/","og_locale":"fr_FR","og_type":"article","og_title":"Territoire et Activit\u00e9 - Hotel Terme Abano Verdi - Sito Ufficiale Hotel 4* Abano Terme","og_description":"Territoire et Activit\u00e9 Percorsi naturalistici e scorci suggestivi, borghi medievali, citt\u00e0 murate, castelli e ville venete per il vostro tempo libero.","og_url":"https:\/\/www.abanoverdi.com\/fr\/territoire-et-activite\/","og_site_name":"Hotel Terme Abano Verdi - Sito Ufficiale Hotel 4* Abano Terme","article_publisher":"https:\/\/www.facebook.com\/HotelAbanoVerdi","article_modified_time":"2019-06-27T16:43:35+00:00","twitter_card":"summary_large_image","twitter_site":"@abanoverdi","twitter_misc":{"Dur\u00e9e de lecture estim\u00e9e":"5 minutes"},"schema":{"@context":"https:\/\/schema.org","@graph":[{"@type":"Organization","@id":"https:\/\/www.abanoverdi.com\/#organization","name":"Hotel Terme Abano Verdi","url":"https:\/\/www.abanoverdi.com\/","sameAs":["https:\/\/www.facebook.com\/HotelAbanoVerdi","https:\/\/www.instagram.com\/hotelabanoverdi\/","https:\/\/www.youtube.com\/channel\/UCCqIQp1lBXOEoN7lKyEdnEA\/","https:\/\/www.pinterest.it\/HotelAbanoVerdi\/","https:\/\/twitter.com\/abanoverdi"],"logo":{"@type":"ImageObject","@id":"https:\/\/www.abanoverdi.com\/#logo","inLanguage":"fr-FR","url":"https:\/\/www.abanoverdi.com\/wp-content\/uploads\/2018\/11\/logo-verdi-compresso-1.png","contentUrl":"https:\/\/www.abanoverdi.com\/wp-content\/uploads\/2018\/11\/logo-verdi-compresso-1.png","width":206,"height":92,"caption":"Hotel Terme Abano Verdi"},"image":{"@id":"https:\/\/www.abanoverdi.com\/#logo"}},{"@type":"WebSite","@id":"https:\/\/www.abanoverdi.com\/#website","url":"https:\/\/www.abanoverdi.com\/","name":"Hotel Terme Abano Verdi - Sito Ufficiale Hotel 4* Abano Terme","description":"Hotel Abano Terme 4 stelle con SPA e Piscine termali","publisher":{"@id":"https:\/\/www.abanoverdi.com\/#organization"},"potentialAction":[{"@type":"SearchAction","target":{"@type":"EntryPoint","urlTemplate":"https:\/\/www.abanoverdi.com\/?s={search_term_string}"},"query-input":"required name=search_term_string"}],"inLanguage":"fr-FR"},{"@type":"WebPage","@id":"https:\/\/www.abanoverdi.com\/fr\/territoire-et-activite\/#webpage","url":"https:\/\/www.abanoverdi.com\/fr\/territoire-et-activite\/","name":"Territoire et Activit\u00e9 - Hotel Terme Abano Verdi - Sito Ufficiale Hotel 4* Abano Terme","isPartOf":{"@id":"https:\/\/www.abanoverdi.com\/#website"},"datePublished":"2019-04-02T16:59:00+00:00","dateModified":"2019-06-27T16:43:35+00:00","description":"Territoire et Activit\u00e9 Percorsi naturalistici e scorci suggestivi, borghi medievali, citt\u00e0 murate, castelli e ville venete per il vostro tempo libero.","breadcrumb":{"@id":"https:\/\/www.abanoverdi.com\/fr\/territoire-et-activite\/#breadcrumb"},"inLanguage":"fr-FR","potentialAction":[{"@type":"ReadAction","target":["https:\/\/www.abanoverdi.com\/fr\/territoire-et-activite\/"]}]},{"@type":"BreadcrumbList","@id":"https:\/\/www.abanoverdi.com\/fr\/territoire-et-activite\/#breadcrumb","itemListElement":[{"@type":"ListItem","position":1,"name":"Home","item":"https:\/\/www.abanoverdi.com\/fr\/"},{"@type":"ListItem","position":2,"name":"Territoire et Activit\u00e9"}]}]}},"_links":{"self":[{"href":"https:\/\/www.abanoverdi.com\/fr\/wp-json\/wp\/v2\/pages\/5872"}],"collection":[{"href":"https:\/\/www.abanoverdi.com\/fr\/wp-json\/wp\/v2\/pages"}],"about":[{"href":"https:\/\/www.abanoverdi.com\/fr\/wp-json\/wp\/v2\/types\/page"}],"author":[{"embeddable":true,"href":"https:\/\/www.abanoverdi.com\/fr\/wp-json\/wp\/v2\/users\/2"}],"replies":[{"embeddable":true,"href":"https:\/\/www.abanoverdi.com\/fr\/wp-json\/wp\/v2\/comments?post=5872"}],"version-history":[{"count":5,"href":"https:\/\/www.abanoverdi.com\/fr\/wp-json\/wp\/v2\/pages\/5872\/revisions"}],"predecessor-version":[{"id":6762,"href":"https:\/\/www.abanoverdi.com\/fr\/wp-json\/wp\/v2\/pages\/5872\/revisions\/6762"}],"wp:attachment":[{"href":"https:\/\/www.abanoverdi.com\/fr\/wp-json\/wp\/v2\/media?parent=5872"}],"curies":[{"name":"wp","href":"https:\/\/api.w.org\/{rel}","templated":true}]}}