{"id":5839,"date":"2018-12-05T19:00:36","date_gmt":"2018-12-05T18:00:36","guid":{"rendered":"https:\/\/www.hotelverdi.net\/last-minute\/"},"modified":"2020-10-01T15:45:17","modified_gmt":"2020-10-01T13:45:17","slug":"last-minute","status":"publish","type":"page","link":"https:\/\/www.abanoverdi.com\/fr\/last-minute\/","title":{"rendered":"Last Minute"},"content":{"rendered":"<p>[vc_row][vc_column][vc_raw_html]JTVCaW5jbHVkZS1wYWdlJTIwaWQlM0QlMjIlMkZpbmNsdWRlLW9mZmVydGFmciUyMiU1RA==[\/vc_raw_html][\/vc_column][\/vc_row][vc_row][vc_column width=\u00a0\u00bb1\/2&Prime;]<div style=\"background-color:;height: 10px\" class=\"nicdark_section  \"><\/div> <h2 style=\"color:#727475;padding:px;text-align:right;font-size:40px;line-height:50px;letter-spacing: px;font-weight:normal\" class=\"  nd_options_text_align_center_responsive_important nd_options_first_font \">Offrez-vous un s\u00e9jour \u00e0 l'h\u00f4tel Terme Abano Verdi, choisissez entre nos offres Last Minute ou contactez-nous pour un devis personnalis\u00e9.<\/h2> <div style=\"background-color:;height: 45px\" class=\"nicdark_section  \"><\/div>[\/vc_column][vc_column width=\u00a0\u00bb1\/2&Prime;]<div style=\"background-color:;height: 20px\" class=\"nicdark_section  \"><\/div>[vc_column_text]Tous les paquets Last Minute comprennent l&rsquo;<strong>acc\u00e8s \u00e0 le Spa<\/strong>, aux <strong>piscines thermales<\/strong> avec des bancs d&rsquo;hydromassage, tonneaux pour hydromassage crois\u00e9, lits avec micro-jets \u00e0 air, ou cascade pour le massage cervicale. <strong>Chaise-longue et pare-soleil<\/strong>, l&rsquo;acc\u00e8s \u00e0 la <strong>grotte aux vapeurs thermales<\/strong> et l&rsquo;<strong>acc\u00e8s au parc<\/strong> sont aussi compris. Cr\u00e9ez-le vous-m\u00eame en ajoutant le traitements extra que vous pr\u00e9f\u00e9rez et demandez-nous un devis.[\/vc_column_text]<div style=\"background-color:;height: 45px\" class=\"nicdark_section  \"><\/div>[\/vc_column][\/vc_row][vc_row][vc_column][vc_masonry_grid post_type=\u00a0\u00bbpost\u00a0\u00bb max_items=\u00a0\u00bb\u00a0\u00bb show_filter=\u00a0\u00bbyes\u00a0\u00bb filter_default_title=\u00a0\u00bb\u00a0\u00bb item=\u00a0\u00bb6418&Prime; grid_id=\u00a0\u00bbvc_gid:1601559901507-658ca3c9-de96-1&Prime; taxonomies=\u00a0\u00bb35&Prime; filter_source=\u00a0\u00bbcategory\u00a0\u00bb][\/vc_column][\/vc_row][vc_row][vc_column][vc_raw_html]JTVCaW5jbHVkZS1wYWdlJTIwaWQlM0QlMjIlMkZjYWxlbmRhcmlvZnIlMjIlNUQ=[\/vc_raw_html][\/vc_column][\/vc_row]<\/p>\n","protected":false},"excerpt":{"rendered":"<p>[vc_row][vc_column][vc_raw_html]JTVCaW5jbHVkZS1wYWdlJTIwaWQlM0QlMjIlMkZpbmNsdWRlLW9mZmVydGFmciUyMiU1RA==[\/vc_raw_html][\/vc_column][\/vc_row][vc_row][vc_column width=\u00a0\u00bb1\/2&Prime;][\/vc_column][vc_column width=\u00a0\u00bb1\/2&Prime;][vc_column_text]Tous les paquets Last Minute comprennent l&rsquo;acc\u00e8s \u00e0 le Spa, aux piscines thermales avec des bancs d&rsquo;hydromassage, tonneaux pour hydromassage crois\u00e9, lits avec micro-jets \u00e0 air, ou cascade pour le massage cervicale. Chaise-longue et pare-soleil, l&rsquo;acc\u00e8s \u00e0 la grotte aux vapeurs thermales et l&rsquo;acc\u00e8s au parc sont aussi compris. Cr\u00e9ez-le vous-m\u00eame en ajoutant [&hellip;]<\/p>\n","protected":false},"author":2,"featured_media":0,"parent":0,"menu_order":0,"comment_status":"closed","ping_status":"closed","template":"","meta":{"_monsterinsights_skip_tracking":false,"_monsterinsights_sitenote_active":false,"_monsterinsights_sitenote_note":"","_monsterinsights_sitenote_category":0},"yoast_head":"<!-- This site is optimized with the Yoast SEO plugin v18.2 - https:\/\/yoast.com\/wordpress\/plugins\/seo\/ -->\n<title>Last Minute offerte in Hotel 4 stelle con piscine termali SPA all inclusive nel prezzo - Hotel Terme Abano Verdi - Sito Ufficiale Hotel 4* Abano Terme<\/title>\n<meta name=\"description\" content=\"Last Minute - Offerte Speciali Last minute ad Abano Terme, vacanza termale lowcost, hotel con piscina, spa, giardino alberato esterno.\" \/>\n<meta name=\"robots\" content=\"index, follow, max-snippet:-1, max-image-preview:large, max-video-preview:-1\" \/>\n<link rel=\"canonical\" href=\"https:\/\/www.abanoverdi.com\/fr\/last-minute\/\" \/>\n<meta property=\"og:locale\" content=\"fr_FR\" \/>\n<meta property=\"og:type\" content=\"article\" \/>\n<meta property=\"og:title\" content=\"Last Minute offerte in Hotel 4 stelle con piscine termali SPA all inclusive nel prezzo - Hotel Terme Abano Verdi - Sito Ufficiale Hotel 4* Abano Terme\" \/>\n<meta property=\"og:description\" content=\"Last Minute - Offerte Speciali Last minute ad Abano Terme, vacanza termale lowcost, hotel con piscina, spa, giardino alberato esterno.\" \/>\n<meta property=\"og:url\" content=\"https:\/\/www.abanoverdi.com\/fr\/last-minute\/\" \/>\n<meta property=\"og:site_name\" content=\"Hotel Terme Abano Verdi - Sito Ufficiale Hotel 4* Abano Terme\" \/>\n<meta property=\"article:publisher\" content=\"https:\/\/www.facebook.com\/HotelAbanoVerdi\" \/>\n<meta property=\"article:modified_time\" content=\"2020-10-01T13:45:17+00:00\" \/>\n<meta name=\"twitter:card\" content=\"summary_large_image\" \/>\n<meta name=\"twitter:site\" content=\"@abanoverdi\" \/>\n<meta name=\"twitter:label1\" content=\"Dur\u00e9e de lecture estim\u00e9e\" \/>\n\t<meta name=\"twitter:data1\" content=\"1 minute\" \/>\n<script type=\"application\/ld+json\" class=\"yoast-schema-graph\">{\"@context\":\"https:\/\/schema.org\",\"@graph\":[{\"@type\":\"Organization\",\"@id\":\"https:\/\/www.abanoverdi.com\/#organization\",\"name\":\"Hotel Terme Abano Verdi\",\"url\":\"https:\/\/www.abanoverdi.com\/\",\"sameAs\":[\"https:\/\/www.facebook.com\/HotelAbanoVerdi\",\"https:\/\/www.instagram.com\/hotelabanoverdi\/\",\"https:\/\/www.youtube.com\/channel\/UCCqIQp1lBXOEoN7lKyEdnEA\/\",\"https:\/\/www.pinterest.it\/HotelAbanoVerdi\/\",\"https:\/\/twitter.com\/abanoverdi\"],\"logo\":{\"@type\":\"ImageObject\",\"@id\":\"https:\/\/www.abanoverdi.com\/#logo\",\"inLanguage\":\"fr-FR\",\"url\":\"https:\/\/www.abanoverdi.com\/wp-content\/uploads\/2018\/11\/logo-verdi-compresso-1.png\",\"contentUrl\":\"https:\/\/www.abanoverdi.com\/wp-content\/uploads\/2018\/11\/logo-verdi-compresso-1.png\",\"width\":206,\"height\":92,\"caption\":\"Hotel Terme Abano Verdi\"},\"image\":{\"@id\":\"https:\/\/www.abanoverdi.com\/#logo\"}},{\"@type\":\"WebSite\",\"@id\":\"https:\/\/www.abanoverdi.com\/#website\",\"url\":\"https:\/\/www.abanoverdi.com\/\",\"name\":\"Hotel Terme Abano Verdi - Sito Ufficiale Hotel 4* Abano Terme\",\"description\":\"Hotel Abano Terme 4 stelle con SPA e Piscine termali\",\"publisher\":{\"@id\":\"https:\/\/www.abanoverdi.com\/#organization\"},\"potentialAction\":[{\"@type\":\"SearchAction\",\"target\":{\"@type\":\"EntryPoint\",\"urlTemplate\":\"https:\/\/www.abanoverdi.com\/?s={search_term_string}\"},\"query-input\":\"required name=search_term_string\"}],\"inLanguage\":\"fr-FR\"},{\"@type\":\"WebPage\",\"@id\":\"https:\/\/www.abanoverdi.com\/fr\/last-minute\/#webpage\",\"url\":\"https:\/\/www.abanoverdi.com\/fr\/last-minute\/\",\"name\":\"Last Minute offerte in Hotel 4 stelle con piscine termali SPA all inclusive nel prezzo - Hotel Terme Abano Verdi - Sito Ufficiale Hotel 4* Abano Terme\",\"isPartOf\":{\"@id\":\"https:\/\/www.abanoverdi.com\/#website\"},\"datePublished\":\"2018-12-05T18:00:36+00:00\",\"dateModified\":\"2020-10-01T13:45:17+00:00\",\"description\":\"Last Minute - Offerte Speciali Last minute ad Abano Terme, vacanza termale lowcost, hotel con piscina, spa, giardino alberato esterno.\",\"breadcrumb\":{\"@id\":\"https:\/\/www.abanoverdi.com\/fr\/last-minute\/#breadcrumb\"},\"inLanguage\":\"fr-FR\",\"potentialAction\":[{\"@type\":\"ReadAction\",\"target\":[\"https:\/\/www.abanoverdi.com\/fr\/last-minute\/\"]}]},{\"@type\":\"BreadcrumbList\",\"@id\":\"https:\/\/www.abanoverdi.com\/fr\/last-minute\/#breadcrumb\",\"itemListElement\":[{\"@type\":\"ListItem\",\"position\":1,\"name\":\"Home\",\"item\":\"https:\/\/www.abanoverdi.com\/fr\/\"},{\"@type\":\"ListItem\",\"position\":2,\"name\":\"Last Minute\"}]}]}<\/script>\n<!-- \/ Yoast SEO plugin. -->","yoast_head_json":{"title":"Last Minute offerte in Hotel 4 stelle con piscine termali SPA all inclusive nel prezzo - Hotel Terme Abano Verdi - Sito Ufficiale Hotel 4* Abano Terme","description":"Last Minute - Offerte Speciali Last minute ad Abano Terme, vacanza termale lowcost, hotel con piscina, spa, giardino alberato esterno.","robots":{"index":"index","follow":"follow","max-snippet":"max-snippet:-1","max-image-preview":"max-image-preview:large","max-video-preview":"max-video-preview:-1"},"canonical":"https:\/\/www.abanoverdi.com\/fr\/last-minute\/","og_locale":"fr_FR","og_type":"article","og_title":"Last Minute offerte in Hotel 4 stelle con piscine termali SPA all inclusive nel prezzo - Hotel Terme Abano Verdi - Sito Ufficiale Hotel 4* Abano Terme","og_description":"Last Minute - Offerte Speciali Last minute ad Abano Terme, vacanza termale lowcost, hotel con piscina, spa, giardino alberato esterno.","og_url":"https:\/\/www.abanoverdi.com\/fr\/last-minute\/","og_site_name":"Hotel Terme Abano Verdi - Sito Ufficiale Hotel 4* Abano Terme","article_publisher":"https:\/\/www.facebook.com\/HotelAbanoVerdi","article_modified_time":"2020-10-01T13:45:17+00:00","twitter_card":"summary_large_image","twitter_site":"@abanoverdi","twitter_misc":{"Dur\u00e9e de lecture estim\u00e9e":"1 minute"},"schema":{"@context":"https:\/\/schema.org","@graph":[{"@type":"Organization","@id":"https:\/\/www.abanoverdi.com\/#organization","name":"Hotel Terme Abano Verdi","url":"https:\/\/www.abanoverdi.com\/","sameAs":["https:\/\/www.facebook.com\/HotelAbanoVerdi","https:\/\/www.instagram.com\/hotelabanoverdi\/","https:\/\/www.youtube.com\/channel\/UCCqIQp1lBXOEoN7lKyEdnEA\/","https:\/\/www.pinterest.it\/HotelAbanoVerdi\/","https:\/\/twitter.com\/abanoverdi"],"logo":{"@type":"ImageObject","@id":"https:\/\/www.abanoverdi.com\/#logo","inLanguage":"fr-FR","url":"https:\/\/www.abanoverdi.com\/wp-content\/uploads\/2018\/11\/logo-verdi-compresso-1.png","contentUrl":"https:\/\/www.abanoverdi.com\/wp-content\/uploads\/2018\/11\/logo-verdi-compresso-1.png","width":206,"height":92,"caption":"Hotel Terme Abano Verdi"},"image":{"@id":"https:\/\/www.abanoverdi.com\/#logo"}},{"@type":"WebSite","@id":"https:\/\/www.abanoverdi.com\/#website","url":"https:\/\/www.abanoverdi.com\/","name":"Hotel Terme Abano Verdi - Sito Ufficiale Hotel 4* Abano Terme","description":"Hotel Abano Terme 4 stelle con SPA e Piscine termali","publisher":{"@id":"https:\/\/www.abanoverdi.com\/#organization"},"potentialAction":[{"@type":"SearchAction","target":{"@type":"EntryPoint","urlTemplate":"https:\/\/www.abanoverdi.com\/?s={search_term_string}"},"query-input":"required name=search_term_string"}],"inLanguage":"fr-FR"},{"@type":"WebPage","@id":"https:\/\/www.abanoverdi.com\/fr\/last-minute\/#webpage","url":"https:\/\/www.abanoverdi.com\/fr\/last-minute\/","name":"Last Minute offerte in Hotel 4 stelle con piscine termali SPA all inclusive nel prezzo - Hotel Terme Abano Verdi - Sito Ufficiale Hotel 4* Abano Terme","isPartOf":{"@id":"https:\/\/www.abanoverdi.com\/#website"},"datePublished":"2018-12-05T18:00:36+00:00","dateModified":"2020-10-01T13:45:17+00:00","description":"Last Minute - Offerte Speciali Last minute ad Abano Terme, vacanza termale lowcost, hotel con piscina, spa, giardino alberato esterno.","breadcrumb":{"@id":"https:\/\/www.abanoverdi.com\/fr\/last-minute\/#breadcrumb"},"inLanguage":"fr-FR","potentialAction":[{"@type":"ReadAction","target":["https:\/\/www.abanoverdi.com\/fr\/last-minute\/"]}]},{"@type":"BreadcrumbList","@id":"https:\/\/www.abanoverdi.com\/fr\/last-minute\/#breadcrumb","itemListElement":[{"@type":"ListItem","position":1,"name":"Home","item":"https:\/\/www.abanoverdi.com\/fr\/"},{"@type":"ListItem","position":2,"name":"Last Minute"}]}]}},"_links":{"self":[{"href":"https:\/\/www.abanoverdi.com\/fr\/wp-json\/wp\/v2\/pages\/5839"}],"collection":[{"href":"https:\/\/www.abanoverdi.com\/fr\/wp-json\/wp\/v2\/pages"}],"about":[{"href":"https:\/\/www.abanoverdi.com\/fr\/wp-json\/wp\/v2\/types\/page"}],"author":[{"embeddable":true,"href":"https:\/\/www.abanoverdi.com\/fr\/wp-json\/wp\/v2\/users\/2"}],"replies":[{"embeddable":true,"href":"https:\/\/www.abanoverdi.com\/fr\/wp-json\/wp\/v2\/comments?post=5839"}],"version-history":[{"count":7,"href":"https:\/\/www.abanoverdi.com\/fr\/wp-json\/wp\/v2\/pages\/5839\/revisions"}],"predecessor-version":[{"id":8806,"href":"https:\/\/www.abanoverdi.com\/fr\/wp-json\/wp\/v2\/pages\/5839\/revisions\/8806"}],"wp:attachment":[{"href":"https:\/\/www.abanoverdi.com\/fr\/wp-json\/wp\/v2\/media?parent=5839"}],"curies":[{"name":"wp","href":"https:\/\/api.w.org\/{rel}","templated":true}]}}