{"id":5736,"date":"2019-02-25T19:06:44","date_gmt":"2019-02-25T18:06:44","guid":{"rendered":"https:\/\/www.hotelverdi.net\/ospitalita\/"},"modified":"2019-06-26T16:57:24","modified_gmt":"2019-06-26T14:57:24","slug":"hospitalite","status":"publish","type":"page","link":"https:\/\/www.abanoverdi.com\/fr\/hospitalite\/","title":{"rendered":"Hospitalit\u00e9 et tradition"},"content":{"rendered":"<p>[vc_row][vc_column width=\u00a0\u00bb1\/2&Prime;]<div style=\"background-color:;height: 10px\" class=\"nicdark_section  \"><\/div> <h2 style=\"color:#727475;padding:px;text-align:right;font-size:40px;line-height:50px;letter-spacing: px;font-weight:normal\" class=\"  nd_options_text_align_center_responsive_important nd_options_first_font \">Savourez l'exp\u00e9rience d'un voyage tout \u00e0 fait nouveau o\u00f9 vous serez bien le seul et unique protagoniste de votre bien-\u00eatre.<\/h2> <div style=\"background-color:;height: 45px\" class=\"nicdark_section  \"><\/div>[\/vc_column][vc_column width=\u00a0\u00bb1\/2&Prime;]<div style=\"background-color:;height: 20px\" class=\"nicdark_section  \"><\/div>[vc_column_text]La <em>Famille Fioraso<\/em> et son personnel sont toujours pr\u00eats \u00e0 vous souhaiter la bienvenue et \u00e0 vous accueillir avec courtoisie et disponibilit\u00e9 pour satisfaire vos exigences, pour que votre s\u00e9jour soit une exp\u00e9rience de qualit\u00e9 dans une atmosph\u00e8re familiale, o\u00f9 le soin des d\u00e9tails n&rsquo;est pas laiss\u00e9 au hasard, avec une attention et disponibilit\u00e9 \u00e0 chaque instant, o\u00f9 l&rsquo;importance du bien-\u00eatre et du relax de chaque h\u00f4te repr\u00e9sente une philosophie de vie.[\/vc_column_text]<div style=\"background-color:;height: 45px\" class=\"nicdark_section  \"><\/div>[\/vc_column][\/vc_row][vc_row full_width=\u00a0\u00bbstretch_row_content\u00a0\u00bb][vc_column][vc_masonry_media_grid element_width=\u00a0\u00bb3&Prime; item=\u00a0\u00bbmediaGrid_Default\u00a0\u00bb grid_id=\u00a0\u00bbvc_gid:1561560870057-8eb70615-26ea-10&Prime; include=\u00a0\u00bb2180,2478,3600,2506&Prime;][\/vc_column][\/vc_row][vc_row][vc_column width=\u00a0\u00bb1\/2&Prime;]<div style=\"background-color:;height: 10px\" class=\"nicdark_section  \"><\/div>[vc_column_text]Accordez-vous le plaisir d&rsquo;appuyer le regard sur les douces collines, avec les parfums intenses que la Nature offre dans l&rsquo;incomparable cadre des <strong>Collines Eugan\u00e9ennes<\/strong>. [\/vc_column_text]<div style=\"background-color:;height: 45px\" class=\"nicdark_section  \"><\/div>[\/vc_column][vc_column width=\u00a0\u00bb1\/2&Prime;]<div style=\"background-color:;height: 10px\" class=\"nicdark_section  \"><\/div>[vc_column_text]Laissez-vous inspirer par ses infinies nuances de vert et, comme un fil d&rsquo;herbe sur la prairie fleurie, laissez-vous bercer par les notes pures de l&rsquo;Air, de la Terre et de l&rsquo;Eau, pour voler au-del\u00e0 des fronti\u00e8res de votre Pens\u00e9e.[\/vc_column_text]<div style=\"background-color:;height: 45px\" class=\"nicdark_section  \"><\/div>[\/vc_column][\/vc_row][vc_row full_width=\u00a0\u00bbstretch_row\u00a0\u00bb parallax=\u00a0\u00bbcontent-moving\u00a0\u00bb parallax_image=\u00a0\u00bb3397&Prime; css=\u00a0\u00bb.vc_custom_1551119378852{margin-top: 0px !important;padding-top: 120px !important;padding-bottom: 180px !important;}\u00a0\u00bb el_class=\u00a0\u00bbnd_options_vc_parallax_filter_2_4&Prime; el_id=\u00a0\u00bbimg\u00a0\u00bb][vc_column width=\u00a0\u00bb1\/6&Prime;][\/vc_column][vc_column width=\u00a0\u00bb2\/3&Prime; el_class=\u00a0\u00bbnd_options_text_align_center\u00a0\u00bb] <p style=\"color:#ffffff;padding:px;text-align:center;font-size:35px;line-height:39px;letter-spacing: px;font-weight:normal\" class=\"  nd_options_font_size_40_important_all_iphone nd_options_first_font \">\u00ab La politesse est donc \u00e0 l'homme ce que la chaleur est \u00e0 la cire. \u00bb<\/p> <div style=\"background-color:;height: 30px\" class=\"nicdark_section  \"><\/div> <p style=\"color:#ffffff;padding:px;text-align:center;font-size:13px;line-height:25px;letter-spacing: 3px;font-weight:lighter\" class=\"   nd_options_second_font \">Arthur Schopenhauer<\/p> <div style=\"background-color:;height: 30px\" class=\"nicdark_section  \"><\/div>[\/vc_column][vc_column width=\u00a0\u00bb1\/6&Prime;][\/vc_column][\/vc_row][vc_row][vc_column]<div style=\"background-color:;height: 55px\" class=\"nicdark_section  \"><\/div> <h3 style=\"color:#727475;padding:px;text-align:center;font-size:35px;line-height:40px;letter-spacing: px;font-weight:normal\" class=\"  nd_options_text_align_center_responsive_important nd_options_first_font \">Le lieu dont vous avez toujours d\u00e9sir\u00e9 d'\u00eatre est ici.<\/h3> <div style=\"background-color:;height: 5px\" class=\"nicdark_section  \"><\/div> <h3 style=\"color:#727475;padding:px;text-align:center;font-size:35px;line-height:40px;letter-spacing: px;font-weight:normal\" class=\"  nd_options_text_align_center_responsive_important nd_options_first_font \">Offrez-vous l'\u00e9motion de vous sentir comme chez vous.<\/h3> [\/vc_column][\/vc_row][vc_row][vc_column]<div style=\"background-color:;height: 55px\" class=\"nicdark_section  \"><\/div>[\/vc_column][\/vc_row][vc_row][vc_column width=\u00a0\u00bb1\/4&Prime;][\/vc_column][vc_column width=\u00a0\u00bb1\/2&Prime;]<div style=\"background-color:;height: 45px\" class=\"nicdark_section  \"><\/div> <h6 style=\"color:#a3a3a3;padding:px;text-align:center;font-size:12px;line-height:12px;letter-spacing: 2px;font-weight:lighter\" class=\"   nd_options_second_font \">DEPUIS 1978<\/h6> <div style=\"background-color:;height: 10px\" class=\"nicdark_section  \"><\/div>\n    <div class=\"nd_options_section nd_options_line_height_0  nd_options_text_align_center \">\n        <span style=\"height:1px;width:30px;background-color:#f1f1f1\" class=\"nd_options_display_inline_block\"><\/span>\n    <\/div>\n   <div style=\"background-color:;height: 30px\" class=\"nicdark_section  \"><\/div> <h3 style=\"color:;padding:px;text-align:center;font-size:40px;line-height:px;letter-spacing: px;font-weight:normal\" class=\"  nd_options_font_size_40_important_all_iphone nd_options_line_height_40_important_all_iphone nd_options_first_font \">L'image de l'hospitalit\u00e9<\/h3> <div style=\"background-color:;height: 30px\" class=\"nicdark_section  \"><\/div>[vc_column_text]<\/p>\n<p style=\"text-align: center;\">La courtoisie et l\u2019atmosph\u00e8re familiale sont les fondements de notre service.<\/p>\n<p style=\"text-align: center;\">En s&rsquo;inspirant du c\u00e9l\u00e8bre choeur du \u00ab <em>Va, pensiero, sull&rsquo;ali dorate \u00bb<\/em>\u00a0du compositeur <em>Giuseppe Verdi<\/em>, notre h\u00f4tel embrasse l&rsquo;id\u00e9e d&rsquo;hospitalit\u00e9 traditionnelle et typiquement italienne et accueille les h\u00f4tes dans une plaisante atmosph\u00e8re qui va \u00ab <em>au de-l\u00e0 de la pens\u00e9e<\/em> \u00bb.<\/p>\n<p>[\/vc_column_text]<div style=\"background-color:;height: 30px\" class=\"nicdark_section  \"><\/div>[\/vc_column][vc_column width=\u00a0\u00bb1\/4&Prime;][\/vc_column][\/vc_row][vc_row full_width=\u00a0\u00bbstretch_row_content_no_spaces\u00a0\u00bb parallax=\u00a0\u00bbcontent-moving\u00a0\u00bb css=\u00a0\u00bb.vc_custom_1552037820942{margin-top: 0px !important;border-top-width: 0px !important;padding-top: 0px !important;background-color: #ebf2f8 !important;}\u00a0\u00bb][vc_column css=\u00a0\u00bb.vc_custom_1549561108218{margin-top: 0px !important;margin-bottom: 0px !important;border-top-width: 0px !important;border-bottom-width: 0px !important;padding-top: 0px !important;padding-bottom: 0px !important;}\u00a0\u00bb][vc_single_image image=\u00a0\u00bb5036&Prime; img_size=\u00a0\u00bbfull\u00a0\u00bb alignment=\u00a0\u00bbcenter\u00a0\u00bb css=\u00a0\u00bb.vc_custom_1551378684296{margin-top: 0px !important;margin-bottom: 0px !important;border-top-width: 0px !important;border-bottom-width: 0px !important;padding-top: 0px !important;padding-bottom: 0px !important;}\u00a0\u00bb][\/vc_column][\/vc_row][vc_row][vc_column][vc_raw_html]JTVCaW5jbHVkZS1wYWdlJTIwaWQlM0QlMjIlMkZjYWxlbmRhcmlvZnIlMjIlNUQ=[\/vc_raw_html][\/vc_column][\/vc_row][vc_row full_width=\u00a0\u00bbstretch_row\u00a0\u00bb el_id=\u00a0\u00bblastminute\u00a0\u00bb css=\u00a0\u00bb.vc_custom_1550251476932{margin-bottom: 0px !important;border-bottom-width: 0px !important;padding-bottom: 0px !important;background-color: #f9f9f9 !important;}\u00a0\u00bb][vc_column][vc_raw_html css=\u00a0\u00bb.vc_custom_1561560856970{margin-bottom: 0px !important;border-bottom-width: 0px !important;padding-bottom: 25px !important;}\u00a0\u00bb]JTVCaW5jbHVkZS1wYWdlJTIwaWQlM0QlMjIlMkZpbmNsdWRlLWxhc3QtbWludXRlZnIlMjIlNUQ=[\/vc_raw_html][vc_masonry_grid post_type=\u00a0\u00bbpost\u00a0\u00bb max_items=\u00a0\u00bb3&Prime; style=\u00a0\u00bbload-more\u00a0\u00bb item=\u00a0\u00bb6418&Prime; grid_id=\u00a0\u00bbvc_gid:1561560870064-552d4965-2372-9&Prime; taxonomies=\u00a0\u00bb44&Prime; css=\u00a0\u00bb.vc_custom_1561466796839{margin-top: 0px !important;border-top-width: 0px !important;padding-top: 0px !important;}\u00a0\u00bb][\/vc_column][\/vc_row]<\/p>\n","protected":false},"excerpt":{"rendered":"<p>[vc_row][vc_column width=\u00a0\u00bb1\/2&Prime;][\/vc_column][vc_column width=\u00a0\u00bb1\/2&Prime;][vc_column_text]La Famille Fioraso et son personnel sont toujours pr\u00eats \u00e0 vous souhaiter la bienvenue et \u00e0 vous accueillir avec courtoisie et disponibilit\u00e9 pour satisfaire vos exigences, pour que votre s\u00e9jour soit une exp\u00e9rience de qualit\u00e9 dans une atmosph\u00e8re familiale, o\u00f9 le soin des d\u00e9tails n&rsquo;est pas laiss\u00e9 au hasard, avec une attention et [&hellip;]<\/p>\n","protected":false},"author":2,"featured_media":0,"parent":0,"menu_order":0,"comment_status":"closed","ping_status":"closed","template":"","meta":{"_monsterinsights_skip_tracking":false,"_monsterinsights_sitenote_active":false,"_monsterinsights_sitenote_note":"","_monsterinsights_sitenote_category":0},"yoast_head":"<!-- This site is optimized with the Yoast SEO plugin v18.2 - https:\/\/yoast.com\/wordpress\/plugins\/seo\/ -->\n<title>Hospitalit\u00e9 et tradition - Hotel Terme Abano Verdi - Sito Ufficiale Hotel 4* Abano Terme<\/title>\n<meta name=\"description\" content=\"Hospitalit\u00e9 et tradition Concediti il piacere di abbandonare lo sguardo sulle dolci colline, accompagnato dai profumi intensi che la Natura regala in questa ineguagliabile cornice dei\u00a0Colli Euganei.\" \/>\n<meta name=\"robots\" content=\"index, follow, max-snippet:-1, max-image-preview:large, max-video-preview:-1\" \/>\n<link rel=\"canonical\" href=\"https:\/\/www.abanoverdi.com\/fr\/hospitalite\/\" \/>\n<meta property=\"og:locale\" content=\"fr_FR\" \/>\n<meta property=\"og:type\" content=\"article\" \/>\n<meta property=\"og:title\" content=\"Hospitalit\u00e9 et tradition - Hotel Terme Abano Verdi - Sito Ufficiale Hotel 4* Abano Terme\" \/>\n<meta property=\"og:description\" content=\"Hospitalit\u00e9 et tradition Concediti il piacere di abbandonare lo sguardo sulle dolci colline, accompagnato dai profumi intensi che la Natura regala in questa ineguagliabile cornice dei\u00a0Colli Euganei.\" \/>\n<meta property=\"og:url\" content=\"https:\/\/www.abanoverdi.com\/fr\/hospitalite\/\" \/>\n<meta property=\"og:site_name\" content=\"Hotel Terme Abano Verdi - Sito Ufficiale Hotel 4* Abano Terme\" \/>\n<meta property=\"article:publisher\" content=\"https:\/\/www.facebook.com\/HotelAbanoVerdi\" \/>\n<meta property=\"article:modified_time\" content=\"2019-06-26T14:57:24+00:00\" \/>\n<meta name=\"twitter:card\" content=\"summary_large_image\" \/>\n<meta name=\"twitter:site\" content=\"@abanoverdi\" \/>\n<meta name=\"twitter:label1\" content=\"Dur\u00e9e de lecture estim\u00e9e\" \/>\n\t<meta name=\"twitter:data1\" content=\"6 minutes\" \/>\n<script type=\"application\/ld+json\" class=\"yoast-schema-graph\">{\"@context\":\"https:\/\/schema.org\",\"@graph\":[{\"@type\":\"Organization\",\"@id\":\"https:\/\/www.abanoverdi.com\/#organization\",\"name\":\"Hotel Terme Abano Verdi\",\"url\":\"https:\/\/www.abanoverdi.com\/\",\"sameAs\":[\"https:\/\/www.facebook.com\/HotelAbanoVerdi\",\"https:\/\/www.instagram.com\/hotelabanoverdi\/\",\"https:\/\/www.youtube.com\/channel\/UCCqIQp1lBXOEoN7lKyEdnEA\/\",\"https:\/\/www.pinterest.it\/HotelAbanoVerdi\/\",\"https:\/\/twitter.com\/abanoverdi\"],\"logo\":{\"@type\":\"ImageObject\",\"@id\":\"https:\/\/www.abanoverdi.com\/#logo\",\"inLanguage\":\"fr-FR\",\"url\":\"https:\/\/www.abanoverdi.com\/wp-content\/uploads\/2018\/11\/logo-verdi-compresso-1.png\",\"contentUrl\":\"https:\/\/www.abanoverdi.com\/wp-content\/uploads\/2018\/11\/logo-verdi-compresso-1.png\",\"width\":206,\"height\":92,\"caption\":\"Hotel Terme Abano Verdi\"},\"image\":{\"@id\":\"https:\/\/www.abanoverdi.com\/#logo\"}},{\"@type\":\"WebSite\",\"@id\":\"https:\/\/www.abanoverdi.com\/#website\",\"url\":\"https:\/\/www.abanoverdi.com\/\",\"name\":\"Hotel Terme Abano Verdi - Sito Ufficiale Hotel 4* Abano Terme\",\"description\":\"Hotel Abano Terme 4 stelle con SPA e Piscine termali\",\"publisher\":{\"@id\":\"https:\/\/www.abanoverdi.com\/#organization\"},\"potentialAction\":[{\"@type\":\"SearchAction\",\"target\":{\"@type\":\"EntryPoint\",\"urlTemplate\":\"https:\/\/www.abanoverdi.com\/?s={search_term_string}\"},\"query-input\":\"required name=search_term_string\"}],\"inLanguage\":\"fr-FR\"},{\"@type\":\"WebPage\",\"@id\":\"https:\/\/www.abanoverdi.com\/fr\/hospitalite\/#webpage\",\"url\":\"https:\/\/www.abanoverdi.com\/fr\/hospitalite\/\",\"name\":\"Hospitalit\u00e9 et tradition - Hotel Terme Abano Verdi - Sito Ufficiale Hotel 4* Abano Terme\",\"isPartOf\":{\"@id\":\"https:\/\/www.abanoverdi.com\/#website\"},\"datePublished\":\"2019-02-25T18:06:44+00:00\",\"dateModified\":\"2019-06-26T14:57:24+00:00\",\"description\":\"Hospitalit\u00e9 et tradition Concediti il piacere di abbandonare lo sguardo sulle dolci colline, accompagnato dai profumi intensi che la Natura regala in questa ineguagliabile cornice dei\u00a0Colli Euganei.\",\"breadcrumb\":{\"@id\":\"https:\/\/www.abanoverdi.com\/fr\/hospitalite\/#breadcrumb\"},\"inLanguage\":\"fr-FR\",\"potentialAction\":[{\"@type\":\"ReadAction\",\"target\":[\"https:\/\/www.abanoverdi.com\/fr\/hospitalite\/\"]}]},{\"@type\":\"BreadcrumbList\",\"@id\":\"https:\/\/www.abanoverdi.com\/fr\/hospitalite\/#breadcrumb\",\"itemListElement\":[{\"@type\":\"ListItem\",\"position\":1,\"name\":\"Home\",\"item\":\"https:\/\/www.abanoverdi.com\/fr\/\"},{\"@type\":\"ListItem\",\"position\":2,\"name\":\"Hospitalit\u00e9 et tradition\"}]}]}<\/script>\n<!-- \/ Yoast SEO plugin. -->","yoast_head_json":{"title":"Hospitalit\u00e9 et tradition - Hotel Terme Abano Verdi - Sito Ufficiale Hotel 4* Abano Terme","description":"Hospitalit\u00e9 et tradition Concediti il piacere di abbandonare lo sguardo sulle dolci colline, accompagnato dai profumi intensi che la Natura regala in questa ineguagliabile cornice dei\u00a0Colli Euganei.","robots":{"index":"index","follow":"follow","max-snippet":"max-snippet:-1","max-image-preview":"max-image-preview:large","max-video-preview":"max-video-preview:-1"},"canonical":"https:\/\/www.abanoverdi.com\/fr\/hospitalite\/","og_locale":"fr_FR","og_type":"article","og_title":"Hospitalit\u00e9 et tradition - Hotel Terme Abano Verdi - Sito Ufficiale Hotel 4* Abano Terme","og_description":"Hospitalit\u00e9 et tradition Concediti il piacere di abbandonare lo sguardo sulle dolci colline, accompagnato dai profumi intensi che la Natura regala in questa ineguagliabile cornice dei\u00a0Colli Euganei.","og_url":"https:\/\/www.abanoverdi.com\/fr\/hospitalite\/","og_site_name":"Hotel Terme Abano Verdi - Sito Ufficiale Hotel 4* Abano Terme","article_publisher":"https:\/\/www.facebook.com\/HotelAbanoVerdi","article_modified_time":"2019-06-26T14:57:24+00:00","twitter_card":"summary_large_image","twitter_site":"@abanoverdi","twitter_misc":{"Dur\u00e9e de lecture estim\u00e9e":"6 minutes"},"schema":{"@context":"https:\/\/schema.org","@graph":[{"@type":"Organization","@id":"https:\/\/www.abanoverdi.com\/#organization","name":"Hotel Terme Abano Verdi","url":"https:\/\/www.abanoverdi.com\/","sameAs":["https:\/\/www.facebook.com\/HotelAbanoVerdi","https:\/\/www.instagram.com\/hotelabanoverdi\/","https:\/\/www.youtube.com\/channel\/UCCqIQp1lBXOEoN7lKyEdnEA\/","https:\/\/www.pinterest.it\/HotelAbanoVerdi\/","https:\/\/twitter.com\/abanoverdi"],"logo":{"@type":"ImageObject","@id":"https:\/\/www.abanoverdi.com\/#logo","inLanguage":"fr-FR","url":"https:\/\/www.abanoverdi.com\/wp-content\/uploads\/2018\/11\/logo-verdi-compresso-1.png","contentUrl":"https:\/\/www.abanoverdi.com\/wp-content\/uploads\/2018\/11\/logo-verdi-compresso-1.png","width":206,"height":92,"caption":"Hotel Terme Abano Verdi"},"image":{"@id":"https:\/\/www.abanoverdi.com\/#logo"}},{"@type":"WebSite","@id":"https:\/\/www.abanoverdi.com\/#website","url":"https:\/\/www.abanoverdi.com\/","name":"Hotel Terme Abano Verdi - Sito Ufficiale Hotel 4* Abano Terme","description":"Hotel Abano Terme 4 stelle con SPA e Piscine termali","publisher":{"@id":"https:\/\/www.abanoverdi.com\/#organization"},"potentialAction":[{"@type":"SearchAction","target":{"@type":"EntryPoint","urlTemplate":"https:\/\/www.abanoverdi.com\/?s={search_term_string}"},"query-input":"required name=search_term_string"}],"inLanguage":"fr-FR"},{"@type":"WebPage","@id":"https:\/\/www.abanoverdi.com\/fr\/hospitalite\/#webpage","url":"https:\/\/www.abanoverdi.com\/fr\/hospitalite\/","name":"Hospitalit\u00e9 et tradition - Hotel Terme Abano Verdi - Sito Ufficiale Hotel 4* Abano Terme","isPartOf":{"@id":"https:\/\/www.abanoverdi.com\/#website"},"datePublished":"2019-02-25T18:06:44+00:00","dateModified":"2019-06-26T14:57:24+00:00","description":"Hospitalit\u00e9 et tradition Concediti il piacere di abbandonare lo sguardo sulle dolci colline, accompagnato dai profumi intensi che la Natura regala in questa ineguagliabile cornice dei\u00a0Colli Euganei.","breadcrumb":{"@id":"https:\/\/www.abanoverdi.com\/fr\/hospitalite\/#breadcrumb"},"inLanguage":"fr-FR","potentialAction":[{"@type":"ReadAction","target":["https:\/\/www.abanoverdi.com\/fr\/hospitalite\/"]}]},{"@type":"BreadcrumbList","@id":"https:\/\/www.abanoverdi.com\/fr\/hospitalite\/#breadcrumb","itemListElement":[{"@type":"ListItem","position":1,"name":"Home","item":"https:\/\/www.abanoverdi.com\/fr\/"},{"@type":"ListItem","position":2,"name":"Hospitalit\u00e9 et tradition"}]}]}},"_links":{"self":[{"href":"https:\/\/www.abanoverdi.com\/fr\/wp-json\/wp\/v2\/pages\/5736"}],"collection":[{"href":"https:\/\/www.abanoverdi.com\/fr\/wp-json\/wp\/v2\/pages"}],"about":[{"href":"https:\/\/www.abanoverdi.com\/fr\/wp-json\/wp\/v2\/types\/page"}],"author":[{"embeddable":true,"href":"https:\/\/www.abanoverdi.com\/fr\/wp-json\/wp\/v2\/users\/2"}],"replies":[{"embeddable":true,"href":"https:\/\/www.abanoverdi.com\/fr\/wp-json\/wp\/v2\/comments?post=5736"}],"version-history":[{"count":9,"href":"https:\/\/www.abanoverdi.com\/fr\/wp-json\/wp\/v2\/pages\/5736\/revisions"}],"predecessor-version":[{"id":6624,"href":"https:\/\/www.abanoverdi.com\/fr\/wp-json\/wp\/v2\/pages\/5736\/revisions\/6624"}],"wp:attachment":[{"href":"https:\/\/www.abanoverdi.com\/fr\/wp-json\/wp\/v2\/media?parent=5736"}],"curies":[{"name":"wp","href":"https:\/\/api.w.org\/{rel}","templated":true}]}}