{"id":7425,"date":"2019-02-25T11:49:42","date_gmt":"2019-02-25T10:49:42","guid":{"rendered":"https:\/\/www.abanoverdi.com\/panta-rhei-cafe\/"},"modified":"2022-01-31T14:34:02","modified_gmt":"2022-01-31T13:34:02","slug":"panta-rhei-cafe","status":"publish","type":"page","link":"https:\/\/www.abanoverdi.com\/en\/panta-rhei-cafe\/","title":{"rendered":"Panta Rhei Caf\u00e9"},"content":{"rendered":"<p>[vc_row][vc_column width=&#8221;6\/12&#8243; css=&#8221;.vc_custom_1467360650255{margin-top: 10px !important;margin-bottom: 10px !important;padding-top: 0px !important;padding-right: 40px !important;}&#8221;]<div style=\"background-color:;height: 10px\" class=\"nicdark_section  \"><\/div> <h2 style=\"color:#727475;padding:px;text-align:right;font-size:40px;line-height:50px;letter-spacing: px;font-weight:normal\" class=\"  nd_options_text_align_center_responsive_important nd_options_first_font \">To fully enjoy every moment of your holidays, don\u2019t forget to spend some time at our Panta rhei Caf\u00e9.<\/h2> <div style=\"background-color:;height: 45px\" class=\"nicdark_section  \"><\/div>[\/vc_column][vc_column width=&#8221;6\/12&#8243; css=&#8221;.vc_custom_1467207292391{margin-top: 10px !important;margin-bottom: 10px !important;padding-top: 0px !important;}&#8221;]<div style=\"background-color:;height: 20px\" class=\"nicdark_section  \"><\/div>[vc_column_text el_class=&#8221;nd_options_text_align_center_responsive&#8221;]The area is dedicated to refreshments with plenty of indoor seating if you love the shade, or in the terrace if you like being in the sun. You will find all the services to enjoy entire days in our swimming-pools for drinking and eating casual fast meals. Moreover, dressing rooms, bathrooms and showers will be available for the guests to make their stay even more relaxing and comfortable.<\/p>\n<blockquote>\n<p style=\"text-align: left;\"><em>\u201cPanta rhei Caf\u00e9: the eternal flow of Wellbeing\u201d<\/em><\/p>\n<\/blockquote>\n<p>[\/vc_column_text]<div style=\"background-color:;height: 45px\" class=\"nicdark_section  \"><\/div>[\/vc_column][\/vc_row][vc_row css=&#8221;.vc_custom_1492510780167{margin-top: 30px !important;}&#8221;][vc_column width=&#8221;1\/3&#8243;]<div style=\"background-color:;height: 10px\" class=\"nicdark_section  \"><\/div>\n\n  <!--START team-->\n  <div class=\" nd_options_team_component_l5 nd_options_section nd_options_box_sizing_border_box  \">    \n    <div class=\"nd_options_section nd_options_position_relative\">\n\n      <img alt=\"\" class=\"nd_options_section\" src=\"https:\/\/www.abanoverdi.com\/wp-content\/uploads\/2019\/08\/panta-rhei-waterfallpool-abano-verdi-1024x682.jpg\">\n\n      <div class=\"nd_options_bg_greydark_alpha_gradient_3 nd_options_position_absolute nd_options_left_0 nd_options_height_100_percentage nd_options_width_100_percentage nd_options_box_sizing_border_box\">\n        <div class=\"nd_options_position_absolute nd_options_bottom_30 nd_options_width_100_percentage nd_options_padding_botttom_0 nd_options_padding_50 nd_options_box_sizing_border_box nd_options_text_align_center\">\n          <h3 class=\"nd_options_color_white\">DRINKS BY THE POOL<\/h3>\n          <div class=\"nd_options_section nd_options_height_10\"><\/div>\n          <h6 class=\"nd_options_color_white\"><strong><\/strong><\/h6>\n        <\/div>\n      <\/div>\n\n    <\/div>\n  <\/div>\n  <!--END team-->\n[\/vc_column][vc_column width=&#8221;1\/3&#8243;]<div style=\"background-color:;height: 10px\" class=\"nicdark_section  \"><\/div>\n\n  <!--START team-->\n  <div class=\" nd_options_team_component_l5 nd_options_section nd_options_box_sizing_border_box  \">    \n    <div class=\"nd_options_section nd_options_position_relative\">\n\n      <img alt=\"\" class=\"nd_options_section\" src=\"https:\/\/www.abanoverdi.com\/wp-content\/uploads\/2019\/02\/gelato3-1024x683.jpg\">\n\n      <div class=\"nd_options_bg_greydark_alpha_gradient_3 nd_options_position_absolute nd_options_left_0 nd_options_height_100_percentage nd_options_width_100_percentage nd_options_box_sizing_border_box\">\n        <div class=\"nd_options_position_absolute nd_options_bottom_30 nd_options_width_100_percentage nd_options_padding_botttom_0 nd_options_padding_50 nd_options_box_sizing_border_box nd_options_text_align_center\">\n          <h3 class=\"nd_options_color_white\">ICE CREAM<\/h3>\n          <div class=\"nd_options_section nd_options_height_10\"><\/div>\n          <h6 class=\"nd_options_color_white\"><strong><\/strong><\/h6>\n        <\/div>\n      <\/div>\n\n    <\/div>\n  <\/div>\n  <!--END team-->\n[\/vc_column][vc_column width=&#8221;1\/3&#8243;]<div style=\"background-color:;height: 10px\" class=\"nicdark_section  \"><\/div>\n\n  <!--START team-->\n  <div class=\" nd_options_team_component_l5 nd_options_section nd_options_box_sizing_border_box  \">    \n    <div class=\"nd_options_section nd_options_position_relative\">\n\n      <img alt=\"\" class=\"nd_options_section\" src=\"https:\/\/www.abanoverdi.com\/wp-content\/uploads\/2019\/02\/frutta-1024x683.jpg\">\n\n      <div class=\"nd_options_bg_greydark_alpha_gradient_3 nd_options_position_absolute nd_options_left_0 nd_options_height_100_percentage nd_options_width_100_percentage nd_options_box_sizing_border_box\">\n        <div class=\"nd_options_position_absolute nd_options_bottom_30 nd_options_width_100_percentage nd_options_padding_botttom_0 nd_options_padding_50 nd_options_box_sizing_border_box nd_options_text_align_center\">\n          <h3 class=\"nd_options_color_white\">SEASONAL FRUIT<\/h3>\n          <div class=\"nd_options_section nd_options_height_10\"><\/div>\n          <h6 class=\"nd_options_color_white\"><strong><\/strong><\/h6>\n        <\/div>\n      <\/div>\n\n    <\/div>\n  <\/div>\n  <!--END team-->\n[\/vc_column][\/vc_row][vc_row][vc_column]<div style=\"background-color:;height: 65px\" class=\"nicdark_section  \"><\/div>[\/vc_column][\/vc_row][vc_row full_width=&#8221;stretch_row_content&#8221;][vc_column][vc_masonry_media_grid element_width=&#8221;3&#8243; item=&#8221;mediaGrid_Default&#8221; grid_id=&#8221;vc_gid:1643636020655-83028405-2575-6&#8243; include=&#8221;7367,7391,7387,7375,7379,7399,7359,7420&#8243;][\/vc_column][\/vc_row][vc_row][vc_column]<div style=\"background-color:;height: 65px\" class=\"nicdark_section  \"><\/div> <h3 style=\"color:#727475;padding:px;text-align:center;font-size:30px;line-height:40px;letter-spacing: px;font-weight:normal\" class=\"  nd_options_text_align_center_responsive_important nd_options_first_font \">Panta Rhei Caf\u00e9: the ideal place for those who love to have fun relaxing.<\/h3> <div style=\"background-color:;height: 55px\" class=\"nicdark_section  \"><\/div>[\/vc_column][\/vc_row][vc_row full_width=&#8221;stretch_row&#8221; parallax=&#8221;content-moving&#8221; parallax_image=&#8221;5669&#8243; css=&#8221;.vc_custom_1553789084509{margin-top: 0px !important;padding-top: 120px !important;padding-bottom: 180px !important;}&#8221; el_class=&#8221;nd_options_vc_parallax_filter_2_4&#8243; el_id=&#8221;img&#8221;][vc_column width=&#8221;1\/6&#8243;][\/vc_column][vc_column width=&#8221;2\/3&#8243; el_class=&#8221;nd_options_text_align_center&#8221;] <p style=\"color:#ffffff;padding:px;text-align:center;font-size:35px;line-height:39px;letter-spacing: px;font-weight:normal\" class=\"  nd_options_font_size_40_important_all_iphone nd_options_first_font \">\u201cChanging, it rests\u201d<\/p> <div style=\"background-color:;height: 30px\" class=\"nicdark_section  \"><\/div> <p style=\"color:#ffffff;padding:px;text-align:center;font-size:13px;line-height:25px;letter-spacing: 3px;font-weight:lighter\" class=\"   nd_options_second_font \">Eraclito<\/p> <div style=\"background-color:;height: 30px\" class=\"nicdark_section  \"><\/div>[\/vc_column][vc_column width=&#8221;1\/6&#8243;][\/vc_column][\/vc_row][vc_row][vc_column]<div style=\"background-color:;height: 25px\" class=\"nicdark_section  \"><\/div>[\/vc_column][\/vc_row][vc_row][vc_column][vc_raw_html css=&#8221;.vc_custom_1567679524592{margin-bottom: 0px !important;border-bottom-width: 0px !important;padding-bottom: 0px !important;}&#8221;]JTVCaW5jbHVkZS1wYWdlJTIwaWQlM0QlMjIlMkZpbmNsdWRlLWxhc3QtbWludXRlZW4lMjIlNUQ=[\/vc_raw_html][vc_masonry_grid post_type=&#8221;post&#8221; max_items=&#8221;3&#8243; style=&#8221;load-more&#8221; item=&#8221;6417&#8243; grid_id=&#8221;vc_gid:1643636020670-ed02d6d2-907f-5&#8243; taxonomies=&#8221;44&#8243; css=&#8221;.vc_custom_1567679550195{margin-top: 0px !important;border-top-width: 0px !important;padding-top: 25px !important;}&#8221;][\/vc_column][\/vc_row][vc_row][vc_column][vc_raw_html]JTVCaW5jbHVkZS1wYWdlJTIwaWQlM0QlMjIlMkZjYWxlbmRhcmlvZW4lMjIlNUQ=[\/vc_raw_html][\/vc_column][\/vc_row]<\/p>\n","protected":false},"excerpt":{"rendered":"<p>[vc_row][vc_column width=&#8221;6\/12&#8243; css=&#8221;.vc_custom_1467360650255{margin-top: 10px !important;margin-bottom: 10px !important;padding-top: 0px !important;padding-right: 40px !important;}&#8221;][\/vc_column][vc_column width=&#8221;6\/12&#8243; css=&#8221;.vc_custom_1467207292391{margin-top: 10px !important;margin-bottom: 10px !important;padding-top: 0px !important;}&#8221;][vc_column_text el_class=&#8221;nd_options_text_align_center_responsive&#8221;]The area is dedicated to refreshments with plenty of indoor seating if you love the shade, or in the terrace if you like being in the sun. You will find all the services to enjoy entire [&hellip;]<\/p>\n","protected":false},"author":2,"featured_media":0,"parent":0,"menu_order":0,"comment_status":"closed","ping_status":"closed","template":"","meta":{"_monsterinsights_skip_tracking":false,"_monsterinsights_sitenote_active":false,"_monsterinsights_sitenote_note":"","_monsterinsights_sitenote_category":0},"yoast_head":"<!-- This site is optimized with the Yoast SEO plugin v18.2 - https:\/\/yoast.com\/wordpress\/plugins\/seo\/ -->\n<title>Panta Rhei Caf\u00e9 - Hotel Terme Abano Verdi - Sito Ufficiale Hotel 4* Abano Terme<\/title>\n<meta name=\"description\" content=\"Panta Rhei Caf\u00e9 Hotel termale ad Abano Terme con caf\u00e8 e bar esterno a bordo piscina completamente rinnovato. Bevande, snack, spuntini veloci.\" \/>\n<meta name=\"robots\" content=\"index, follow, max-snippet:-1, max-image-preview:large, max-video-preview:-1\" \/>\n<link rel=\"canonical\" href=\"https:\/\/www.abanoverdi.com\/en\/panta-rhei-cafe\/\" \/>\n<meta property=\"og:locale\" content=\"en_US\" \/>\n<meta property=\"og:type\" content=\"article\" \/>\n<meta property=\"og:title\" content=\"Panta Rhei Caf\u00e9 - Hotel Terme Abano Verdi - Sito Ufficiale Hotel 4* Abano Terme\" \/>\n<meta property=\"og:description\" content=\"Panta Rhei Caf\u00e9 Hotel termale ad Abano Terme con caf\u00e8 e bar esterno a bordo piscina completamente rinnovato. Bevande, snack, spuntini veloci.\" \/>\n<meta property=\"og:url\" content=\"https:\/\/www.abanoverdi.com\/en\/panta-rhei-cafe\/\" \/>\n<meta property=\"og:site_name\" content=\"Hotel Terme Abano Verdi - Sito Ufficiale Hotel 4* Abano Terme\" \/>\n<meta property=\"article:publisher\" content=\"https:\/\/www.facebook.com\/HotelAbanoVerdi\" \/>\n<meta property=\"article:modified_time\" content=\"2022-01-31T13:34:02+00:00\" \/>\n<meta name=\"twitter:card\" content=\"summary_large_image\" \/>\n<meta name=\"twitter:site\" content=\"@abanoverdi\" \/>\n<meta name=\"twitter:label1\" content=\"Est. reading time\" \/>\n\t<meta name=\"twitter:data1\" content=\"4 minutes\" \/>\n<script type=\"application\/ld+json\" class=\"yoast-schema-graph\">{\"@context\":\"https:\/\/schema.org\",\"@graph\":[{\"@type\":\"Organization\",\"@id\":\"https:\/\/www.abanoverdi.com\/#organization\",\"name\":\"Hotel Terme Abano Verdi\",\"url\":\"https:\/\/www.abanoverdi.com\/\",\"sameAs\":[\"https:\/\/www.facebook.com\/HotelAbanoVerdi\",\"https:\/\/www.instagram.com\/hotelabanoverdi\/\",\"https:\/\/www.youtube.com\/channel\/UCCqIQp1lBXOEoN7lKyEdnEA\/\",\"https:\/\/www.pinterest.it\/HotelAbanoVerdi\/\",\"https:\/\/twitter.com\/abanoverdi\"],\"logo\":{\"@type\":\"ImageObject\",\"@id\":\"https:\/\/www.abanoverdi.com\/#logo\",\"inLanguage\":\"en-US\",\"url\":\"https:\/\/www.abanoverdi.com\/wp-content\/uploads\/2018\/11\/logo-verdi-compresso-1.png\",\"contentUrl\":\"https:\/\/www.abanoverdi.com\/wp-content\/uploads\/2018\/11\/logo-verdi-compresso-1.png\",\"width\":206,\"height\":92,\"caption\":\"Hotel Terme Abano Verdi\"},\"image\":{\"@id\":\"https:\/\/www.abanoverdi.com\/#logo\"}},{\"@type\":\"WebSite\",\"@id\":\"https:\/\/www.abanoverdi.com\/#website\",\"url\":\"https:\/\/www.abanoverdi.com\/\",\"name\":\"Hotel Terme Abano Verdi - Sito Ufficiale Hotel 4* Abano Terme\",\"description\":\"Hotel Abano Terme 4 stelle con SPA e Piscine termali\",\"publisher\":{\"@id\":\"https:\/\/www.abanoverdi.com\/#organization\"},\"potentialAction\":[{\"@type\":\"SearchAction\",\"target\":{\"@type\":\"EntryPoint\",\"urlTemplate\":\"https:\/\/www.abanoverdi.com\/?s={search_term_string}\"},\"query-input\":\"required name=search_term_string\"}],\"inLanguage\":\"en-US\"},{\"@type\":\"WebPage\",\"@id\":\"https:\/\/www.abanoverdi.com\/en\/panta-rhei-cafe\/#webpage\",\"url\":\"https:\/\/www.abanoverdi.com\/en\/panta-rhei-cafe\/\",\"name\":\"Panta Rhei Caf\u00e9 - Hotel Terme Abano Verdi - Sito Ufficiale Hotel 4* Abano Terme\",\"isPartOf\":{\"@id\":\"https:\/\/www.abanoverdi.com\/#website\"},\"datePublished\":\"2019-02-25T10:49:42+00:00\",\"dateModified\":\"2022-01-31T13:34:02+00:00\",\"description\":\"Panta Rhei Caf\u00e9 Hotel termale ad Abano Terme con caf\u00e8 e bar esterno a bordo piscina completamente rinnovato. Bevande, snack, spuntini veloci.\",\"breadcrumb\":{\"@id\":\"https:\/\/www.abanoverdi.com\/en\/panta-rhei-cafe\/#breadcrumb\"},\"inLanguage\":\"en-US\",\"potentialAction\":[{\"@type\":\"ReadAction\",\"target\":[\"https:\/\/www.abanoverdi.com\/en\/panta-rhei-cafe\/\"]}]},{\"@type\":\"BreadcrumbList\",\"@id\":\"https:\/\/www.abanoverdi.com\/en\/panta-rhei-cafe\/#breadcrumb\",\"itemListElement\":[{\"@type\":\"ListItem\",\"position\":1,\"name\":\"Home\",\"item\":\"https:\/\/www.abanoverdi.com\/en\/\"},{\"@type\":\"ListItem\",\"position\":2,\"name\":\"Panta Rhei Caf\u00e9\"}]}]}<\/script>\n<!-- \/ Yoast SEO plugin. -->","yoast_head_json":{"title":"Panta Rhei Caf\u00e9 - Hotel Terme Abano Verdi - Sito Ufficiale Hotel 4* Abano Terme","description":"Panta Rhei Caf\u00e9 Hotel termale ad Abano Terme con caf\u00e8 e bar esterno a bordo piscina completamente rinnovato. Bevande, snack, spuntini veloci.","robots":{"index":"index","follow":"follow","max-snippet":"max-snippet:-1","max-image-preview":"max-image-preview:large","max-video-preview":"max-video-preview:-1"},"canonical":"https:\/\/www.abanoverdi.com\/en\/panta-rhei-cafe\/","og_locale":"en_US","og_type":"article","og_title":"Panta Rhei Caf\u00e9 - Hotel Terme Abano Verdi - Sito Ufficiale Hotel 4* Abano Terme","og_description":"Panta Rhei Caf\u00e9 Hotel termale ad Abano Terme con caf\u00e8 e bar esterno a bordo piscina completamente rinnovato. Bevande, snack, spuntini veloci.","og_url":"https:\/\/www.abanoverdi.com\/en\/panta-rhei-cafe\/","og_site_name":"Hotel Terme Abano Verdi - Sito Ufficiale Hotel 4* Abano Terme","article_publisher":"https:\/\/www.facebook.com\/HotelAbanoVerdi","article_modified_time":"2022-01-31T13:34:02+00:00","twitter_card":"summary_large_image","twitter_site":"@abanoverdi","twitter_misc":{"Est. reading time":"4 minutes"},"schema":{"@context":"https:\/\/schema.org","@graph":[{"@type":"Organization","@id":"https:\/\/www.abanoverdi.com\/#organization","name":"Hotel Terme Abano Verdi","url":"https:\/\/www.abanoverdi.com\/","sameAs":["https:\/\/www.facebook.com\/HotelAbanoVerdi","https:\/\/www.instagram.com\/hotelabanoverdi\/","https:\/\/www.youtube.com\/channel\/UCCqIQp1lBXOEoN7lKyEdnEA\/","https:\/\/www.pinterest.it\/HotelAbanoVerdi\/","https:\/\/twitter.com\/abanoverdi"],"logo":{"@type":"ImageObject","@id":"https:\/\/www.abanoverdi.com\/#logo","inLanguage":"en-US","url":"https:\/\/www.abanoverdi.com\/wp-content\/uploads\/2018\/11\/logo-verdi-compresso-1.png","contentUrl":"https:\/\/www.abanoverdi.com\/wp-content\/uploads\/2018\/11\/logo-verdi-compresso-1.png","width":206,"height":92,"caption":"Hotel Terme Abano Verdi"},"image":{"@id":"https:\/\/www.abanoverdi.com\/#logo"}},{"@type":"WebSite","@id":"https:\/\/www.abanoverdi.com\/#website","url":"https:\/\/www.abanoverdi.com\/","name":"Hotel Terme Abano Verdi - Sito Ufficiale Hotel 4* Abano Terme","description":"Hotel Abano Terme 4 stelle con SPA e Piscine termali","publisher":{"@id":"https:\/\/www.abanoverdi.com\/#organization"},"potentialAction":[{"@type":"SearchAction","target":{"@type":"EntryPoint","urlTemplate":"https:\/\/www.abanoverdi.com\/?s={search_term_string}"},"query-input":"required name=search_term_string"}],"inLanguage":"en-US"},{"@type":"WebPage","@id":"https:\/\/www.abanoverdi.com\/en\/panta-rhei-cafe\/#webpage","url":"https:\/\/www.abanoverdi.com\/en\/panta-rhei-cafe\/","name":"Panta Rhei Caf\u00e9 - Hotel Terme Abano Verdi - Sito Ufficiale Hotel 4* Abano Terme","isPartOf":{"@id":"https:\/\/www.abanoverdi.com\/#website"},"datePublished":"2019-02-25T10:49:42+00:00","dateModified":"2022-01-31T13:34:02+00:00","description":"Panta Rhei Caf\u00e9 Hotel termale ad Abano Terme con caf\u00e8 e bar esterno a bordo piscina completamente rinnovato. Bevande, snack, spuntini veloci.","breadcrumb":{"@id":"https:\/\/www.abanoverdi.com\/en\/panta-rhei-cafe\/#breadcrumb"},"inLanguage":"en-US","potentialAction":[{"@type":"ReadAction","target":["https:\/\/www.abanoverdi.com\/en\/panta-rhei-cafe\/"]}]},{"@type":"BreadcrumbList","@id":"https:\/\/www.abanoverdi.com\/en\/panta-rhei-cafe\/#breadcrumb","itemListElement":[{"@type":"ListItem","position":1,"name":"Home","item":"https:\/\/www.abanoverdi.com\/en\/"},{"@type":"ListItem","position":2,"name":"Panta Rhei Caf\u00e9"}]}]}},"_links":{"self":[{"href":"https:\/\/www.abanoverdi.com\/en\/wp-json\/wp\/v2\/pages\/7425"}],"collection":[{"href":"https:\/\/www.abanoverdi.com\/en\/wp-json\/wp\/v2\/pages"}],"about":[{"href":"https:\/\/www.abanoverdi.com\/en\/wp-json\/wp\/v2\/types\/page"}],"author":[{"embeddable":true,"href":"https:\/\/www.abanoverdi.com\/en\/wp-json\/wp\/v2\/users\/2"}],"replies":[{"embeddable":true,"href":"https:\/\/www.abanoverdi.com\/en\/wp-json\/wp\/v2\/comments?post=7425"}],"version-history":[{"count":6,"href":"https:\/\/www.abanoverdi.com\/en\/wp-json\/wp\/v2\/pages\/7425\/revisions"}],"predecessor-version":[{"id":11198,"href":"https:\/\/www.abanoverdi.com\/en\/wp-json\/wp\/v2\/pages\/7425\/revisions\/11198"}],"wp:attachment":[{"href":"https:\/\/www.abanoverdi.com\/en\/wp-json\/wp\/v2\/media?parent=7425"}],"curies":[{"name":"wp","href":"https:\/\/api.w.org\/{rel}","templated":true}]}}