{"id":8435,"date":"2020-10-01T12:32:18","date_gmt":"2020-10-01T10:32:18","guid":{"rendered":"https:\/\/www.abanoverdi.com\/?page_id=8435"},"modified":"2020-10-06T09:31:31","modified_gmt":"2020-10-06T07:31:31","slug":"spezialangebot","status":"publish","type":"page","link":"https:\/\/www.abanoverdi.com\/de\/spezialangebot\/","title":{"rendered":"Spezialangebot"},"content":{"rendered":"<p>[vc_row][vc_column][vc_single_image image=&#8220;8725&#8243; img_size=&#8220;full&#8220;][\/vc_column][\/vc_row][vc_row][vc_column]<div style=\"background-color:;height: 10px\" class=\"nicdark_section  \"><\/div> <h2 style=\"color:#727475;padding:px;text-align:center;font-size:40px;line-height:50px;letter-spacing: px;font-weight:normal\" class=\"  nd_options_text_align_center_responsive_important nd_options_first_font \">Paket g\u00fcltig vom 27. September bis 2. November 2020<\/h2> <div style=\"background-color:;height: 45px\" class=\"nicdark_section  \"><\/div>[\/vc_column][\/vc_row][vc_row css=&#8220;.vc_custom_1595844665086{background-color: #efefef !important;}&#8220;][vc_column width=&#8220;1\/2&#8243;][vc_single_image image=&#8220;2224&#8243; img_size=&#8220;large&#8220;][\/vc_column][vc_column width=&#8220;1\/2&#8243;][vc_column_text]<\/p>\n<h2><strong>SAMSARA \u2013 PAKET<\/strong><\/h2>\n<p><strong>F\u00fcr einen kurzen Aufenthalt eines romantischen Paares im Thermen<\/strong><br \/>\nPreise pro Person 2020 Getr\u00e4nke ud Kurtaxe ausgeschlossen.[\/vc_column_text][vc_column_text]<\/p>\n<table id=\"pricef\" style=\"width: 100%;\">\n<thead><\/thead>\n<tbody>\n<tr>\n<td class=\"descr\"><strong>7 N\u00e4chte<\/strong><\/td>\n<td class=\"price psx\"><span style=\"font-weight: 300;\">Pro Person ab <\/span><strong>\u20ac 609<\/strong><\/td>\n<\/tr>\n<tr>\n<td class=\"descr\"><strong>6 N\u00e4chte<\/strong><\/td>\n<td class=\"price psx\"><span style=\"font-weight: 300;\">Pro Person ab <\/span><strong>\u20ac 531<\/strong><\/td>\n<\/tr>\n<tr>\n<td class=\"descr\"><strong>5 N\u00e4chte<\/strong><\/td>\n<td class=\"price psx\"><span style=\"font-weight: 300;\">Pro Person ab <\/span><strong>\u20ac 453<\/strong><\/td>\n<\/tr>\n<tr>\n<td class=\"descr\"><strong>4 N\u00e4chte<\/strong><\/td>\n<td class=\"price psx\"><span style=\"font-weight: 300;\">Pro Person ab<\/span><strong>\u20ac 375<\/strong><\/td>\n<\/tr>\n<tr>\n<td class=\"descr\"><strong>3 N\u00e4chte<\/strong><\/td>\n<td class=\"price psx\"><span style=\"font-weight: 300;\">Pro Person ab <\/span><strong>\u20ac 291<\/strong><\/td>\n<\/tr>\n<tr>\n<td class=\"descr\"><strong>2 N\u00e4chte<\/strong><\/td>\n<td class=\"price psx\"><span style=\"font-weight: 300;\">Pro Person ab <\/span><strong>\u20ac 213<\/strong><br \/>\n<span style=\"font-weight: 300;\">+ \u20ac 10,00 mit Ankunft am Freitag<\/span><\/td>\n<\/tr>\n<\/tbody>\n<\/table>\n<p>[\/vc_column_text][vc_column_text]<\/p>\n<h3>&gt;&gt; 10% Erm\u00e4ssigung &lt;&lt;<\/h3>\n<p><strong>auf alle zus\u00e4tzlichen Behandlungen zum Samsara-Paket, die vom Wellnesscenter angeboten werden <em>(nicht \u00fcbertragbar und nicht mit anderen Angeboten kumulierbar)<\/em><\/strong>[\/vc_column_text][vc_column_text]<\/p>\n<h3>Der Preis beinhaltet:<\/h3>\n<ul>\n<li>Doppelzimmer Standard mit Halbpension<\/li>\n<li>1 Entkrampfende Massage f\u00fcr R\u00fccken und Nacken 25 Min.<\/li>\n<li>1 Gesichtsreinigung + Peeling 20\u2019 Min.<\/li>\n<li>SPA KIT (Benutzung Bademantel und Badetuch)<\/li>\n<\/ul>\n<p>[\/vc_column_text][vc_column_text]<\/p>\n<h3>Zuschl\u00e4ge:<\/h3>\n<ul>\n<li>CEinzelzimmerzuschlag 5 + Euro pro Tag<\/li>\n<li>Zuschlag Vollpension 5 + Euro pro Tag und pro Person<\/li>\n<\/ul>\n<p>[\/vc_column_text][\/vc_column][\/vc_row][vc_row css=&#8220;.vc_custom_1595848005328{padding-right: 25px !important;padding-left: 25px !important;background-color: #f4f4f4 !important;}&#8220;][vc_column][vc_column_text]<\/p>\n<h3>Unsere Leistungen im Preis inbegriffen:<\/h3>\n<ul>\n<li><strong>Zugang zum Panta Rhei Terme &amp; Spa von 8.00 Uhr bis 21:00 Uhr (Freitags und Samstags bis 23:00 Uhr)<\/strong> zwei Thermalbecken, die beide mit den Au\u00dfenbecken in Verbindung stehen: Das Thermalbecken, das mit Hydromassageb\u00e4nken, Cross-Micro-Jet-F\u00e4ssern, Sprudelbetten, Halswasserf\u00e4llen und dem neuen Wasserfall mit Ozon-Hydromassagen augestattet ist.<\/li>\n<li><strong>Das Thermalbad Panta Rhei, von 9:30 bis 19:30 Uhr<\/strong>, umfasst den hydrodynamischen Pfad mit Chromotherapie und Aromatherapie: Finnische Sauna, Emotionsdusche, aromatische Seerosen, Frigidarium-Garten und ein ausgestatteter Fitnessraum.<\/li>\n<li><strong>Benutzung von Sonnenbanck und Sonnenschirm<\/strong> inmitten der enspannenden Landschaft des Gartens der Gedanken,<\/li>\n<li><strong>Tischtennis, Fahrradverleih<\/strong>, Intenet Point und Wireless, \u00fcberachter Parkplatz, Internetpoint und WLAN.<\/li>\n<\/ul>\n<p><em>Das Programm kann \u00c4nderungen unterworfen sein<\/em>[\/vc_column_text][\/vc_column][\/vc_row][vc_row equal_height=&#8220;yes&#8220; content_placement=&#8220;middle&#8220; css=&#8220;.vc_custom_1600789858386{background-color: #b22009 !important;background-position: 0 0 !important;background-repeat: no-repeat !important;}&#8220;][vc_column parallax=&#8220;content-moving-fade&#8220; width=&#8220;1\/6&#8243; css=&#8220;.vc_custom_1550225785861{margin-top: 0px !important;margin-right: 0px !important;margin-bottom: 0px !important;margin-left: 0px !important;padding-top: 0px !important;padding-right: 0px !important;padding-bottom: 0px !important;padding-left: 0px !important;background-position: center !important;background-repeat: no-repeat !important;background-size: cover !important;}&#8220;][\/vc_column][vc_column width=&#8220;2\/3&#8243;]<div style=\"background-color:;height: 5px\" class=\"nicdark_section  \"><\/div> <h3 style=\"color:#ffffff;padding:px;text-align:center;font-size:25px;line-height:29px;letter-spacing: px;font-weight:normal\" class=\"  nd_options_font_size_40_important_all_iphone nd_options_line_height_40_important_all_iphone nd_options_first_font \">Nutzen Sie diese au\u00dfergew\u00f6hnlichen Preise!!<\/h3> <div style=\"background-color:;height: 20px\" class=\"nicdark_section  \"><\/div>\n\t<div class=\"nd_options_section nd_options_text_align_center\">\n\t<a style=\"border: px solid;border-radius:px;letter-spacing:2px;line-height:15px;font-size:15px;background-color:#ffffff;padding:15px 35px;margin:;color:#765d41\" rel=\"\" target=\"_blank\" href=\"mailto:info@abanoverdi.com?subject=Richiesta Pacchetto Samsara\" class=\"nicdark_display_inline_block  nd_options_font_weight_bold nd_options_second_font  \">BUCHEN O DER SCHREIBEN SIE UNS, UM IHREN URLAUB ZU PLANEN<\/a>\n\t<\/div>\n<div style=\"background-color:;height: 35px\" class=\"nicdark_section  \"><\/div>[\/vc_column][vc_column width=&#8220;1\/6&#8243;][\/vc_column][\/vc_row][vc_row][vc_column][vc_masonry_media_grid element_width=&#8220;2&#8243; item=&#8220;mediaGrid_Default&#8220; grid_id=&#8220;vc_gid:1601969474496-24af21f0-4437-0&#8243; include=&#8220;7393,7777,7757,7471,7447,7373&#8243;][\/vc_column][\/vc_row][vc_row][vc_column]<div style=\"background-color:;height: 35px\" class=\"nicdark_section  \"><\/div>[vc_raw_html]W2luY2x1ZGUtcGFnZSBpZD0iL2NhbGVuZGFyaW9ERSJd[\/vc_raw_html][\/vc_column][\/vc_row]<\/p>\n","protected":false},"excerpt":{"rendered":"<p>[vc_row][vc_column][vc_single_image image=&#8220;8725&#8243; img_size=&#8220;full&#8220;][\/vc_column][\/vc_row][vc_row][vc_column][\/vc_column][\/vc_row][vc_row css=&#8220;.vc_custom_1595844665086{background-color: #efefef !important;}&#8220;][vc_column width=&#8220;1\/2&#8243;][vc_single_image image=&#8220;2224&#8243; img_size=&#8220;large&#8220;][\/vc_column][vc_column width=&#8220;1\/2&#8243;][vc_column_text] SAMSARA \u2013 PAKET F\u00fcr einen kurzen Aufenthalt eines romantischen Paares im Thermen Preise pro Person 2020 Getr\u00e4nke ud Kurtaxe ausgeschlossen.[\/vc_column_text][vc_column_text] 7 N\u00e4chte Pro Person ab \u20ac 609 6 N\u00e4chte Pro Person ab \u20ac 531 5 N\u00e4chte Pro Person ab \u20ac 453 4 N\u00e4chte Pro Person [&hellip;]<\/p>\n","protected":false},"author":2,"featured_media":0,"parent":0,"menu_order":0,"comment_status":"closed","ping_status":"closed","template":"","meta":{"_monsterinsights_skip_tracking":false,"_monsterinsights_sitenote_active":false,"_monsterinsights_sitenote_note":"","_monsterinsights_sitenote_category":0},"yoast_head":"<!-- This site is optimized with the Yoast SEO plugin v18.2 - https:\/\/yoast.com\/wordpress\/plugins\/seo\/ -->\n<title>Spezialangebot Oktober in Abano Terme - Hotel Terme Abano Verdi - Sito Ufficiale Hotel 4* Abano Terme<\/title>\n<meta name=\"description\" content=\"Spezialangebot Preise Hotel Termale in Abano Terme, renovierte Zimmer, Thermalb\u00e4der, Spa, Wellness- und Sch\u00f6nheitsbehandlungen. Garten mit Sonnenschirmen und Sonnenliegen.\" \/>\n<meta name=\"robots\" content=\"index, follow, max-snippet:-1, max-image-preview:large, max-video-preview:-1\" \/>\n<link rel=\"canonical\" href=\"https:\/\/www.abanoverdi.com\/de\/spezialangebot\/\" \/>\n<meta property=\"og:locale\" content=\"de_DE\" \/>\n<meta property=\"og:type\" content=\"article\" \/>\n<meta property=\"og:title\" content=\"Spezialangebot Oktober in Abano Terme - Hotel Terme Abano Verdi - Sito Ufficiale Hotel 4* Abano Terme\" \/>\n<meta property=\"og:description\" content=\"Spezialangebot Preise Hotel Termale in Abano Terme, renovierte Zimmer, Thermalb\u00e4der, Spa, Wellness- und Sch\u00f6nheitsbehandlungen. Garten mit Sonnenschirmen und Sonnenliegen.\" \/>\n<meta property=\"og:url\" content=\"https:\/\/www.abanoverdi.com\/de\/spezialangebot\/\" \/>\n<meta property=\"og:site_name\" content=\"Hotel Terme Abano Verdi - Sito Ufficiale Hotel 4* Abano Terme\" \/>\n<meta property=\"article:publisher\" content=\"https:\/\/www.facebook.com\/HotelAbanoVerdi\" \/>\n<meta property=\"article:modified_time\" content=\"2020-10-06T07:31:31+00:00\" \/>\n<meta name=\"twitter:card\" content=\"summary_large_image\" \/>\n<meta name=\"twitter:site\" content=\"@abanoverdi\" \/>\n<meta name=\"twitter:label1\" content=\"Gesch\u00e4tzte Lesezeit\" \/>\n\t<meta name=\"twitter:data1\" content=\"3\u00a0Minuten\" \/>\n<script type=\"application\/ld+json\" class=\"yoast-schema-graph\">{\"@context\":\"https:\/\/schema.org\",\"@graph\":[{\"@type\":\"Organization\",\"@id\":\"https:\/\/www.abanoverdi.com\/#organization\",\"name\":\"Hotel Terme Abano Verdi\",\"url\":\"https:\/\/www.abanoverdi.com\/\",\"sameAs\":[\"https:\/\/www.facebook.com\/HotelAbanoVerdi\",\"https:\/\/www.instagram.com\/hotelabanoverdi\/\",\"https:\/\/www.youtube.com\/channel\/UCCqIQp1lBXOEoN7lKyEdnEA\/\",\"https:\/\/www.pinterest.it\/HotelAbanoVerdi\/\",\"https:\/\/twitter.com\/abanoverdi\"],\"logo\":{\"@type\":\"ImageObject\",\"@id\":\"https:\/\/www.abanoverdi.com\/#logo\",\"inLanguage\":\"de\",\"url\":\"https:\/\/www.abanoverdi.com\/wp-content\/uploads\/2018\/11\/logo-verdi-compresso-1.png\",\"contentUrl\":\"https:\/\/www.abanoverdi.com\/wp-content\/uploads\/2018\/11\/logo-verdi-compresso-1.png\",\"width\":206,\"height\":92,\"caption\":\"Hotel Terme Abano Verdi\"},\"image\":{\"@id\":\"https:\/\/www.abanoverdi.com\/#logo\"}},{\"@type\":\"WebSite\",\"@id\":\"https:\/\/www.abanoverdi.com\/#website\",\"url\":\"https:\/\/www.abanoverdi.com\/\",\"name\":\"Hotel Terme Abano Verdi - Sito Ufficiale Hotel 4* Abano Terme\",\"description\":\"Hotel Abano Terme 4 stelle con SPA e Piscine termali\",\"publisher\":{\"@id\":\"https:\/\/www.abanoverdi.com\/#organization\"},\"potentialAction\":[{\"@type\":\"SearchAction\",\"target\":{\"@type\":\"EntryPoint\",\"urlTemplate\":\"https:\/\/www.abanoverdi.com\/?s={search_term_string}\"},\"query-input\":\"required name=search_term_string\"}],\"inLanguage\":\"de\"},{\"@type\":\"WebPage\",\"@id\":\"https:\/\/www.abanoverdi.com\/de\/spezialangebot\/#webpage\",\"url\":\"https:\/\/www.abanoverdi.com\/de\/spezialangebot\/\",\"name\":\"Spezialangebot Oktober in Abano Terme - Hotel Terme Abano Verdi - Sito Ufficiale Hotel 4* Abano Terme\",\"isPartOf\":{\"@id\":\"https:\/\/www.abanoverdi.com\/#website\"},\"datePublished\":\"2020-10-01T10:32:18+00:00\",\"dateModified\":\"2020-10-06T07:31:31+00:00\",\"description\":\"Spezialangebot Preise Hotel Termale in Abano Terme, renovierte Zimmer, Thermalb\u00e4der, Spa, Wellness- und Sch\u00f6nheitsbehandlungen. Garten mit Sonnenschirmen und Sonnenliegen.\",\"breadcrumb\":{\"@id\":\"https:\/\/www.abanoverdi.com\/de\/spezialangebot\/#breadcrumb\"},\"inLanguage\":\"de\",\"potentialAction\":[{\"@type\":\"ReadAction\",\"target\":[\"https:\/\/www.abanoverdi.com\/de\/spezialangebot\/\"]}]},{\"@type\":\"BreadcrumbList\",\"@id\":\"https:\/\/www.abanoverdi.com\/de\/spezialangebot\/#breadcrumb\",\"itemListElement\":[{\"@type\":\"ListItem\",\"position\":1,\"name\":\"Home\",\"item\":\"https:\/\/www.abanoverdi.com\/de\/\"},{\"@type\":\"ListItem\",\"position\":2,\"name\":\"Spezialangebot\"}]}]}<\/script>\n<!-- \/ Yoast SEO plugin. -->","yoast_head_json":{"title":"Spezialangebot Oktober in Abano Terme - Hotel Terme Abano Verdi - Sito Ufficiale Hotel 4* Abano Terme","description":"Spezialangebot Preise Hotel Termale in Abano Terme, renovierte Zimmer, Thermalb\u00e4der, Spa, Wellness- und Sch\u00f6nheitsbehandlungen. Garten mit Sonnenschirmen und Sonnenliegen.","robots":{"index":"index","follow":"follow","max-snippet":"max-snippet:-1","max-image-preview":"max-image-preview:large","max-video-preview":"max-video-preview:-1"},"canonical":"https:\/\/www.abanoverdi.com\/de\/spezialangebot\/","og_locale":"de_DE","og_type":"article","og_title":"Spezialangebot Oktober in Abano Terme - Hotel Terme Abano Verdi - Sito Ufficiale Hotel 4* Abano Terme","og_description":"Spezialangebot Preise Hotel Termale in Abano Terme, renovierte Zimmer, Thermalb\u00e4der, Spa, Wellness- und Sch\u00f6nheitsbehandlungen. Garten mit Sonnenschirmen und Sonnenliegen.","og_url":"https:\/\/www.abanoverdi.com\/de\/spezialangebot\/","og_site_name":"Hotel Terme Abano Verdi - Sito Ufficiale Hotel 4* Abano Terme","article_publisher":"https:\/\/www.facebook.com\/HotelAbanoVerdi","article_modified_time":"2020-10-06T07:31:31+00:00","twitter_card":"summary_large_image","twitter_site":"@abanoverdi","twitter_misc":{"Gesch\u00e4tzte Lesezeit":"3\u00a0Minuten"},"schema":{"@context":"https:\/\/schema.org","@graph":[{"@type":"Organization","@id":"https:\/\/www.abanoverdi.com\/#organization","name":"Hotel Terme Abano Verdi","url":"https:\/\/www.abanoverdi.com\/","sameAs":["https:\/\/www.facebook.com\/HotelAbanoVerdi","https:\/\/www.instagram.com\/hotelabanoverdi\/","https:\/\/www.youtube.com\/channel\/UCCqIQp1lBXOEoN7lKyEdnEA\/","https:\/\/www.pinterest.it\/HotelAbanoVerdi\/","https:\/\/twitter.com\/abanoverdi"],"logo":{"@type":"ImageObject","@id":"https:\/\/www.abanoverdi.com\/#logo","inLanguage":"de","url":"https:\/\/www.abanoverdi.com\/wp-content\/uploads\/2018\/11\/logo-verdi-compresso-1.png","contentUrl":"https:\/\/www.abanoverdi.com\/wp-content\/uploads\/2018\/11\/logo-verdi-compresso-1.png","width":206,"height":92,"caption":"Hotel Terme Abano Verdi"},"image":{"@id":"https:\/\/www.abanoverdi.com\/#logo"}},{"@type":"WebSite","@id":"https:\/\/www.abanoverdi.com\/#website","url":"https:\/\/www.abanoverdi.com\/","name":"Hotel Terme Abano Verdi - Sito Ufficiale Hotel 4* Abano Terme","description":"Hotel Abano Terme 4 stelle con SPA e Piscine termali","publisher":{"@id":"https:\/\/www.abanoverdi.com\/#organization"},"potentialAction":[{"@type":"SearchAction","target":{"@type":"EntryPoint","urlTemplate":"https:\/\/www.abanoverdi.com\/?s={search_term_string}"},"query-input":"required name=search_term_string"}],"inLanguage":"de"},{"@type":"WebPage","@id":"https:\/\/www.abanoverdi.com\/de\/spezialangebot\/#webpage","url":"https:\/\/www.abanoverdi.com\/de\/spezialangebot\/","name":"Spezialangebot Oktober in Abano Terme - Hotel Terme Abano Verdi - Sito Ufficiale Hotel 4* Abano Terme","isPartOf":{"@id":"https:\/\/www.abanoverdi.com\/#website"},"datePublished":"2020-10-01T10:32:18+00:00","dateModified":"2020-10-06T07:31:31+00:00","description":"Spezialangebot Preise Hotel Termale in Abano Terme, renovierte Zimmer, Thermalb\u00e4der, Spa, Wellness- und Sch\u00f6nheitsbehandlungen. Garten mit Sonnenschirmen und Sonnenliegen.","breadcrumb":{"@id":"https:\/\/www.abanoverdi.com\/de\/spezialangebot\/#breadcrumb"},"inLanguage":"de","potentialAction":[{"@type":"ReadAction","target":["https:\/\/www.abanoverdi.com\/de\/spezialangebot\/"]}]},{"@type":"BreadcrumbList","@id":"https:\/\/www.abanoverdi.com\/de\/spezialangebot\/#breadcrumb","itemListElement":[{"@type":"ListItem","position":1,"name":"Home","item":"https:\/\/www.abanoverdi.com\/de\/"},{"@type":"ListItem","position":2,"name":"Spezialangebot"}]}]}},"_links":{"self":[{"href":"https:\/\/www.abanoverdi.com\/de\/wp-json\/wp\/v2\/pages\/8435"}],"collection":[{"href":"https:\/\/www.abanoverdi.com\/de\/wp-json\/wp\/v2\/pages"}],"about":[{"href":"https:\/\/www.abanoverdi.com\/de\/wp-json\/wp\/v2\/types\/page"}],"author":[{"embeddable":true,"href":"https:\/\/www.abanoverdi.com\/de\/wp-json\/wp\/v2\/users\/2"}],"replies":[{"embeddable":true,"href":"https:\/\/www.abanoverdi.com\/de\/wp-json\/wp\/v2\/comments?post=8435"}],"version-history":[{"count":8,"href":"https:\/\/www.abanoverdi.com\/de\/wp-json\/wp\/v2\/pages\/8435\/revisions"}],"predecessor-version":[{"id":8814,"href":"https:\/\/www.abanoverdi.com\/de\/wp-json\/wp\/v2\/pages\/8435\/revisions\/8814"}],"wp:attachment":[{"href":"https:\/\/www.abanoverdi.com\/de\/wp-json\/wp\/v2\/media?parent=8435"}],"curies":[{"name":"wp","href":"https:\/\/api.w.org\/{rel}","templated":true}]}}