{"id":7498,"date":"2019-02-25T17:22:32","date_gmt":"2019-02-25T16:22:32","guid":{"rendered":"https:\/\/www.abanoverdi.com\/giardino-dei-pensieri\/"},"modified":"2019-09-05T16:23:21","modified_gmt":"2019-09-05T14:23:21","slug":"giardino-dei-pensieri","status":"publish","type":"page","link":"https:\/\/www.abanoverdi.com\/de\/giardino-dei-pensieri\/","title":{"rendered":"Giardino dei pensieri"},"content":{"rendered":"<p>[vc_row][vc_column width=&#8220;1\/2&#8243; css=&#8220;.vc_custom_1467360650255{margin-top: 10px !important;margin-bottom: 10px !important;padding-top: 0px !important;padding-right: 40px !important;}&#8220;]<div style=\"background-color:;height: 10px\" class=\"nicdark_section  \"><\/div> <h2 style=\"color:#727475;padding:px;text-align:right;font-size:40px;line-height:50px;letter-spacing: px;font-weight:normal\" class=\"  nd_options_text_align_center_responsive_important nd_options_first_font \">Der Raum f\u00fcr diejenigen, die das Wunder der eigenen Gef\u00fchle wiederentdecken wollen<\/h2> <div style=\"background-color:;height: 30px\" class=\"nicdark_section  \"><\/div>[\/vc_column][vc_column width=&#8220;1\/2&#8243; css=&#8220;.vc_custom_1467207292391{margin-top: 10px !important;margin-bottom: 10px !important;padding-top: 0px !important;}&#8220;]<div style=\"background-color:;height: 20px\" class=\"nicdark_section  \"><\/div>[vc_column_text el_class=&#8220;nd_options_text_align_center_responsive&#8220;]Wenn Sie einen Urlaub suchen, der k\u00f6rperliches und inneres Wohlbefinden vereinigt, laden wir Sie ein, unseren neuen \u00a0Giardino dei pensieri\u00a0 zu genie\u00dfen. Eine \u00fcppig bepflanzte \u00a0Gr\u00fcnfl\u00e4che\u00a0, auf der Sie sich entspannen und Kontakt zu Ihrem inneren Gleichgewicht wiederfinden k\u00f6nnen.\u00a0Liegen, Sonnenschirme, Pavillons\u00a0, alles um den Sommer in vollen Z\u00fcgen zu genie\u00dfen. Lassen Sie sich von der frischen Brise der Euganeischen H\u00fcgel verzaubern, w\u00e4hrend Sie in unsere \u00a0Thermalb\u00e4der\u00a0 mit unterschiedlichen Temperaturen eintauchen.[\/vc_column_text]<div style=\"background-color:;height: 25px\" class=\"nicdark_section  \"><\/div>[\/vc_column][\/vc_row][vc_row css=&#8220;.vc_custom_1492510780167{margin-top: 30px !important;}&#8220;][vc_column width=&#8220;1\/3&#8243;]\n\n  <!--START team-->\n  <div class=\" nd_options_team_component_l5 nd_options_section nd_options_box_sizing_border_box  \">    \n    <div class=\"nd_options_section nd_options_position_relative\">\n\n      <img alt=\"\" class=\"nd_options_section\" src=\"https:\/\/www.abanoverdi.com\/wp-content\/uploads\/2019\/02\/pompeiane-1024x683.jpg\">\n\n      <div class=\"nd_options_bg_greydark_alpha_gradient_3 nd_options_position_absolute nd_options_left_0 nd_options_height_100_percentage nd_options_width_100_percentage nd_options_box_sizing_border_box\">\n        <div class=\"nd_options_position_absolute nd_options_bottom_30 nd_options_width_100_percentage nd_options_padding_botttom_0 nd_options_padding_50 nd_options_box_sizing_border_box nd_options_text_align_center\">\n          <h3 class=\"nd_options_color_white\">GAZEBO F\u00dcR RUHE<\/h3>\n          <div class=\"nd_options_section nd_options_height_10\"><\/div>\n          <h6 class=\"nd_options_color_white\"><strong><\/strong><\/h6>\n        <\/div>\n      <\/div>\n\n    <\/div>\n  <\/div>\n  <!--END team-->\n<div style=\"background-color:;height: 45px\" class=\"nicdark_section  \"><\/div>[\/vc_column][vc_column width=&#8220;1\/3&#8243;]\n\n  <!--START team-->\n  <div class=\" nd_options_team_component_l5 nd_options_section nd_options_box_sizing_border_box  \">    \n    <div class=\"nd_options_section nd_options_position_relative\">\n\n      <img alt=\"\" class=\"nd_options_section\" src=\"https:\/\/www.abanoverdi.com\/wp-content\/uploads\/2019\/02\/giardino-ombrelloni-1024x683.jpg\">\n\n      <div class=\"nd_options_bg_greydark_alpha_gradient_3 nd_options_position_absolute nd_options_left_0 nd_options_height_100_percentage nd_options_width_100_percentage nd_options_box_sizing_border_box\">\n        <div class=\"nd_options_position_absolute nd_options_bottom_30 nd_options_width_100_percentage nd_options_padding_botttom_0 nd_options_padding_50 nd_options_box_sizing_border_box nd_options_text_align_center\">\n          <h3 class=\"nd_options_color_white\">SONNENSCHIRME UND GR\u00dcNFL\u00c4CHE<\/h3>\n          <div class=\"nd_options_section nd_options_height_10\"><\/div>\n          <h6 class=\"nd_options_color_white\"><strong><\/strong><\/h6>\n        <\/div>\n      <\/div>\n\n    <\/div>\n  <\/div>\n  <!--END team-->\n<div style=\"background-color:;height: 60px\" class=\"nicdark_section  \"><\/div>[\/vc_column][vc_column width=&#8220;1\/3&#8243;]\n\n  <!--START team-->\n  <div class=\" nd_options_team_component_l5 nd_options_section nd_options_box_sizing_border_box  \">    \n    <div class=\"nd_options_section nd_options_position_relative\">\n\n      <img alt=\"\" class=\"nd_options_section\" src=\"https:\/\/www.abanoverdi.com\/wp-content\/uploads\/2019\/07\/giardino-piscina-2-1024x683.jpg\">\n\n      <div class=\"nd_options_bg_greydark_alpha_gradient_3 nd_options_position_absolute nd_options_left_0 nd_options_height_100_percentage nd_options_width_100_percentage nd_options_box_sizing_border_box\">\n        <div class=\"nd_options_position_absolute nd_options_bottom_30 nd_options_width_100_percentage nd_options_padding_botttom_0 nd_options_padding_50 nd_options_box_sizing_border_box nd_options_text_align_center\">\n          <h3 class=\"nd_options_color_white\">MEDITATION UND ENTSPANNUNG<\/h3>\n          <div class=\"nd_options_section nd_options_height_10\"><\/div>\n          <h6 class=\"nd_options_color_white\"><strong><\/strong><\/h6>\n        <\/div>\n      <\/div>\n\n    <\/div>\n  <\/div>\n  <!--END team-->\n<div style=\"background-color:;height: 60px\" class=\"nicdark_section  \"><\/div>[\/vc_column][\/vc_row][vc_row full_width=&#8220;stretch_row_content&#8220;][vc_column][vc_masonry_media_grid element_width=&#8220;2&#8243; item=&#8220;mediaGrid_Default&#8220; grid_id=&#8220;vc_gid:1567692605835-26e5e0db-651d-4&#8243; include=&#8220;7054,4454,4458,7455,7492,7062&#8243;]<div style=\"background-color:;height: 45px\" class=\"nicdark_section  \"><\/div>[\/vc_column][\/vc_row][vc_row full_width=&#8220;stretch_row&#8220; parallax=&#8220;content-moving&#8220; parallax_image=&#8220;4440&#8243; css=&#8220;.vc_custom_1551114194025{margin-top: 0px !important;padding-top: 120px !important;padding-bottom: 180px !important;}&#8220; el_class=&#8220;nd_options_vc_parallax_filter_2_4&#8243; el_id=&#8220;img&#8220;][vc_column width=&#8220;1\/6&#8243;][\/vc_column][vc_column width=&#8220;2\/3&#8243; el_class=&#8220;nd_options_text_align_center&#8220;] <p style=\"color:#ffffff;padding:px;text-align:center;font-size:35px;line-height:39px;letter-spacing: px;font-weight:normal\" class=\"  nd_options_font_size_40_important_all_iphone nd_options_first_font \">\u201cDenke, glaube, tr\u00e4ume und wage\u201d<\/p> <div style=\"background-color:;height: 30px\" class=\"nicdark_section  \"><\/div> <p style=\"color:#ffffff;padding:px;text-align:center;font-size:13px;line-height:25px;letter-spacing: 3px;font-weight:lighter\" class=\"   nd_options_second_font \">Walt Disney<\/p> <div style=\"background-color:;height: 10px\" class=\"nicdark_section  \"><\/div>[\/vc_column][vc_column width=&#8220;1\/6&#8243;][\/vc_column][\/vc_row][vc_row][vc_column]<div style=\"background-color:;height: 25px\" class=\"nicdark_section  \"><\/div>[\/vc_column][\/vc_row][vc_row][vc_column][vc_raw_html css=&#8220;.vc_custom_1567692584793{margin-bottom: 0px !important;border-bottom-width: 0px !important;padding-bottom: 0px !important;}&#8220;]JTVCaW5jbHVkZS1wYWdlJTIwaWQlM0QlMjIlMkZpbmNsdWRlLWxhc3QtbWludXRlZGUlMjIlNUQ=[\/vc_raw_html][vc_masonry_grid post_type=&#8220;post&#8220; max_items=&#8220;3&#8243; style=&#8220;load-more&#8220; item=&#8220;6419&#8243; grid_id=&#8220;vc_gid:1567692605836-52d6b0c0-d5c6-0&#8243; taxonomies=&#8220;44&#8243; css=&#8220;.vc_custom_1567692597669{margin-top: 0px !important;border-top-width: 0px !important;padding-top: 25px !important;}&#8220;][\/vc_column][\/vc_row][vc_row][vc_column][vc_raw_html]JTVCaW5jbHVkZS1wYWdlJTIwaWQlM0QlMjIlMkZjYWxlbmRhcmlvZGUlMjIlNUQ=[\/vc_raw_html][\/vc_column][\/vc_row]<\/p>\n","protected":false},"excerpt":{"rendered":"<p>[vc_row][vc_column width=&#8220;1\/2&#8243; css=&#8220;.vc_custom_1467360650255{margin-top: 10px !important;margin-bottom: 10px !important;padding-top: 0px !important;padding-right: 40px !important;}&#8220;][\/vc_column][vc_column width=&#8220;1\/2&#8243; css=&#8220;.vc_custom_1467207292391{margin-top: 10px !important;margin-bottom: 10px !important;padding-top: 0px !important;}&#8220;][vc_column_text el_class=&#8220;nd_options_text_align_center_responsive&#8220;]Wenn Sie einen Urlaub suchen, der k\u00f6rperliches und inneres Wohlbefinden vereinigt, laden wir Sie ein, unseren neuen \u00a0Giardino dei pensieri\u00a0 zu genie\u00dfen. Eine \u00fcppig bepflanzte \u00a0Gr\u00fcnfl\u00e4che\u00a0, auf der Sie sich entspannen und Kontakt zu Ihrem inneren [&hellip;]<\/p>\n","protected":false},"author":2,"featured_media":0,"parent":0,"menu_order":0,"comment_status":"closed","ping_status":"closed","template":"","meta":{"_monsterinsights_skip_tracking":false,"_monsterinsights_sitenote_active":false,"_monsterinsights_sitenote_note":"","_monsterinsights_sitenote_category":0},"yoast_head":"<!-- This site is optimized with the Yoast SEO plugin v18.2 - https:\/\/yoast.com\/wordpress\/plugins\/seo\/ -->\n<title>Giardino dei pensieri - Hotel Terme Abano Verdi - Sito Ufficiale Hotel 4* Abano Terme<\/title>\n<meta name=\"description\" content=\"Giardino dei pensieri Hotel Termale ad Abano Terme con zona verde, zona relax, hotel panoramico, sdraio, lettini, ombrelloni gratuiti.\" \/>\n<meta name=\"robots\" content=\"index, follow, max-snippet:-1, max-image-preview:large, max-video-preview:-1\" \/>\n<link rel=\"canonical\" href=\"https:\/\/www.abanoverdi.com\/de\/giardino-dei-pensieri\/\" \/>\n<meta property=\"og:locale\" content=\"de_DE\" \/>\n<meta property=\"og:type\" content=\"article\" \/>\n<meta property=\"og:title\" content=\"Giardino dei pensieri - Hotel Terme Abano Verdi - Sito Ufficiale Hotel 4* Abano Terme\" \/>\n<meta property=\"og:description\" content=\"Giardino dei pensieri Hotel Termale ad Abano Terme con zona verde, zona relax, hotel panoramico, sdraio, lettini, ombrelloni gratuiti.\" \/>\n<meta property=\"og:url\" content=\"https:\/\/www.abanoverdi.com\/de\/giardino-dei-pensieri\/\" \/>\n<meta property=\"og:site_name\" content=\"Hotel Terme Abano Verdi - Sito Ufficiale Hotel 4* Abano Terme\" \/>\n<meta property=\"article:publisher\" content=\"https:\/\/www.facebook.com\/HotelAbanoVerdi\" \/>\n<meta property=\"article:modified_time\" content=\"2019-09-05T14:23:21+00:00\" \/>\n<meta name=\"twitter:card\" content=\"summary_large_image\" \/>\n<meta name=\"twitter:site\" content=\"@abanoverdi\" \/>\n<meta name=\"twitter:label1\" content=\"Gesch\u00e4tzte Lesezeit\" \/>\n\t<meta name=\"twitter:data1\" content=\"3\u00a0Minuten\" \/>\n<script type=\"application\/ld+json\" class=\"yoast-schema-graph\">{\"@context\":\"https:\/\/schema.org\",\"@graph\":[{\"@type\":\"Organization\",\"@id\":\"https:\/\/www.abanoverdi.com\/#organization\",\"name\":\"Hotel Terme Abano Verdi\",\"url\":\"https:\/\/www.abanoverdi.com\/\",\"sameAs\":[\"https:\/\/www.facebook.com\/HotelAbanoVerdi\",\"https:\/\/www.instagram.com\/hotelabanoverdi\/\",\"https:\/\/www.youtube.com\/channel\/UCCqIQp1lBXOEoN7lKyEdnEA\/\",\"https:\/\/www.pinterest.it\/HotelAbanoVerdi\/\",\"https:\/\/twitter.com\/abanoverdi\"],\"logo\":{\"@type\":\"ImageObject\",\"@id\":\"https:\/\/www.abanoverdi.com\/#logo\",\"inLanguage\":\"de\",\"url\":\"https:\/\/www.abanoverdi.com\/wp-content\/uploads\/2018\/11\/logo-verdi-compresso-1.png\",\"contentUrl\":\"https:\/\/www.abanoverdi.com\/wp-content\/uploads\/2018\/11\/logo-verdi-compresso-1.png\",\"width\":206,\"height\":92,\"caption\":\"Hotel Terme Abano Verdi\"},\"image\":{\"@id\":\"https:\/\/www.abanoverdi.com\/#logo\"}},{\"@type\":\"WebSite\",\"@id\":\"https:\/\/www.abanoverdi.com\/#website\",\"url\":\"https:\/\/www.abanoverdi.com\/\",\"name\":\"Hotel Terme Abano Verdi - Sito Ufficiale Hotel 4* Abano Terme\",\"description\":\"Hotel Abano Terme 4 stelle con SPA e Piscine termali\",\"publisher\":{\"@id\":\"https:\/\/www.abanoverdi.com\/#organization\"},\"potentialAction\":[{\"@type\":\"SearchAction\",\"target\":{\"@type\":\"EntryPoint\",\"urlTemplate\":\"https:\/\/www.abanoverdi.com\/?s={search_term_string}\"},\"query-input\":\"required name=search_term_string\"}],\"inLanguage\":\"de\"},{\"@type\":\"WebPage\",\"@id\":\"https:\/\/www.abanoverdi.com\/de\/giardino-dei-pensieri\/#webpage\",\"url\":\"https:\/\/www.abanoverdi.com\/de\/giardino-dei-pensieri\/\",\"name\":\"Giardino dei pensieri - Hotel Terme Abano Verdi - Sito Ufficiale Hotel 4* Abano Terme\",\"isPartOf\":{\"@id\":\"https:\/\/www.abanoverdi.com\/#website\"},\"datePublished\":\"2019-02-25T16:22:32+00:00\",\"dateModified\":\"2019-09-05T14:23:21+00:00\",\"description\":\"Giardino dei pensieri Hotel Termale ad Abano Terme con zona verde, zona relax, hotel panoramico, sdraio, lettini, ombrelloni gratuiti.\",\"breadcrumb\":{\"@id\":\"https:\/\/www.abanoverdi.com\/de\/giardino-dei-pensieri\/#breadcrumb\"},\"inLanguage\":\"de\",\"potentialAction\":[{\"@type\":\"ReadAction\",\"target\":[\"https:\/\/www.abanoverdi.com\/de\/giardino-dei-pensieri\/\"]}]},{\"@type\":\"BreadcrumbList\",\"@id\":\"https:\/\/www.abanoverdi.com\/de\/giardino-dei-pensieri\/#breadcrumb\",\"itemListElement\":[{\"@type\":\"ListItem\",\"position\":1,\"name\":\"Home\",\"item\":\"https:\/\/www.abanoverdi.com\/de\/\"},{\"@type\":\"ListItem\",\"position\":2,\"name\":\"Giardino dei pensieri\"}]}]}<\/script>\n<!-- \/ Yoast SEO plugin. -->","yoast_head_json":{"title":"Giardino dei pensieri - Hotel Terme Abano Verdi - Sito Ufficiale Hotel 4* Abano Terme","description":"Giardino dei pensieri Hotel Termale ad Abano Terme con zona verde, zona relax, hotel panoramico, sdraio, lettini, ombrelloni gratuiti.","robots":{"index":"index","follow":"follow","max-snippet":"max-snippet:-1","max-image-preview":"max-image-preview:large","max-video-preview":"max-video-preview:-1"},"canonical":"https:\/\/www.abanoverdi.com\/de\/giardino-dei-pensieri\/","og_locale":"de_DE","og_type":"article","og_title":"Giardino dei pensieri - Hotel Terme Abano Verdi - Sito Ufficiale Hotel 4* Abano Terme","og_description":"Giardino dei pensieri Hotel Termale ad Abano Terme con zona verde, zona relax, hotel panoramico, sdraio, lettini, ombrelloni gratuiti.","og_url":"https:\/\/www.abanoverdi.com\/de\/giardino-dei-pensieri\/","og_site_name":"Hotel Terme Abano Verdi - Sito Ufficiale Hotel 4* Abano Terme","article_publisher":"https:\/\/www.facebook.com\/HotelAbanoVerdi","article_modified_time":"2019-09-05T14:23:21+00:00","twitter_card":"summary_large_image","twitter_site":"@abanoverdi","twitter_misc":{"Gesch\u00e4tzte Lesezeit":"3\u00a0Minuten"},"schema":{"@context":"https:\/\/schema.org","@graph":[{"@type":"Organization","@id":"https:\/\/www.abanoverdi.com\/#organization","name":"Hotel Terme Abano Verdi","url":"https:\/\/www.abanoverdi.com\/","sameAs":["https:\/\/www.facebook.com\/HotelAbanoVerdi","https:\/\/www.instagram.com\/hotelabanoverdi\/","https:\/\/www.youtube.com\/channel\/UCCqIQp1lBXOEoN7lKyEdnEA\/","https:\/\/www.pinterest.it\/HotelAbanoVerdi\/","https:\/\/twitter.com\/abanoverdi"],"logo":{"@type":"ImageObject","@id":"https:\/\/www.abanoverdi.com\/#logo","inLanguage":"de","url":"https:\/\/www.abanoverdi.com\/wp-content\/uploads\/2018\/11\/logo-verdi-compresso-1.png","contentUrl":"https:\/\/www.abanoverdi.com\/wp-content\/uploads\/2018\/11\/logo-verdi-compresso-1.png","width":206,"height":92,"caption":"Hotel Terme Abano Verdi"},"image":{"@id":"https:\/\/www.abanoverdi.com\/#logo"}},{"@type":"WebSite","@id":"https:\/\/www.abanoverdi.com\/#website","url":"https:\/\/www.abanoverdi.com\/","name":"Hotel Terme Abano Verdi - Sito Ufficiale Hotel 4* Abano Terme","description":"Hotel Abano Terme 4 stelle con SPA e Piscine termali","publisher":{"@id":"https:\/\/www.abanoverdi.com\/#organization"},"potentialAction":[{"@type":"SearchAction","target":{"@type":"EntryPoint","urlTemplate":"https:\/\/www.abanoverdi.com\/?s={search_term_string}"},"query-input":"required name=search_term_string"}],"inLanguage":"de"},{"@type":"WebPage","@id":"https:\/\/www.abanoverdi.com\/de\/giardino-dei-pensieri\/#webpage","url":"https:\/\/www.abanoverdi.com\/de\/giardino-dei-pensieri\/","name":"Giardino dei pensieri - Hotel Terme Abano Verdi - Sito Ufficiale Hotel 4* Abano Terme","isPartOf":{"@id":"https:\/\/www.abanoverdi.com\/#website"},"datePublished":"2019-02-25T16:22:32+00:00","dateModified":"2019-09-05T14:23:21+00:00","description":"Giardino dei pensieri Hotel Termale ad Abano Terme con zona verde, zona relax, hotel panoramico, sdraio, lettini, ombrelloni gratuiti.","breadcrumb":{"@id":"https:\/\/www.abanoverdi.com\/de\/giardino-dei-pensieri\/#breadcrumb"},"inLanguage":"de","potentialAction":[{"@type":"ReadAction","target":["https:\/\/www.abanoverdi.com\/de\/giardino-dei-pensieri\/"]}]},{"@type":"BreadcrumbList","@id":"https:\/\/www.abanoverdi.com\/de\/giardino-dei-pensieri\/#breadcrumb","itemListElement":[{"@type":"ListItem","position":1,"name":"Home","item":"https:\/\/www.abanoverdi.com\/de\/"},{"@type":"ListItem","position":2,"name":"Giardino dei pensieri"}]}]}},"_links":{"self":[{"href":"https:\/\/www.abanoverdi.com\/de\/wp-json\/wp\/v2\/pages\/7498"}],"collection":[{"href":"https:\/\/www.abanoverdi.com\/de\/wp-json\/wp\/v2\/pages"}],"about":[{"href":"https:\/\/www.abanoverdi.com\/de\/wp-json\/wp\/v2\/types\/page"}],"author":[{"embeddable":true,"href":"https:\/\/www.abanoverdi.com\/de\/wp-json\/wp\/v2\/users\/2"}],"replies":[{"embeddable":true,"href":"https:\/\/www.abanoverdi.com\/de\/wp-json\/wp\/v2\/comments?post=7498"}],"version-history":[{"count":4,"href":"https:\/\/www.abanoverdi.com\/de\/wp-json\/wp\/v2\/pages\/7498\/revisions"}],"predecessor-version":[{"id":7512,"href":"https:\/\/www.abanoverdi.com\/de\/wp-json\/wp\/v2\/pages\/7498\/revisions\/7512"}],"wp:attachment":[{"href":"https:\/\/www.abanoverdi.com\/de\/wp-json\/wp\/v2\/media?parent=7498"}],"curies":[{"name":"wp","href":"https:\/\/api.w.org\/{rel}","templated":true}]}}