{"id":7476,"date":"2019-02-25T10:58:48","date_gmt":"2019-02-25T09:58:48","guid":{"rendered":"https:\/\/www.abanoverdi.com\/waterfall-pool\/"},"modified":"2019-09-05T15:48:01","modified_gmt":"2019-09-05T13:48:01","slug":"waterfall-pool","status":"publish","type":"page","link":"https:\/\/www.abanoverdi.com\/de\/waterfall-pool\/","title":{"rendered":"Waterfall Pool"},"content":{"rendered":"<p>[vc_row][vc_column width=&#8220;1\/2&#8243;]<div style=\"background-color:;height: 10px\" class=\"nicdark_section  \"><\/div> <h2 style=\"color:#727475;padding:px;text-align:right;font-size:40px;line-height:50px;letter-spacing: px;font-weight:normal\" class=\"  nd_options_text_align_center_responsive_important nd_options_first_font \">Entdecken Sie Ihre Energie durch die Kraft der ozonisierten Mikroblasen wieder. Tauchen Sie in unseren Waterfall Pool ein<\/h2> <div style=\"background-color:;height: 75px\" class=\"nicdark_section  \"><\/div>[\/vc_column][vc_column width=&#8220;1\/2&#8243;]<div style=\"background-color:;height: 20px\" class=\"nicdark_section  \"><\/div>[vc_column_text]Das neue \u00a0Schwimmbad mit Thermalwasser, das \u00a0ozonisierte Mikroblasen freisetzt die den K\u00f6rper massieren, die \u00a0Durchblutung\u00a0 verbessern und die \u00a0Hautunregelm\u00e4\u00dfigkeiten bek\u00e4mpft. Um die Gewebe zu tonifizieren und\u00a0Ihre k\u00f6rperliche Verfassung zu verbessern, g\u00f6nnen Sie sich einige Momente der \u00a0Entspannung\u00a0in unserem Waterfall Pool.[\/vc_column_text]<div style=\"background-color:;height: 75px\" class=\"nicdark_section  \"><\/div>[\/vc_column][\/vc_row][vc_row][vc_column width=&#8220;1\/3&#8243;]\n\n  <!--START team-->\n  <div class=\" nd_options_team_component_l5 nd_options_section nd_options_box_sizing_border_box nd_options_team_testimonials \">    \n    <div class=\"nd_options_section nd_options_position_relative\">\n\n      <img alt=\"\" class=\"nd_options_section\" src=\"https:\/\/www.abanoverdi.com\/wp-content\/uploads\/2019\/07\/piscina-waterfall-interna1-1024x683.jpg\">\n\n      <div class=\"nd_options_bg_greydark_alpha_gradient_3 nd_options_position_absolute nd_options_left_0 nd_options_height_100_percentage nd_options_width_100_percentage nd_options_box_sizing_border_box\">\n        <div class=\"nd_options_position_absolute nd_options_bottom_30 nd_options_width_100_percentage nd_options_padding_botttom_0 nd_options_padding_50 nd_options_box_sizing_border_box nd_options_text_align_center\">\n          <h3 class=\"nd_options_color_white\">OZONISIERTE<\/h3>\n          <div class=\"nd_options_section nd_options_height_10\"><\/div>\n          <h6 class=\"nd_options_color_white\"><strong>Mikrobl\u00e4schen<\/strong><\/h6>\n        <\/div>\n      <\/div>\n\n    <\/div>\n  <\/div>\n  <!--END team-->\n[\/vc_column][vc_column width=&#8220;1\/3&#8243;]\n\n  <!--START team-->\n  <div class=\" nd_options_team_component_l5 nd_options_section nd_options_box_sizing_border_box nd_options_team_testimonials \">    \n    <div class=\"nd_options_section nd_options_position_relative\">\n\n      <img alt=\"\" class=\"nd_options_section\" src=\"https:\/\/www.abanoverdi.com\/wp-content\/uploads\/2019\/07\/piscina-interna-water-1024x683.jpg\">\n\n      <div class=\"nd_options_bg_greydark_alpha_gradient_3 nd_options_position_absolute nd_options_left_0 nd_options_height_100_percentage nd_options_width_100_percentage nd_options_box_sizing_border_box\">\n        <div class=\"nd_options_position_absolute nd_options_bottom_30 nd_options_width_100_percentage nd_options_padding_botttom_0 nd_options_padding_50 nd_options_box_sizing_border_box nd_options_text_align_center\">\n          <h3 class=\"nd_options_color_white\">REGENERIERENDE<\/h3>\n          <div class=\"nd_options_section nd_options_height_10\"><\/div>\n          <h6 class=\"nd_options_color_white\"><strong>Erfahrung<\/strong><\/h6>\n        <\/div>\n      <\/div>\n\n    <\/div>\n  <\/div>\n  <!--END team-->\n[\/vc_column][vc_column width=&#8220;1\/3&#8243;]\n\n  <!--START team-->\n  <div class=\" nd_options_team_component_l5 nd_options_section nd_options_box_sizing_border_box nd_options_team_testimonials \">    \n    <div class=\"nd_options_section nd_options_position_relative\">\n\n      <img alt=\"\" class=\"nd_options_section\" src=\"https:\/\/www.abanoverdi.com\/wp-content\/uploads\/2019\/07\/piscina-waterfall-interna5-1024x683.jpg\">\n\n      <div class=\"nd_options_bg_greydark_alpha_gradient_3 nd_options_position_absolute nd_options_left_0 nd_options_height_100_percentage nd_options_width_100_percentage nd_options_box_sizing_border_box\">\n        <div class=\"nd_options_position_absolute nd_options_bottom_30 nd_options_width_100_percentage nd_options_padding_botttom_0 nd_options_padding_50 nd_options_box_sizing_border_box nd_options_text_align_center\">\n          <h3 class=\"nd_options_color_white\">INNERER UND \u00c4USSERER<\/h3>\n          <div class=\"nd_options_section nd_options_height_10\"><\/div>\n          <h6 class=\"nd_options_color_white\"><strong>ENTSPANNUNGSBEREICH<\/strong><\/h6>\n        <\/div>\n      <\/div>\n\n    <\/div>\n  <\/div>\n  <!--END team-->\n[\/vc_column][\/vc_row][vc_row][vc_column]<div style=\"background-color:;height: 59px\" class=\"nicdark_section  \"><\/div>[\/vc_column][\/vc_row][vc_row full_width=&#8220;stretch_row_content&#8220;][vc_column][vc_masonry_media_grid element_width=&#8220;2&#8243; item=&#8220;mediaGrid_Default&#8220; grid_id=&#8220;vc_gid:1567691195954-52796cf2-8f81-6&#8243; include=&#8220;7098,7094,7130,7122,7138,7082,7451,7447,7467,7463,7459,7455&#8243;][\/vc_column][\/vc_row][vc_row][vc_column]<div style=\"background-color:;height: 45px\" class=\"nicdark_section  \"><\/div>[\/vc_column][\/vc_row][vc_row full_width=&#8220;stretch_row&#8220; parallax=&#8220;content-moving&#8220; parallax_image=&#8220;5677&#8243; css=&#8220;.vc_custom_1564412064107{margin-top: 0px !important;padding-top: 120px !important;padding-bottom: 180px !important;}&#8220; el_class=&#8220;nd_options_vc_parallax_filter_2_4&#8243; el_id=&#8220;img&#8220;][vc_column width=&#8220;1\/6&#8243;][\/vc_column][vc_column width=&#8220;2\/3&#8243; el_class=&#8220;nd_options_text_align_center&#8220;] <p style=\"color:#ffffff;padding:px;text-align:center;font-size:35px;line-height:39px;letter-spacing: px;font-weight:normal\" class=\"  nd_options_font_size_40_important_all_iphone nd_options_first_font \">\u201cWenn es Magie auf diesem Planeten gibt, findet man sie im Wasser\u201d.<\/p> <div style=\"background-color:;height: 30px\" class=\"nicdark_section  \"><\/div> <p style=\"color:#ffffff;padding:px;text-align:center;font-size:13px;line-height:25px;letter-spacing: 3px;font-weight:lighter\" class=\"   nd_options_second_font \">Loren Eiseley<\/p> <div style=\"background-color:;height: 30px\" class=\"nicdark_section  \"><\/div>[\/vc_column][vc_column width=&#8220;1\/6&#8243;][\/vc_column][\/vc_row][vc_row full_width=&#8220;stretch_row&#8220; el_id=&#8220;lastminute&#8220; css=&#8220;.vc_custom_1550251476932{margin-bottom: 0px !important;border-bottom-width: 0px !important;padding-bottom: 0px !important;background-color: #f9f9f9 !important;}&#8220;][vc_column][vc_raw_html css=&#8220;.vc_custom_1567691229673{margin-bottom: 0px !important;border-bottom-width: 0px !important;padding-bottom: 25px !important;}&#8220;]JTVCaW5jbHVkZS1wYWdlJTIwaWQlM0QlMjIlMkZpbmNsdWRlLWxhc3QtbWludXRlZGUlMjIlNUQ=[\/vc_raw_html][vc_masonry_grid post_type=&#8220;post&#8220; max_items=&#8220;3&#8243; style=&#8220;load-more&#8220; item=&#8220;6419&#8243; grid_id=&#8220;vc_gid:1567691195956-7ca86f4f-ca34-7&#8243; taxonomies=&#8220;44&#8243; css=&#8220;.vc_custom_1567691243158{margin-top: 0px !important;border-top-width: 0px !important;padding-top: 0px !important;}&#8220; el_id=&#8220;waterlastminte&#8220;][\/vc_column][\/vc_row][vc_row css=&#8220;.vc_custom_1551090386321{margin-top: 15px !important;margin-bottom: 0px !important;border-top-width: 15px !important;border-bottom-width: 0px !important;padding-top: 15px !important;padding-bottom: 0px !important;}&#8220;][vc_column][vc_raw_html]JTVCaW5jbHVkZS1wYWdlJTIwaWQlM0QlMjIlMkZjYWxlbmRhcmlvZGUlMjIlNUQ=[\/vc_raw_html][\/vc_column][\/vc_row]<\/p>\n","protected":false},"excerpt":{"rendered":"<p>[vc_row][vc_column width=&#8220;1\/2&#8243;][\/vc_column][vc_column width=&#8220;1\/2&#8243;][vc_column_text]Das neue \u00a0Schwimmbad mit Thermalwasser, das \u00a0ozonisierte Mikroblasen freisetzt die den K\u00f6rper massieren, die \u00a0Durchblutung\u00a0 verbessern und die \u00a0Hautunregelm\u00e4\u00dfigkeiten bek\u00e4mpft. Um die Gewebe zu tonifizieren und\u00a0Ihre k\u00f6rperliche Verfassung zu verbessern, g\u00f6nnen Sie sich einige Momente der \u00a0Entspannung\u00a0in unserem Waterfall Pool.[\/vc_column_text][\/vc_column][\/vc_row][vc_row][vc_column width=&#8220;1\/3&#8243;][\/vc_column][vc_column width=&#8220;1\/3&#8243;][\/vc_column][vc_column width=&#8220;1\/3&#8243;][\/vc_column][\/vc_row][vc_row][vc_column][\/vc_column][\/vc_row][vc_row full_width=&#8220;stretch_row_content&#8220;][vc_column][vc_masonry_media_grid element_width=&#8220;2&#8243; item=&#8220;mediaGrid_Default&#8220; grid_id=&#8220;vc_gid:1567691195954-52796cf2-8f81-6&#8243; include=&#8220;7098,7094,7130,7122,7138,7082,7451,7447,7467,7463,7459,7455&#8243;][\/vc_column][\/vc_row][vc_row][vc_column][\/vc_column][\/vc_row][vc_row full_width=&#8220;stretch_row&#8220; parallax=&#8220;content-moving&#8220; parallax_image=&#8220;5677&#8243; css=&#8220;.vc_custom_1564412064107{margin-top: 0px [&hellip;]<\/p>\n","protected":false},"author":2,"featured_media":0,"parent":0,"menu_order":0,"comment_status":"closed","ping_status":"closed","template":"","meta":{"_monsterinsights_skip_tracking":false,"_monsterinsights_sitenote_active":false,"_monsterinsights_sitenote_note":"","_monsterinsights_sitenote_category":0},"yoast_head":"<!-- This site is optimized with the Yoast SEO plugin v18.2 - https:\/\/yoast.com\/wordpress\/plugins\/seo\/ -->\n<title>Piscina Termale Waterfall Pool - Hotel Terme Abano Verdi - Sito Ufficiale Hotel 4* Abano Terme<\/title>\n<meta name=\"description\" content=\"Waterfall Pool La nuova \u00a0piscina di acqua termale alle microbolle ozonizzate che massaggiano il corpo migliorando la circolazine e la pelle.\" \/>\n<meta name=\"robots\" content=\"index, follow, max-snippet:-1, max-image-preview:large, max-video-preview:-1\" \/>\n<link rel=\"canonical\" href=\"https:\/\/www.abanoverdi.com\/de\/waterfall-pool\/\" \/>\n<meta property=\"og:locale\" content=\"de_DE\" \/>\n<meta property=\"og:type\" content=\"article\" \/>\n<meta property=\"og:title\" content=\"Piscina Termale Waterfall Pool - Hotel Terme Abano Verdi - Sito Ufficiale Hotel 4* Abano Terme\" \/>\n<meta property=\"og:description\" content=\"Waterfall Pool La nuova \u00a0piscina di acqua termale alle microbolle ozonizzate che massaggiano il corpo migliorando la circolazine e la pelle.\" \/>\n<meta property=\"og:url\" content=\"https:\/\/www.abanoverdi.com\/de\/waterfall-pool\/\" \/>\n<meta property=\"og:site_name\" content=\"Hotel Terme Abano Verdi - Sito Ufficiale Hotel 4* Abano Terme\" \/>\n<meta property=\"article:publisher\" content=\"https:\/\/www.facebook.com\/HotelAbanoVerdi\" \/>\n<meta property=\"article:modified_time\" content=\"2019-09-05T13:48:01+00:00\" \/>\n<meta name=\"twitter:card\" content=\"summary_large_image\" \/>\n<meta name=\"twitter:site\" content=\"@abanoverdi\" \/>\n<meta name=\"twitter:label1\" content=\"Gesch\u00e4tzte Lesezeit\" \/>\n\t<meta name=\"twitter:data1\" content=\"3\u00a0Minuten\" \/>\n<script type=\"application\/ld+json\" class=\"yoast-schema-graph\">{\"@context\":\"https:\/\/schema.org\",\"@graph\":[{\"@type\":\"Organization\",\"@id\":\"https:\/\/www.abanoverdi.com\/#organization\",\"name\":\"Hotel Terme Abano Verdi\",\"url\":\"https:\/\/www.abanoverdi.com\/\",\"sameAs\":[\"https:\/\/www.facebook.com\/HotelAbanoVerdi\",\"https:\/\/www.instagram.com\/hotelabanoverdi\/\",\"https:\/\/www.youtube.com\/channel\/UCCqIQp1lBXOEoN7lKyEdnEA\/\",\"https:\/\/www.pinterest.it\/HotelAbanoVerdi\/\",\"https:\/\/twitter.com\/abanoverdi\"],\"logo\":{\"@type\":\"ImageObject\",\"@id\":\"https:\/\/www.abanoverdi.com\/#logo\",\"inLanguage\":\"de\",\"url\":\"https:\/\/www.abanoverdi.com\/wp-content\/uploads\/2018\/11\/logo-verdi-compresso-1.png\",\"contentUrl\":\"https:\/\/www.abanoverdi.com\/wp-content\/uploads\/2018\/11\/logo-verdi-compresso-1.png\",\"width\":206,\"height\":92,\"caption\":\"Hotel Terme Abano Verdi\"},\"image\":{\"@id\":\"https:\/\/www.abanoverdi.com\/#logo\"}},{\"@type\":\"WebSite\",\"@id\":\"https:\/\/www.abanoverdi.com\/#website\",\"url\":\"https:\/\/www.abanoverdi.com\/\",\"name\":\"Hotel Terme Abano Verdi - Sito Ufficiale Hotel 4* Abano Terme\",\"description\":\"Hotel Abano Terme 4 stelle con SPA e Piscine termali\",\"publisher\":{\"@id\":\"https:\/\/www.abanoverdi.com\/#organization\"},\"potentialAction\":[{\"@type\":\"SearchAction\",\"target\":{\"@type\":\"EntryPoint\",\"urlTemplate\":\"https:\/\/www.abanoverdi.com\/?s={search_term_string}\"},\"query-input\":\"required name=search_term_string\"}],\"inLanguage\":\"de\"},{\"@type\":\"WebPage\",\"@id\":\"https:\/\/www.abanoverdi.com\/de\/waterfall-pool\/#webpage\",\"url\":\"https:\/\/www.abanoverdi.com\/de\/waterfall-pool\/\",\"name\":\"Piscina Termale Waterfall Pool - Hotel Terme Abano Verdi - Sito Ufficiale Hotel 4* Abano Terme\",\"isPartOf\":{\"@id\":\"https:\/\/www.abanoverdi.com\/#website\"},\"datePublished\":\"2019-02-25T09:58:48+00:00\",\"dateModified\":\"2019-09-05T13:48:01+00:00\",\"description\":\"Waterfall Pool La nuova \u00a0piscina di acqua termale alle microbolle ozonizzate che massaggiano il corpo migliorando la circolazine e la pelle.\",\"breadcrumb\":{\"@id\":\"https:\/\/www.abanoverdi.com\/de\/waterfall-pool\/#breadcrumb\"},\"inLanguage\":\"de\",\"potentialAction\":[{\"@type\":\"ReadAction\",\"target\":[\"https:\/\/www.abanoverdi.com\/de\/waterfall-pool\/\"]}]},{\"@type\":\"BreadcrumbList\",\"@id\":\"https:\/\/www.abanoverdi.com\/de\/waterfall-pool\/#breadcrumb\",\"itemListElement\":[{\"@type\":\"ListItem\",\"position\":1,\"name\":\"Home\",\"item\":\"https:\/\/www.abanoverdi.com\/de\/\"},{\"@type\":\"ListItem\",\"position\":2,\"name\":\"Waterfall Pool\"}]}]}<\/script>\n<!-- \/ Yoast SEO plugin. -->","yoast_head_json":{"title":"Piscina Termale Waterfall Pool - Hotel Terme Abano Verdi - Sito Ufficiale Hotel 4* Abano Terme","description":"Waterfall Pool La nuova \u00a0piscina di acqua termale alle microbolle ozonizzate che massaggiano il corpo migliorando la circolazine e la pelle.","robots":{"index":"index","follow":"follow","max-snippet":"max-snippet:-1","max-image-preview":"max-image-preview:large","max-video-preview":"max-video-preview:-1"},"canonical":"https:\/\/www.abanoverdi.com\/de\/waterfall-pool\/","og_locale":"de_DE","og_type":"article","og_title":"Piscina Termale Waterfall Pool - Hotel Terme Abano Verdi - Sito Ufficiale Hotel 4* Abano Terme","og_description":"Waterfall Pool La nuova \u00a0piscina di acqua termale alle microbolle ozonizzate che massaggiano il corpo migliorando la circolazine e la pelle.","og_url":"https:\/\/www.abanoverdi.com\/de\/waterfall-pool\/","og_site_name":"Hotel Terme Abano Verdi - Sito Ufficiale Hotel 4* Abano Terme","article_publisher":"https:\/\/www.facebook.com\/HotelAbanoVerdi","article_modified_time":"2019-09-05T13:48:01+00:00","twitter_card":"summary_large_image","twitter_site":"@abanoverdi","twitter_misc":{"Gesch\u00e4tzte Lesezeit":"3\u00a0Minuten"},"schema":{"@context":"https:\/\/schema.org","@graph":[{"@type":"Organization","@id":"https:\/\/www.abanoverdi.com\/#organization","name":"Hotel Terme Abano Verdi","url":"https:\/\/www.abanoverdi.com\/","sameAs":["https:\/\/www.facebook.com\/HotelAbanoVerdi","https:\/\/www.instagram.com\/hotelabanoverdi\/","https:\/\/www.youtube.com\/channel\/UCCqIQp1lBXOEoN7lKyEdnEA\/","https:\/\/www.pinterest.it\/HotelAbanoVerdi\/","https:\/\/twitter.com\/abanoverdi"],"logo":{"@type":"ImageObject","@id":"https:\/\/www.abanoverdi.com\/#logo","inLanguage":"de","url":"https:\/\/www.abanoverdi.com\/wp-content\/uploads\/2018\/11\/logo-verdi-compresso-1.png","contentUrl":"https:\/\/www.abanoverdi.com\/wp-content\/uploads\/2018\/11\/logo-verdi-compresso-1.png","width":206,"height":92,"caption":"Hotel Terme Abano Verdi"},"image":{"@id":"https:\/\/www.abanoverdi.com\/#logo"}},{"@type":"WebSite","@id":"https:\/\/www.abanoverdi.com\/#website","url":"https:\/\/www.abanoverdi.com\/","name":"Hotel Terme Abano Verdi - Sito Ufficiale Hotel 4* Abano Terme","description":"Hotel Abano Terme 4 stelle con SPA e Piscine termali","publisher":{"@id":"https:\/\/www.abanoverdi.com\/#organization"},"potentialAction":[{"@type":"SearchAction","target":{"@type":"EntryPoint","urlTemplate":"https:\/\/www.abanoverdi.com\/?s={search_term_string}"},"query-input":"required name=search_term_string"}],"inLanguage":"de"},{"@type":"WebPage","@id":"https:\/\/www.abanoverdi.com\/de\/waterfall-pool\/#webpage","url":"https:\/\/www.abanoverdi.com\/de\/waterfall-pool\/","name":"Piscina Termale Waterfall Pool - Hotel Terme Abano Verdi - Sito Ufficiale Hotel 4* Abano Terme","isPartOf":{"@id":"https:\/\/www.abanoverdi.com\/#website"},"datePublished":"2019-02-25T09:58:48+00:00","dateModified":"2019-09-05T13:48:01+00:00","description":"Waterfall Pool La nuova \u00a0piscina di acqua termale alle microbolle ozonizzate che massaggiano il corpo migliorando la circolazine e la pelle.","breadcrumb":{"@id":"https:\/\/www.abanoverdi.com\/de\/waterfall-pool\/#breadcrumb"},"inLanguage":"de","potentialAction":[{"@type":"ReadAction","target":["https:\/\/www.abanoverdi.com\/de\/waterfall-pool\/"]}]},{"@type":"BreadcrumbList","@id":"https:\/\/www.abanoverdi.com\/de\/waterfall-pool\/#breadcrumb","itemListElement":[{"@type":"ListItem","position":1,"name":"Home","item":"https:\/\/www.abanoverdi.com\/de\/"},{"@type":"ListItem","position":2,"name":"Waterfall Pool"}]}]}},"_links":{"self":[{"href":"https:\/\/www.abanoverdi.com\/de\/wp-json\/wp\/v2\/pages\/7476"}],"collection":[{"href":"https:\/\/www.abanoverdi.com\/de\/wp-json\/wp\/v2\/pages"}],"about":[{"href":"https:\/\/www.abanoverdi.com\/de\/wp-json\/wp\/v2\/types\/page"}],"author":[{"embeddable":true,"href":"https:\/\/www.abanoverdi.com\/de\/wp-json\/wp\/v2\/users\/2"}],"replies":[{"embeddable":true,"href":"https:\/\/www.abanoverdi.com\/de\/wp-json\/wp\/v2\/comments?post=7476"}],"version-history":[{"count":4,"href":"https:\/\/www.abanoverdi.com\/de\/wp-json\/wp\/v2\/pages\/7476\/revisions"}],"predecessor-version":[{"id":7483,"href":"https:\/\/www.abanoverdi.com\/de\/wp-json\/wp\/v2\/pages\/7476\/revisions\/7483"}],"wp:attachment":[{"href":"https:\/\/www.abanoverdi.com\/de\/wp-json\/wp\/v2\/media?parent=7476"}],"curies":[{"name":"wp","href":"https:\/\/api.w.org\/{rel}","templated":true}]}}