{"id":5840,"date":"2018-12-05T19:00:36","date_gmt":"2018-12-05T18:00:36","guid":{"rendered":"https:\/\/www.hotelverdi.net\/last-minute\/"},"modified":"2022-04-20T14:42:56","modified_gmt":"2022-04-20T12:42:56","slug":"last-minute","status":"publish","type":"page","link":"https:\/\/www.abanoverdi.com\/de\/last-minute\/","title":{"rendered":"Last Minute"},"content":{"rendered":"<p>[vc_row][vc_column width=&#8220;1\/2&#8243;]<div style=\"background-color:;height: 10px\" class=\"nicdark_section  \"><\/div> <h2 style=\"color:#727475;padding:px;text-align:right;font-size:40px;line-height:50px;letter-spacing: px;font-weight:normal\" class=\"  nd_options_text_align_center_responsive_important nd_options_first_font \">G\u00f6nnen Sie sich einen Aufenthalt im Hotel Verdi Abano, w\u00e4hlen Sie eines unserer angebote gilt das ganze Jahr, oder kontaktieren Sie uns f\u00fcr ein individuelles Angebot.<\/h2> <div style=\"background-color:;height: 45px\" class=\"nicdark_section  \"><\/div>[\/vc_column][vc_column width=&#8220;1\/2&#8243;]<div style=\"background-color:;height: 20px\" class=\"nicdark_section  \"><\/div>[vc_column_text]In allen Paketen enthalten die Anmeldung bei Spa, in die Thermalb\u00e4der mit Hydromassage B\u00e4nke, F\u00e4sser mit verschr\u00e4nkten Jets, Mikrostrahlen Betten mit Luft und Wasserfall f\u00fcr Nackenmassage, die Verwendung von Bett und Sonnenschirm, Zugang die Grotte mit Thermaldampf und der Zugang zum Park.[\/vc_column_text]<div style=\"background-color:;height: 45px\" class=\"nicdark_section  \"><\/div>[\/vc_column][\/vc_row][vc_row][vc_column][vc_masonry_grid post_type=&#8220;post&#8220; max_items=&#8220;&#8220; show_filter=&#8220;yes&#8220; filter_default_title=&#8220;&#8220; item=&#8220;6419&#8243; grid_id=&#8220;vc_gid:1649431967061-1e95ab44d751e0e306a37a694eca9a7b-4&#8243; taxonomies=&#8220;35&#8243; filter_source=&#8220;category&#8220;][\/vc_column][\/vc_row][vc_row][vc_column][vc_raw_html]JTVCaW5jbHVkZS1wYWdlJTIwaWQlM0QlMjIlMkZjYWxlbmRhcmlvZGUlMjIlNUQ=[\/vc_raw_html][\/vc_column][\/vc_row]<\/p>\n","protected":false},"excerpt":{"rendered":"<p>[vc_row][vc_column width=&#8220;1\/2&#8243;][\/vc_column][vc_column width=&#8220;1\/2&#8243;][vc_column_text]In allen Paketen enthalten die Anmeldung bei Spa, in die Thermalb\u00e4der mit Hydromassage B\u00e4nke, F\u00e4sser mit verschr\u00e4nkten Jets, Mikrostrahlen Betten mit Luft und Wasserfall f\u00fcr Nackenmassage, die Verwendung von Bett und Sonnenschirm, Zugang die Grotte mit Thermaldampf und der Zugang zum Park.[\/vc_column_text][\/vc_column][\/vc_row][vc_row][vc_column][vc_masonry_grid post_type=&#8220;post&#8220; max_items=&#8220;&#8220; show_filter=&#8220;yes&#8220; filter_default_title=&#8220;&#8220; item=&#8220;6419&#8243; grid_id=&#8220;vc_gid:1649431967061-1e95ab44d751e0e306a37a694eca9a7b-4&#8243; taxonomies=&#8220;35&#8243; filter_source=&#8220;category&#8220;][\/vc_column][\/vc_row][vc_row][vc_column][vc_raw_html]JTVCaW5jbHVkZS1wYWdlJTIwaWQlM0QlMjIlMkZjYWxlbmRhcmlvZGUlMjIlNUQ=[\/vc_raw_html][\/vc_column][\/vc_row]<\/p>\n","protected":false},"author":2,"featured_media":0,"parent":0,"menu_order":0,"comment_status":"closed","ping_status":"closed","template":"","meta":{"_monsterinsights_skip_tracking":false,"_monsterinsights_sitenote_active":false,"_monsterinsights_sitenote_note":"","_monsterinsights_sitenote_category":0},"yoast_head":"<!-- This site is optimized with the Yoast SEO plugin v18.2 - https:\/\/yoast.com\/wordpress\/plugins\/seo\/ -->\n<title>Last Minute offerte in Hotel 4 stelle con piscine termali SPA all inclusive nel prezzo - Hotel Terme Abano Verdi - Sito Ufficiale Hotel 4* Abano Terme<\/title>\n<meta name=\"description\" content=\"Last Minute - Spezielles Last-Minute-Angebot in Abano Terme, g\u00fcnstiger Wellnessurlaub, Hotel mit Swimmingpool, Spa, Garten im Freien mit B\u00e4umen.\" \/>\n<meta name=\"robots\" content=\"index, follow, max-snippet:-1, max-image-preview:large, max-video-preview:-1\" \/>\n<link rel=\"canonical\" href=\"https:\/\/www.abanoverdi.com\/de\/last-minute\/\" \/>\n<meta property=\"og:locale\" content=\"de_DE\" \/>\n<meta property=\"og:type\" content=\"article\" \/>\n<meta property=\"og:title\" content=\"Last Minute offerte in Hotel 4 stelle con piscine termali SPA all inclusive nel prezzo - Hotel Terme Abano Verdi - Sito Ufficiale Hotel 4* Abano Terme\" \/>\n<meta property=\"og:description\" content=\"Last Minute - Spezielles Last-Minute-Angebot in Abano Terme, g\u00fcnstiger Wellnessurlaub, Hotel mit Swimmingpool, Spa, Garten im Freien mit B\u00e4umen.\" \/>\n<meta property=\"og:url\" content=\"https:\/\/www.abanoverdi.com\/de\/last-minute\/\" \/>\n<meta property=\"og:site_name\" content=\"Hotel Terme Abano Verdi - Sito Ufficiale Hotel 4* Abano Terme\" \/>\n<meta property=\"article:publisher\" content=\"https:\/\/www.facebook.com\/HotelAbanoVerdi\" \/>\n<meta property=\"article:modified_time\" content=\"2022-04-20T12:42:56+00:00\" \/>\n<meta name=\"twitter:card\" content=\"summary_large_image\" \/>\n<meta name=\"twitter:site\" content=\"@abanoverdi\" \/>\n<meta name=\"twitter:label1\" content=\"Gesch\u00e4tzte Lesezeit\" \/>\n\t<meta name=\"twitter:data1\" content=\"1\u00a0Minute\" \/>\n<script type=\"application\/ld+json\" class=\"yoast-schema-graph\">{\"@context\":\"https:\/\/schema.org\",\"@graph\":[{\"@type\":\"Organization\",\"@id\":\"https:\/\/www.abanoverdi.com\/#organization\",\"name\":\"Hotel Terme Abano Verdi\",\"url\":\"https:\/\/www.abanoverdi.com\/\",\"sameAs\":[\"https:\/\/www.facebook.com\/HotelAbanoVerdi\",\"https:\/\/www.instagram.com\/hotelabanoverdi\/\",\"https:\/\/www.youtube.com\/channel\/UCCqIQp1lBXOEoN7lKyEdnEA\/\",\"https:\/\/www.pinterest.it\/HotelAbanoVerdi\/\",\"https:\/\/twitter.com\/abanoverdi\"],\"logo\":{\"@type\":\"ImageObject\",\"@id\":\"https:\/\/www.abanoverdi.com\/#logo\",\"inLanguage\":\"de\",\"url\":\"https:\/\/www.abanoverdi.com\/wp-content\/uploads\/2018\/11\/logo-verdi-compresso-1.png\",\"contentUrl\":\"https:\/\/www.abanoverdi.com\/wp-content\/uploads\/2018\/11\/logo-verdi-compresso-1.png\",\"width\":206,\"height\":92,\"caption\":\"Hotel Terme Abano Verdi\"},\"image\":{\"@id\":\"https:\/\/www.abanoverdi.com\/#logo\"}},{\"@type\":\"WebSite\",\"@id\":\"https:\/\/www.abanoverdi.com\/#website\",\"url\":\"https:\/\/www.abanoverdi.com\/\",\"name\":\"Hotel Terme Abano Verdi - Sito Ufficiale Hotel 4* Abano Terme\",\"description\":\"Hotel Abano Terme 4 stelle con SPA e Piscine termali\",\"publisher\":{\"@id\":\"https:\/\/www.abanoverdi.com\/#organization\"},\"potentialAction\":[{\"@type\":\"SearchAction\",\"target\":{\"@type\":\"EntryPoint\",\"urlTemplate\":\"https:\/\/www.abanoverdi.com\/?s={search_term_string}\"},\"query-input\":\"required name=search_term_string\"}],\"inLanguage\":\"de\"},{\"@type\":\"WebPage\",\"@id\":\"https:\/\/www.abanoverdi.com\/de\/last-minute\/#webpage\",\"url\":\"https:\/\/www.abanoverdi.com\/de\/last-minute\/\",\"name\":\"Last Minute offerte in Hotel 4 stelle con piscine termali SPA all inclusive nel prezzo - Hotel Terme Abano Verdi - Sito Ufficiale Hotel 4* Abano Terme\",\"isPartOf\":{\"@id\":\"https:\/\/www.abanoverdi.com\/#website\"},\"datePublished\":\"2018-12-05T18:00:36+00:00\",\"dateModified\":\"2022-04-20T12:42:56+00:00\",\"description\":\"Last Minute - Spezielles Last-Minute-Angebot in Abano Terme, g\u00fcnstiger Wellnessurlaub, Hotel mit Swimmingpool, Spa, Garten im Freien mit B\u00e4umen.\",\"breadcrumb\":{\"@id\":\"https:\/\/www.abanoverdi.com\/de\/last-minute\/#breadcrumb\"},\"inLanguage\":\"de\",\"potentialAction\":[{\"@type\":\"ReadAction\",\"target\":[\"https:\/\/www.abanoverdi.com\/de\/last-minute\/\"]}]},{\"@type\":\"BreadcrumbList\",\"@id\":\"https:\/\/www.abanoverdi.com\/de\/last-minute\/#breadcrumb\",\"itemListElement\":[{\"@type\":\"ListItem\",\"position\":1,\"name\":\"Home\",\"item\":\"https:\/\/www.abanoverdi.com\/de\/\"},{\"@type\":\"ListItem\",\"position\":2,\"name\":\"Last Minute\"}]}]}<\/script>\n<!-- \/ Yoast SEO plugin. -->","yoast_head_json":{"title":"Last Minute offerte in Hotel 4 stelle con piscine termali SPA all inclusive nel prezzo - Hotel Terme Abano Verdi - Sito Ufficiale Hotel 4* Abano Terme","description":"Last Minute - Spezielles Last-Minute-Angebot in Abano Terme, g\u00fcnstiger Wellnessurlaub, Hotel mit Swimmingpool, Spa, Garten im Freien mit B\u00e4umen.","robots":{"index":"index","follow":"follow","max-snippet":"max-snippet:-1","max-image-preview":"max-image-preview:large","max-video-preview":"max-video-preview:-1"},"canonical":"https:\/\/www.abanoverdi.com\/de\/last-minute\/","og_locale":"de_DE","og_type":"article","og_title":"Last Minute offerte in Hotel 4 stelle con piscine termali SPA all inclusive nel prezzo - Hotel Terme Abano Verdi - Sito Ufficiale Hotel 4* Abano Terme","og_description":"Last Minute - Spezielles Last-Minute-Angebot in Abano Terme, g\u00fcnstiger Wellnessurlaub, Hotel mit Swimmingpool, Spa, Garten im Freien mit B\u00e4umen.","og_url":"https:\/\/www.abanoverdi.com\/de\/last-minute\/","og_site_name":"Hotel Terme Abano Verdi - Sito Ufficiale Hotel 4* Abano Terme","article_publisher":"https:\/\/www.facebook.com\/HotelAbanoVerdi","article_modified_time":"2022-04-20T12:42:56+00:00","twitter_card":"summary_large_image","twitter_site":"@abanoverdi","twitter_misc":{"Gesch\u00e4tzte Lesezeit":"1\u00a0Minute"},"schema":{"@context":"https:\/\/schema.org","@graph":[{"@type":"Organization","@id":"https:\/\/www.abanoverdi.com\/#organization","name":"Hotel Terme Abano Verdi","url":"https:\/\/www.abanoverdi.com\/","sameAs":["https:\/\/www.facebook.com\/HotelAbanoVerdi","https:\/\/www.instagram.com\/hotelabanoverdi\/","https:\/\/www.youtube.com\/channel\/UCCqIQp1lBXOEoN7lKyEdnEA\/","https:\/\/www.pinterest.it\/HotelAbanoVerdi\/","https:\/\/twitter.com\/abanoverdi"],"logo":{"@type":"ImageObject","@id":"https:\/\/www.abanoverdi.com\/#logo","inLanguage":"de","url":"https:\/\/www.abanoverdi.com\/wp-content\/uploads\/2018\/11\/logo-verdi-compresso-1.png","contentUrl":"https:\/\/www.abanoverdi.com\/wp-content\/uploads\/2018\/11\/logo-verdi-compresso-1.png","width":206,"height":92,"caption":"Hotel Terme Abano Verdi"},"image":{"@id":"https:\/\/www.abanoverdi.com\/#logo"}},{"@type":"WebSite","@id":"https:\/\/www.abanoverdi.com\/#website","url":"https:\/\/www.abanoverdi.com\/","name":"Hotel Terme Abano Verdi - Sito Ufficiale Hotel 4* Abano Terme","description":"Hotel Abano Terme 4 stelle con SPA e Piscine termali","publisher":{"@id":"https:\/\/www.abanoverdi.com\/#organization"},"potentialAction":[{"@type":"SearchAction","target":{"@type":"EntryPoint","urlTemplate":"https:\/\/www.abanoverdi.com\/?s={search_term_string}"},"query-input":"required name=search_term_string"}],"inLanguage":"de"},{"@type":"WebPage","@id":"https:\/\/www.abanoverdi.com\/de\/last-minute\/#webpage","url":"https:\/\/www.abanoverdi.com\/de\/last-minute\/","name":"Last Minute offerte in Hotel 4 stelle con piscine termali SPA all inclusive nel prezzo - Hotel Terme Abano Verdi - Sito Ufficiale Hotel 4* Abano Terme","isPartOf":{"@id":"https:\/\/www.abanoverdi.com\/#website"},"datePublished":"2018-12-05T18:00:36+00:00","dateModified":"2022-04-20T12:42:56+00:00","description":"Last Minute - Spezielles Last-Minute-Angebot in Abano Terme, g\u00fcnstiger Wellnessurlaub, Hotel mit Swimmingpool, Spa, Garten im Freien mit B\u00e4umen.","breadcrumb":{"@id":"https:\/\/www.abanoverdi.com\/de\/last-minute\/#breadcrumb"},"inLanguage":"de","potentialAction":[{"@type":"ReadAction","target":["https:\/\/www.abanoverdi.com\/de\/last-minute\/"]}]},{"@type":"BreadcrumbList","@id":"https:\/\/www.abanoverdi.com\/de\/last-minute\/#breadcrumb","itemListElement":[{"@type":"ListItem","position":1,"name":"Home","item":"https:\/\/www.abanoverdi.com\/de\/"},{"@type":"ListItem","position":2,"name":"Last Minute"}]}]}},"_links":{"self":[{"href":"https:\/\/www.abanoverdi.com\/de\/wp-json\/wp\/v2\/pages\/5840"}],"collection":[{"href":"https:\/\/www.abanoverdi.com\/de\/wp-json\/wp\/v2\/pages"}],"about":[{"href":"https:\/\/www.abanoverdi.com\/de\/wp-json\/wp\/v2\/types\/page"}],"author":[{"embeddable":true,"href":"https:\/\/www.abanoverdi.com\/de\/wp-json\/wp\/v2\/users\/2"}],"replies":[{"embeddable":true,"href":"https:\/\/www.abanoverdi.com\/de\/wp-json\/wp\/v2\/comments?post=5840"}],"version-history":[{"count":10,"href":"https:\/\/www.abanoverdi.com\/de\/wp-json\/wp\/v2\/pages\/5840\/revisions"}],"predecessor-version":[{"id":11780,"href":"https:\/\/www.abanoverdi.com\/de\/wp-json\/wp\/v2\/pages\/5840\/revisions\/11780"}],"wp:attachment":[{"href":"https:\/\/www.abanoverdi.com\/de\/wp-json\/wp\/v2\/media?parent=5840"}],"curies":[{"name":"wp","href":"https:\/\/api.w.org\/{rel}","templated":true}]}}