{"id":5835,"date":"2019-02-21T18:24:14","date_gmt":"2019-02-21T17:24:14","guid":{"rendered":"https:\/\/www.hotelverdi.net\/gift-card\/"},"modified":"2020-02-12T12:54:26","modified_gmt":"2020-02-12T11:54:26","slug":"geschenkkarte","status":"publish","type":"page","link":"https:\/\/www.abanoverdi.com\/de\/geschenkkarte\/","title":{"rendered":"Geschenkkarte"},"content":{"rendered":"<p>[vc_row][vc_column width=&#8220;1\/2&#8243;]<div style=\"background-color:;height: 10px\" class=\"nicdark_section  \"><\/div> <h2 style=\"color:#727475;padding:px;text-align:right;font-size:40px;line-height:50px;letter-spacing: px;font-weight:normal\" class=\"  nd_options_text_align_center_responsive_important nd_options_first_font \">Die Geschenkkarte<\/h2>  <h3 style=\"color:#727475;padding:px;text-align:right;font-size:25px;line-height:30px;letter-spacing: px;font-weight:normal\" class=\"  nd_options_text_align_center_responsive_important nd_options_first_font \">Suchst du eine neue und originale Geschenkidee?<\/h3> <div style=\"background-color:;height: 17px\" class=\"nicdark_section  \"><\/div>[vc_column_text]<\/p>\n<p style=\"text-align: right;\">Mit dem Geschenkgutschein bist du sicher, ein angenehmes Geschenk zu machen. W\u00e4hl die Summe, die du w\u00fcnschst und schenke, wem du m\u00f6chtest, die Emotion zu w\u00e4hlen, was man bevorzugt! Immer mit der Garantie der Qualit\u00e4t der Dienstleistungen und der vom Hotel Abano Verdi angebotene Vorschl\u00e4ge. Setze dich in Verbindung mit uns, um mehrere Informationen zu haben!<\/p>\n<p>[\/vc_column_text][\/vc_column][vc_column width=&#8220;1\/2&#8243;]<div style=\"background-color:;height: 20px\" class=\"nicdark_section  \"><\/div>[vc_masonry_media_grid element_width=&#8220;6&#8243; item=&#8220;masonryMedia_ScaleWithRotationLight&#8220; grid_id=&#8220;vc_gid:1581508440694-8375db0f-89d7-5&#8243; include=&#8220;3607,7781&#8243;][vc_masonry_media_grid element_width=&#8220;6&#8243; item=&#8220;masonryMedia_ScaleWithRotationLight&#8220; grid_id=&#8220;vc_gid:1581508440694-64e6fc82-a4a6-6&#8243; include=&#8220;3591,7256&#8243; css=&#8220;.vc_custom_1581508435004{margin-top: 0px !important;border-top-width: 0px !important;padding-top: 0px !important;}&#8220;][\/vc_column][\/vc_row][vc_row][vc_column]<div style=\"background-color:;height: 40px\" class=\"nicdark_section  \"><\/div>[vc_column_text]<\/p>\n<h3 style=\"text-align: center;\"><a href=\"mailto:info@abanoverdi.com\">F\u00fcr weitere Informationen <strong>kontaktieren Sie uns<\/strong><\/a><\/h3>\n<p>[\/vc_column_text]<div style=\"background-color:;height: 40px\" class=\"nicdark_section  \"><\/div>[\/vc_column][\/vc_row][vc_row][vc_column][vc_raw_html]JTVCaW5jbHVkZS1wYWdlJTIwaWQlM0QlMjIlMkZjYWxlbmRhcmlvZGUlMjIlNUQ=[\/vc_raw_html][\/vc_column][\/vc_row]<\/p>\n","protected":false},"excerpt":{"rendered":"<p>[vc_row][vc_column width=&#8220;1\/2&#8243;][vc_column_text] Mit dem Geschenkgutschein bist du sicher, ein angenehmes Geschenk zu machen. W\u00e4hl die Summe, die du w\u00fcnschst und schenke, wem du m\u00f6chtest, die Emotion zu w\u00e4hlen, was man bevorzugt! Immer mit der Garantie der Qualit\u00e4t der Dienstleistungen und der vom Hotel Abano Verdi angebotene Vorschl\u00e4ge. Setze dich in Verbindung mit uns, um mehrere [&hellip;]<\/p>\n","protected":false},"author":2,"featured_media":0,"parent":0,"menu_order":0,"comment_status":"closed","ping_status":"closed","template":"","meta":{"_monsterinsights_skip_tracking":false,"_monsterinsights_sitenote_active":false,"_monsterinsights_sitenote_note":"","_monsterinsights_sitenote_category":0},"yoast_head":"<!-- This site is optimized with the Yoast SEO plugin v18.2 - https:\/\/yoast.com\/wordpress\/plugins\/seo\/ -->\n<title>Geschenkkarte - Hotel Terme Abano Verdi - Sito Ufficiale Hotel 4* Abano Terme<\/title>\n<meta name=\"description\" content=\"Geschenkkarte Con le\u00a0Gift Card\u00a0di sicuro farai un regalo gradito. Scegli l\u2019importo che desideri e regala a chi vuoi tu l\u2019emozione di scegliere ci\u00f2 che preferisce.\" \/>\n<meta name=\"robots\" content=\"index, follow, max-snippet:-1, max-image-preview:large, max-video-preview:-1\" \/>\n<link rel=\"canonical\" href=\"https:\/\/www.abanoverdi.com\/de\/geschenkkarte\/\" \/>\n<meta property=\"og:locale\" content=\"de_DE\" \/>\n<meta property=\"og:type\" content=\"article\" \/>\n<meta property=\"og:title\" content=\"Geschenkkarte - Hotel Terme Abano Verdi - Sito Ufficiale Hotel 4* Abano Terme\" \/>\n<meta property=\"og:description\" content=\"Geschenkkarte Con le\u00a0Gift Card\u00a0di sicuro farai un regalo gradito. Scegli l\u2019importo che desideri e regala a chi vuoi tu l\u2019emozione di scegliere ci\u00f2 che preferisce.\" \/>\n<meta property=\"og:url\" content=\"https:\/\/www.abanoverdi.com\/de\/geschenkkarte\/\" \/>\n<meta property=\"og:site_name\" content=\"Hotel Terme Abano Verdi - Sito Ufficiale Hotel 4* Abano Terme\" \/>\n<meta property=\"article:publisher\" content=\"https:\/\/www.facebook.com\/HotelAbanoVerdi\" \/>\n<meta property=\"article:modified_time\" content=\"2020-02-12T11:54:26+00:00\" \/>\n<meta name=\"twitter:card\" content=\"summary_large_image\" \/>\n<meta name=\"twitter:site\" content=\"@abanoverdi\" \/>\n<meta name=\"twitter:label1\" content=\"Gesch\u00e4tzte Lesezeit\" \/>\n\t<meta name=\"twitter:data1\" content=\"2\u00a0Minuten\" \/>\n<script type=\"application\/ld+json\" class=\"yoast-schema-graph\">{\"@context\":\"https:\/\/schema.org\",\"@graph\":[{\"@type\":\"Organization\",\"@id\":\"https:\/\/www.abanoverdi.com\/#organization\",\"name\":\"Hotel Terme Abano Verdi\",\"url\":\"https:\/\/www.abanoverdi.com\/\",\"sameAs\":[\"https:\/\/www.facebook.com\/HotelAbanoVerdi\",\"https:\/\/www.instagram.com\/hotelabanoverdi\/\",\"https:\/\/www.youtube.com\/channel\/UCCqIQp1lBXOEoN7lKyEdnEA\/\",\"https:\/\/www.pinterest.it\/HotelAbanoVerdi\/\",\"https:\/\/twitter.com\/abanoverdi\"],\"logo\":{\"@type\":\"ImageObject\",\"@id\":\"https:\/\/www.abanoverdi.com\/#logo\",\"inLanguage\":\"de\",\"url\":\"https:\/\/www.abanoverdi.com\/wp-content\/uploads\/2018\/11\/logo-verdi-compresso-1.png\",\"contentUrl\":\"https:\/\/www.abanoverdi.com\/wp-content\/uploads\/2018\/11\/logo-verdi-compresso-1.png\",\"width\":206,\"height\":92,\"caption\":\"Hotel Terme Abano Verdi\"},\"image\":{\"@id\":\"https:\/\/www.abanoverdi.com\/#logo\"}},{\"@type\":\"WebSite\",\"@id\":\"https:\/\/www.abanoverdi.com\/#website\",\"url\":\"https:\/\/www.abanoverdi.com\/\",\"name\":\"Hotel Terme Abano Verdi - Sito Ufficiale Hotel 4* Abano Terme\",\"description\":\"Hotel Abano Terme 4 stelle con SPA e Piscine termali\",\"publisher\":{\"@id\":\"https:\/\/www.abanoverdi.com\/#organization\"},\"potentialAction\":[{\"@type\":\"SearchAction\",\"target\":{\"@type\":\"EntryPoint\",\"urlTemplate\":\"https:\/\/www.abanoverdi.com\/?s={search_term_string}\"},\"query-input\":\"required name=search_term_string\"}],\"inLanguage\":\"de\"},{\"@type\":\"WebPage\",\"@id\":\"https:\/\/www.abanoverdi.com\/de\/geschenkkarte\/#webpage\",\"url\":\"https:\/\/www.abanoverdi.com\/de\/geschenkkarte\/\",\"name\":\"Geschenkkarte - Hotel Terme Abano Verdi - Sito Ufficiale Hotel 4* Abano Terme\",\"isPartOf\":{\"@id\":\"https:\/\/www.abanoverdi.com\/#website\"},\"datePublished\":\"2019-02-21T17:24:14+00:00\",\"dateModified\":\"2020-02-12T11:54:26+00:00\",\"description\":\"Geschenkkarte Con le\u00a0Gift Card\u00a0di sicuro farai un regalo gradito. Scegli l\u2019importo che desideri e regala a chi vuoi tu l\u2019emozione di scegliere ci\u00f2 che preferisce.\",\"breadcrumb\":{\"@id\":\"https:\/\/www.abanoverdi.com\/de\/geschenkkarte\/#breadcrumb\"},\"inLanguage\":\"de\",\"potentialAction\":[{\"@type\":\"ReadAction\",\"target\":[\"https:\/\/www.abanoverdi.com\/de\/geschenkkarte\/\"]}]},{\"@type\":\"BreadcrumbList\",\"@id\":\"https:\/\/www.abanoverdi.com\/de\/geschenkkarte\/#breadcrumb\",\"itemListElement\":[{\"@type\":\"ListItem\",\"position\":1,\"name\":\"Home\",\"item\":\"https:\/\/www.abanoverdi.com\/de\/\"},{\"@type\":\"ListItem\",\"position\":2,\"name\":\"Geschenkkarte\"}]}]}<\/script>\n<!-- \/ Yoast SEO plugin. -->","yoast_head_json":{"title":"Geschenkkarte - Hotel Terme Abano Verdi - Sito Ufficiale Hotel 4* Abano Terme","description":"Geschenkkarte Con le\u00a0Gift Card\u00a0di sicuro farai un regalo gradito. Scegli l\u2019importo che desideri e regala a chi vuoi tu l\u2019emozione di scegliere ci\u00f2 che preferisce.","robots":{"index":"index","follow":"follow","max-snippet":"max-snippet:-1","max-image-preview":"max-image-preview:large","max-video-preview":"max-video-preview:-1"},"canonical":"https:\/\/www.abanoverdi.com\/de\/geschenkkarte\/","og_locale":"de_DE","og_type":"article","og_title":"Geschenkkarte - Hotel Terme Abano Verdi - Sito Ufficiale Hotel 4* Abano Terme","og_description":"Geschenkkarte Con le\u00a0Gift Card\u00a0di sicuro farai un regalo gradito. Scegli l\u2019importo che desideri e regala a chi vuoi tu l\u2019emozione di scegliere ci\u00f2 che preferisce.","og_url":"https:\/\/www.abanoverdi.com\/de\/geschenkkarte\/","og_site_name":"Hotel Terme Abano Verdi - Sito Ufficiale Hotel 4* Abano Terme","article_publisher":"https:\/\/www.facebook.com\/HotelAbanoVerdi","article_modified_time":"2020-02-12T11:54:26+00:00","twitter_card":"summary_large_image","twitter_site":"@abanoverdi","twitter_misc":{"Gesch\u00e4tzte Lesezeit":"2\u00a0Minuten"},"schema":{"@context":"https:\/\/schema.org","@graph":[{"@type":"Organization","@id":"https:\/\/www.abanoverdi.com\/#organization","name":"Hotel Terme Abano Verdi","url":"https:\/\/www.abanoverdi.com\/","sameAs":["https:\/\/www.facebook.com\/HotelAbanoVerdi","https:\/\/www.instagram.com\/hotelabanoverdi\/","https:\/\/www.youtube.com\/channel\/UCCqIQp1lBXOEoN7lKyEdnEA\/","https:\/\/www.pinterest.it\/HotelAbanoVerdi\/","https:\/\/twitter.com\/abanoverdi"],"logo":{"@type":"ImageObject","@id":"https:\/\/www.abanoverdi.com\/#logo","inLanguage":"de","url":"https:\/\/www.abanoverdi.com\/wp-content\/uploads\/2018\/11\/logo-verdi-compresso-1.png","contentUrl":"https:\/\/www.abanoverdi.com\/wp-content\/uploads\/2018\/11\/logo-verdi-compresso-1.png","width":206,"height":92,"caption":"Hotel Terme Abano Verdi"},"image":{"@id":"https:\/\/www.abanoverdi.com\/#logo"}},{"@type":"WebSite","@id":"https:\/\/www.abanoverdi.com\/#website","url":"https:\/\/www.abanoverdi.com\/","name":"Hotel Terme Abano Verdi - Sito Ufficiale Hotel 4* Abano Terme","description":"Hotel Abano Terme 4 stelle con SPA e Piscine termali","publisher":{"@id":"https:\/\/www.abanoverdi.com\/#organization"},"potentialAction":[{"@type":"SearchAction","target":{"@type":"EntryPoint","urlTemplate":"https:\/\/www.abanoverdi.com\/?s={search_term_string}"},"query-input":"required name=search_term_string"}],"inLanguage":"de"},{"@type":"WebPage","@id":"https:\/\/www.abanoverdi.com\/de\/geschenkkarte\/#webpage","url":"https:\/\/www.abanoverdi.com\/de\/geschenkkarte\/","name":"Geschenkkarte - Hotel Terme Abano Verdi - Sito Ufficiale Hotel 4* Abano Terme","isPartOf":{"@id":"https:\/\/www.abanoverdi.com\/#website"},"datePublished":"2019-02-21T17:24:14+00:00","dateModified":"2020-02-12T11:54:26+00:00","description":"Geschenkkarte Con le\u00a0Gift Card\u00a0di sicuro farai un regalo gradito. Scegli l\u2019importo che desideri e regala a chi vuoi tu l\u2019emozione di scegliere ci\u00f2 che preferisce.","breadcrumb":{"@id":"https:\/\/www.abanoverdi.com\/de\/geschenkkarte\/#breadcrumb"},"inLanguage":"de","potentialAction":[{"@type":"ReadAction","target":["https:\/\/www.abanoverdi.com\/de\/geschenkkarte\/"]}]},{"@type":"BreadcrumbList","@id":"https:\/\/www.abanoverdi.com\/de\/geschenkkarte\/#breadcrumb","itemListElement":[{"@type":"ListItem","position":1,"name":"Home","item":"https:\/\/www.abanoverdi.com\/de\/"},{"@type":"ListItem","position":2,"name":"Geschenkkarte"}]}]}},"_links":{"self":[{"href":"https:\/\/www.abanoverdi.com\/de\/wp-json\/wp\/v2\/pages\/5835"}],"collection":[{"href":"https:\/\/www.abanoverdi.com\/de\/wp-json\/wp\/v2\/pages"}],"about":[{"href":"https:\/\/www.abanoverdi.com\/de\/wp-json\/wp\/v2\/types\/page"}],"author":[{"embeddable":true,"href":"https:\/\/www.abanoverdi.com\/de\/wp-json\/wp\/v2\/users\/2"}],"replies":[{"embeddable":true,"href":"https:\/\/www.abanoverdi.com\/de\/wp-json\/wp\/v2\/comments?post=5835"}],"version-history":[{"count":6,"href":"https:\/\/www.abanoverdi.com\/de\/wp-json\/wp\/v2\/pages\/5835\/revisions"}],"predecessor-version":[{"id":8067,"href":"https:\/\/www.abanoverdi.com\/de\/wp-json\/wp\/v2\/pages\/5835\/revisions\/8067"}],"wp:attachment":[{"href":"https:\/\/www.abanoverdi.com\/de\/wp-json\/wp\/v2\/media?parent=5835"}],"curies":[{"name":"wp","href":"https:\/\/api.w.org\/{rel}","templated":true}]}}