{"id":5754,"date":"2019-02-18T15:38:51","date_gmt":"2019-02-18T14:38:51","guid":{"rendered":"https:\/\/www.hotelverdi.net\/terme-abano\/"},"modified":"2019-06-25T14:35:41","modified_gmt":"2019-06-25T12:35:41","slug":"die-thermen-von-abano","status":"publish","type":"page","link":"https:\/\/www.abanoverdi.com\/de\/die-thermen-von-abano\/","title":{"rendered":"Die Thermen von Abano"},"content":{"rendered":"<p>[vc_row][vc_column width=&#8220;1\/2&#8243;]<div style=\"background-color:;height: 10px\" class=\"nicdark_section  \"><\/div> <h2 style=\"color:#727475;padding:px;text-align:right;font-size:40px;line-height:50px;letter-spacing: px;font-weight:normal\" class=\"  nd_options_text_align_center_responsive_important nd_options_first_font \">Abano Terme l\u00e4sst sich dank einer langen Geschichte und einer wichtigen Tradition in der Fango- Bad-Therapie als die gr\u00f6\u00dfte Thermalstation beschreiben.<\/h2> <div style=\"background-color:;height: 75px\" class=\"nicdark_section  \"><\/div>[\/vc_column][vc_column width=&#8220;1\/2&#8243;]<div style=\"background-color:;height: 20px\" class=\"nicdark_section  \"><\/div>[vc_column_text]Aponus, von der therapeutischen Wirkungen geweihte Wasserquelle und Name des Gottes des Thermalwassers, hat die Thermen von Abano, im Verlauf 2000 Jahre, in dem idealen Ziel verwandelt, um Gesundheit und Entspannung wiederzufinden. Die Thermalwasser sind ein Allheilmittel f\u00fcr unsere Gesundheit, sind die authentische<em> Salus per Aquam<\/em> (SPA).[\/vc_column_text]<div style=\"background-color:;height: 55px\" class=\"nicdark_section  \"><\/div>[\/vc_column][\/vc_row][vc_row][vc_column width=&#8220;1\/2&#8243;]\n\n  <!--START team-->\n  <div class=\" nd_options_team_component_l5 nd_options_section nd_options_box_sizing_border_box nd_options_team_testimonials \">    \n    <div class=\"nd_options_section nd_options_position_relative\">\n\n      <img alt=\"\" class=\"nd_options_section\" src=\"https:\/\/www.abanoverdi.com\/wp-content\/uploads\/2019\/02\/risorgiva-1024x683.jpg\">\n\n      <div class=\"nd_options_bg_greydark_alpha_gradient_3 nd_options_position_absolute nd_options_left_0 nd_options_height_100_percentage nd_options_width_100_percentage nd_options_box_sizing_border_box\">\n        <div class=\"nd_options_position_absolute nd_options_bottom_30 nd_options_width_100_percentage nd_options_padding_botttom_0 nd_options_padding_50 nd_options_box_sizing_border_box nd_options_text_align_center\">\n          <h3 class=\"nd_options_color_white\">DAS THERMALWASSER<\/h3>\n          <div class=\"nd_options_section nd_options_height_10\"><\/div>\n          <h6 class=\"nd_options_color_white\"><strong><\/strong><\/h6>\n        <\/div>\n      <\/div>\n\n    <\/div>\n  <\/div>\n  <!--END team-->\n<div style=\"background-color:;height: 22px\" class=\"nicdark_section  \"><\/div>[vc_column_text]Das Thermalwasser flie\u00dft mit einer langen Reise tief in den Boden und dann steigt an die Oberfl\u00e4che mit einer Temperatur von 87\u00b0C aus der Quellen der Euganeischen Thermen. Das Wasser stammt aus den Becken der Lessini Berge, in den Voralpen, und dringt bis zu 2000-3000 m tief in den Boden durch den Kalkstein ein. W\u00e4hrend dieser Strecke reichert sich das Wasser mit Mineralsalzen an, die dem Thermalfango im langen Reifungsprozess gegeben werden. Es gibt auch eine besondere Mikroflora, die den Fango in einem regelrechten nat\u00fcrlichen \u201eHeilmittel\u201c verwandelt.[\/vc_column_text][\/vc_column][vc_column width=&#8220;1\/2&#8243;]\n\n  <!--START team-->\n  <div class=\" nd_options_team_component_l5 nd_options_section nd_options_box_sizing_border_box nd_options_team_testimonials \">    \n    <div class=\"nd_options_section nd_options_position_relative\">\n\n      <img alt=\"\" class=\"nd_options_section\" src=\"https:\/\/www.abanoverdi.com\/wp-content\/uploads\/2019\/02\/acqua-termale-1024x683.jpg\">\n\n      <div class=\"nd_options_bg_greydark_alpha_gradient_3 nd_options_position_absolute nd_options_left_0 nd_options_height_100_percentage nd_options_width_100_percentage nd_options_box_sizing_border_box\">\n        <div class=\"nd_options_position_absolute nd_options_bottom_30 nd_options_width_100_percentage nd_options_padding_botttom_0 nd_options_padding_50 nd_options_box_sizing_border_box nd_options_text_align_center\">\n          <h3 class=\"nd_options_color_white\">DIE AKTION DIESER MINERALSTOFFEN<\/h3>\n          <div class=\"nd_options_section nd_options_height_10\"><\/div>\n          <h6 class=\"nd_options_color_white\"><strong><\/strong><\/h6>\n        <\/div>\n      <\/div>\n\n    <\/div>\n  <\/div>\n  <!--END team-->\n<div style=\"background-color:;height: 22px\" class=\"nicdark_section  \"><\/div>[vc_column_text]Die Aktion dieser Mineralstoffen und der Temperatur des Wassers (von 34\u00b0C bis 37\u00b0C) erzeugt eine Wirkung von Muskelentspannung und eine wahrnehmbare Schmerzverminderung, eine Gelenkerstarkung und im Allgemeinen eine funktionelle K\u00f6rperverbesserung, auch im Zufall von posttraumatischer Rehabilitation. Die Thermen von Abano sind ein idyllischer heilsamer geschichts- und traditionsreicher Ort, ganz zu entdecken.[\/vc_column_text][\/vc_column][\/vc_row][vc_row][vc_column]<div style=\"background-color:;height: 55px\" class=\"nicdark_section  \"><\/div>[\/vc_column][\/vc_row][vc_row full_width=&#8220;stretch_row&#8220; parallax=&#8220;content-moving&#8220; parallax_image=&#8220;1937&#8243; css=&#8220;.vc_custom_1550502390094{margin-top: 0px !important;padding-top: 120px !important;padding-bottom: 180px !important;}&#8220; el_class=&#8220;nd_options_vc_parallax_filter_2_4&#8243; el_id=&#8220;img&#8220;][vc_column width=&#8220;1\/6&#8243;][\/vc_column][vc_column width=&#8220;2\/3&#8243; el_class=&#8220;nd_options_text_align_center&#8220;] <p style=\"color:#ffffff;padding:px;text-align:center;font-size:35px;line-height:39px;letter-spacing: px;font-weight:normal\" class=\"  nd_options_font_size_40_important_all_iphone nd_options_first_font \">``Ein einzigartiges Wohlbefinden durch das Thermalwasser und Thermalfango.``<\/p> <div style=\"background-color:;height: 30px\" class=\"nicdark_section  \"><\/div> <p style=\"color:#ffffff;padding:px;text-align:center;font-size:13px;line-height:25px;letter-spacing: 3px;font-weight:lighter\" class=\"   nd_options_second_font \">Hotel Terme Abano Verdi<\/p> <div style=\"background-color:;height: 30px\" class=\"nicdark_section  \"><\/div>[\/vc_column][vc_column width=&#8220;1\/6&#8243;][\/vc_column][\/vc_row][vc_row][vc_column][vc_raw_html]JTVCaW5jbHVkZS1wYWdlJTIwaWQlM0QlMjIlMkZjYWxlbmRhcmlvZGUlMjIlNUQ=[\/vc_raw_html][\/vc_column][\/vc_row][vc_row full_width=&#8220;stretch_row&#8220; el_id=&#8220;lastminute&#8220; css=&#8220;.vc_custom_1550251476932{margin-bottom: 0px !important;border-bottom-width: 0px !important;padding-bottom: 0px !important;background-color: #f9f9f9 !important;}&#8220;][vc_column][vc_raw_html css=&#8220;.vc_custom_1560942082175{margin-bottom: 0px !important;border-bottom-width: 0px !important;padding-bottom: 25px !important;}&#8220;]JTVCaW5jbHVkZS1wYWdlJTIwaWQlM0QlMjIlMkZpbmNsdWRlLWxhc3QtbWludXRlZGUlMjIlNUQ=[\/vc_raw_html][vc_masonry_grid post_type=&#8220;post&#8220; max_items=&#8220;3&#8243; style=&#8220;load-more&#8220; item=&#8220;6419&#8243; grid_id=&#8220;vc_gid:1561466110052-905d32dd-4169-10&#8243; taxonomies=&#8220;44&#8243; css=&#8220;.vc_custom_1561466139440{margin-top: 0px !important;border-top-width: 0px !important;padding-top: 0px !important;}&#8220;][\/vc_column][\/vc_row]<\/p>\n","protected":false},"excerpt":{"rendered":"<p>[vc_row][vc_column width=&#8220;1\/2&#8243;][\/vc_column][vc_column width=&#8220;1\/2&#8243;][vc_column_text]Aponus, von der therapeutischen Wirkungen geweihte Wasserquelle und Name des Gottes des Thermalwassers, hat die Thermen von Abano, im Verlauf 2000 Jahre, in dem idealen Ziel verwandelt, um Gesundheit und Entspannung wiederzufinden. Die Thermalwasser sind ein Allheilmittel f\u00fcr unsere Gesundheit, sind die authentische Salus per Aquam (SPA).[\/vc_column_text][\/vc_column][\/vc_row][vc_row][vc_column width=&#8220;1\/2&#8243;][vc_column_text]Das Thermalwasser flie\u00dft mit einer langen [&hellip;]<\/p>\n","protected":false},"author":2,"featured_media":0,"parent":0,"menu_order":0,"comment_status":"closed","ping_status":"closed","template":"","meta":{"_monsterinsights_skip_tracking":false,"_monsterinsights_sitenote_active":false,"_monsterinsights_sitenote_note":"","_monsterinsights_sitenote_category":0},"yoast_head":"<!-- This site is optimized with the Yoast SEO plugin v18.2 - https:\/\/yoast.com\/wordpress\/plugins\/seo\/ -->\n<title>Die Thermen von Abano l&#039;unicit\u00e0 delle acque termali di Abano e Montegrotto Terme - Hotel Terme Abano Verdi - Sito Ufficiale Hotel 4* Abano Terme<\/title>\n<meta name=\"description\" content=\"Die Thermen von Abano L&#039;acqua termale di Abano Terme rilassa i muscoli diminuendo il dolore, migliora la funzione generale del corpo.\" \/>\n<meta name=\"robots\" content=\"index, follow, max-snippet:-1, max-image-preview:large, max-video-preview:-1\" \/>\n<link rel=\"canonical\" href=\"https:\/\/www.abanoverdi.com\/de\/die-thermen-von-abano\/\" \/>\n<meta property=\"og:locale\" content=\"de_DE\" \/>\n<meta property=\"og:type\" content=\"article\" \/>\n<meta property=\"og:title\" content=\"Die Thermen von Abano l&#039;unicit\u00e0 delle acque termali di Abano e Montegrotto Terme - Hotel Terme Abano Verdi - Sito Ufficiale Hotel 4* Abano Terme\" \/>\n<meta property=\"og:description\" content=\"Die Thermen von Abano L&#039;acqua termale di Abano Terme rilassa i muscoli diminuendo il dolore, migliora la funzione generale del corpo.\" \/>\n<meta property=\"og:url\" content=\"https:\/\/www.abanoverdi.com\/de\/die-thermen-von-abano\/\" \/>\n<meta property=\"og:site_name\" content=\"Hotel Terme Abano Verdi - Sito Ufficiale Hotel 4* Abano Terme\" \/>\n<meta property=\"article:publisher\" content=\"https:\/\/www.facebook.com\/HotelAbanoVerdi\" \/>\n<meta property=\"article:modified_time\" content=\"2019-06-25T12:35:41+00:00\" \/>\n<meta name=\"twitter:card\" content=\"summary_large_image\" \/>\n<meta name=\"twitter:site\" content=\"@abanoverdi\" \/>\n<meta name=\"twitter:label1\" content=\"Gesch\u00e4tzte Lesezeit\" \/>\n\t<meta name=\"twitter:data1\" content=\"4\u00a0Minuten\" \/>\n<script type=\"application\/ld+json\" class=\"yoast-schema-graph\">{\"@context\":\"https:\/\/schema.org\",\"@graph\":[{\"@type\":\"Organization\",\"@id\":\"https:\/\/www.abanoverdi.com\/#organization\",\"name\":\"Hotel Terme Abano Verdi\",\"url\":\"https:\/\/www.abanoverdi.com\/\",\"sameAs\":[\"https:\/\/www.facebook.com\/HotelAbanoVerdi\",\"https:\/\/www.instagram.com\/hotelabanoverdi\/\",\"https:\/\/www.youtube.com\/channel\/UCCqIQp1lBXOEoN7lKyEdnEA\/\",\"https:\/\/www.pinterest.it\/HotelAbanoVerdi\/\",\"https:\/\/twitter.com\/abanoverdi\"],\"logo\":{\"@type\":\"ImageObject\",\"@id\":\"https:\/\/www.abanoverdi.com\/#logo\",\"inLanguage\":\"de\",\"url\":\"https:\/\/www.abanoverdi.com\/wp-content\/uploads\/2018\/11\/logo-verdi-compresso-1.png\",\"contentUrl\":\"https:\/\/www.abanoverdi.com\/wp-content\/uploads\/2018\/11\/logo-verdi-compresso-1.png\",\"width\":206,\"height\":92,\"caption\":\"Hotel Terme Abano Verdi\"},\"image\":{\"@id\":\"https:\/\/www.abanoverdi.com\/#logo\"}},{\"@type\":\"WebSite\",\"@id\":\"https:\/\/www.abanoverdi.com\/#website\",\"url\":\"https:\/\/www.abanoverdi.com\/\",\"name\":\"Hotel Terme Abano Verdi - Sito Ufficiale Hotel 4* Abano Terme\",\"description\":\"Hotel Abano Terme 4 stelle con SPA e Piscine termali\",\"publisher\":{\"@id\":\"https:\/\/www.abanoverdi.com\/#organization\"},\"potentialAction\":[{\"@type\":\"SearchAction\",\"target\":{\"@type\":\"EntryPoint\",\"urlTemplate\":\"https:\/\/www.abanoverdi.com\/?s={search_term_string}\"},\"query-input\":\"required name=search_term_string\"}],\"inLanguage\":\"de\"},{\"@type\":\"WebPage\",\"@id\":\"https:\/\/www.abanoverdi.com\/de\/die-thermen-von-abano\/#webpage\",\"url\":\"https:\/\/www.abanoverdi.com\/de\/die-thermen-von-abano\/\",\"name\":\"Die Thermen von Abano l'unicit\u00e0 delle acque termali di Abano e Montegrotto Terme - Hotel Terme Abano Verdi - Sito Ufficiale Hotel 4* Abano Terme\",\"isPartOf\":{\"@id\":\"https:\/\/www.abanoverdi.com\/#website\"},\"datePublished\":\"2019-02-18T14:38:51+00:00\",\"dateModified\":\"2019-06-25T12:35:41+00:00\",\"description\":\"Die Thermen von Abano L'acqua termale di Abano Terme rilassa i muscoli diminuendo il dolore, migliora la funzione generale del corpo.\",\"breadcrumb\":{\"@id\":\"https:\/\/www.abanoverdi.com\/de\/die-thermen-von-abano\/#breadcrumb\"},\"inLanguage\":\"de\",\"potentialAction\":[{\"@type\":\"ReadAction\",\"target\":[\"https:\/\/www.abanoverdi.com\/de\/die-thermen-von-abano\/\"]}]},{\"@type\":\"BreadcrumbList\",\"@id\":\"https:\/\/www.abanoverdi.com\/de\/die-thermen-von-abano\/#breadcrumb\",\"itemListElement\":[{\"@type\":\"ListItem\",\"position\":1,\"name\":\"Home\",\"item\":\"https:\/\/www.abanoverdi.com\/de\/\"},{\"@type\":\"ListItem\",\"position\":2,\"name\":\"Die Thermen von Abano\"}]}]}<\/script>\n<!-- \/ Yoast SEO plugin. -->","yoast_head_json":{"title":"Die Thermen von Abano l'unicit\u00e0 delle acque termali di Abano e Montegrotto Terme - Hotel Terme Abano Verdi - Sito Ufficiale Hotel 4* Abano Terme","description":"Die Thermen von Abano L'acqua termale di Abano Terme rilassa i muscoli diminuendo il dolore, migliora la funzione generale del corpo.","robots":{"index":"index","follow":"follow","max-snippet":"max-snippet:-1","max-image-preview":"max-image-preview:large","max-video-preview":"max-video-preview:-1"},"canonical":"https:\/\/www.abanoverdi.com\/de\/die-thermen-von-abano\/","og_locale":"de_DE","og_type":"article","og_title":"Die Thermen von Abano l'unicit\u00e0 delle acque termali di Abano e Montegrotto Terme - Hotel Terme Abano Verdi - Sito Ufficiale Hotel 4* Abano Terme","og_description":"Die Thermen von Abano L'acqua termale di Abano Terme rilassa i muscoli diminuendo il dolore, migliora la funzione generale del corpo.","og_url":"https:\/\/www.abanoverdi.com\/de\/die-thermen-von-abano\/","og_site_name":"Hotel Terme Abano Verdi - Sito Ufficiale Hotel 4* Abano Terme","article_publisher":"https:\/\/www.facebook.com\/HotelAbanoVerdi","article_modified_time":"2019-06-25T12:35:41+00:00","twitter_card":"summary_large_image","twitter_site":"@abanoverdi","twitter_misc":{"Gesch\u00e4tzte Lesezeit":"4\u00a0Minuten"},"schema":{"@context":"https:\/\/schema.org","@graph":[{"@type":"Organization","@id":"https:\/\/www.abanoverdi.com\/#organization","name":"Hotel Terme Abano Verdi","url":"https:\/\/www.abanoverdi.com\/","sameAs":["https:\/\/www.facebook.com\/HotelAbanoVerdi","https:\/\/www.instagram.com\/hotelabanoverdi\/","https:\/\/www.youtube.com\/channel\/UCCqIQp1lBXOEoN7lKyEdnEA\/","https:\/\/www.pinterest.it\/HotelAbanoVerdi\/","https:\/\/twitter.com\/abanoverdi"],"logo":{"@type":"ImageObject","@id":"https:\/\/www.abanoverdi.com\/#logo","inLanguage":"de","url":"https:\/\/www.abanoverdi.com\/wp-content\/uploads\/2018\/11\/logo-verdi-compresso-1.png","contentUrl":"https:\/\/www.abanoverdi.com\/wp-content\/uploads\/2018\/11\/logo-verdi-compresso-1.png","width":206,"height":92,"caption":"Hotel Terme Abano Verdi"},"image":{"@id":"https:\/\/www.abanoverdi.com\/#logo"}},{"@type":"WebSite","@id":"https:\/\/www.abanoverdi.com\/#website","url":"https:\/\/www.abanoverdi.com\/","name":"Hotel Terme Abano Verdi - Sito Ufficiale Hotel 4* Abano Terme","description":"Hotel Abano Terme 4 stelle con SPA e Piscine termali","publisher":{"@id":"https:\/\/www.abanoverdi.com\/#organization"},"potentialAction":[{"@type":"SearchAction","target":{"@type":"EntryPoint","urlTemplate":"https:\/\/www.abanoverdi.com\/?s={search_term_string}"},"query-input":"required name=search_term_string"}],"inLanguage":"de"},{"@type":"WebPage","@id":"https:\/\/www.abanoverdi.com\/de\/die-thermen-von-abano\/#webpage","url":"https:\/\/www.abanoverdi.com\/de\/die-thermen-von-abano\/","name":"Die Thermen von Abano l'unicit\u00e0 delle acque termali di Abano e Montegrotto Terme - Hotel Terme Abano Verdi - Sito Ufficiale Hotel 4* Abano Terme","isPartOf":{"@id":"https:\/\/www.abanoverdi.com\/#website"},"datePublished":"2019-02-18T14:38:51+00:00","dateModified":"2019-06-25T12:35:41+00:00","description":"Die Thermen von Abano L'acqua termale di Abano Terme rilassa i muscoli diminuendo il dolore, migliora la funzione generale del corpo.","breadcrumb":{"@id":"https:\/\/www.abanoverdi.com\/de\/die-thermen-von-abano\/#breadcrumb"},"inLanguage":"de","potentialAction":[{"@type":"ReadAction","target":["https:\/\/www.abanoverdi.com\/de\/die-thermen-von-abano\/"]}]},{"@type":"BreadcrumbList","@id":"https:\/\/www.abanoverdi.com\/de\/die-thermen-von-abano\/#breadcrumb","itemListElement":[{"@type":"ListItem","position":1,"name":"Home","item":"https:\/\/www.abanoverdi.com\/de\/"},{"@type":"ListItem","position":2,"name":"Die Thermen von Abano"}]}]}},"_links":{"self":[{"href":"https:\/\/www.abanoverdi.com\/de\/wp-json\/wp\/v2\/pages\/5754"}],"collection":[{"href":"https:\/\/www.abanoverdi.com\/de\/wp-json\/wp\/v2\/pages"}],"about":[{"href":"https:\/\/www.abanoverdi.com\/de\/wp-json\/wp\/v2\/types\/page"}],"author":[{"embeddable":true,"href":"https:\/\/www.abanoverdi.com\/de\/wp-json\/wp\/v2\/users\/2"}],"replies":[{"embeddable":true,"href":"https:\/\/www.abanoverdi.com\/de\/wp-json\/wp\/v2\/comments?post=5754"}],"version-history":[{"count":4,"href":"https:\/\/www.abanoverdi.com\/de\/wp-json\/wp\/v2\/pages\/5754\/revisions"}],"predecessor-version":[{"id":6456,"href":"https:\/\/www.abanoverdi.com\/de\/wp-json\/wp\/v2\/pages\/5754\/revisions\/6456"}],"wp:attachment":[{"href":"https:\/\/www.abanoverdi.com\/de\/wp-json\/wp\/v2\/media?parent=5754"}],"curies":[{"name":"wp","href":"https:\/\/api.w.org\/{rel}","templated":true}]}}