{"id":5737,"date":"2019-02-25T19:06:44","date_gmt":"2019-02-25T18:06:44","guid":{"rendered":"https:\/\/www.hotelverdi.net\/ospitalita\/"},"modified":"2019-06-25T14:36:52","modified_gmt":"2019-06-25T12:36:52","slug":"gastfreundschaft-und-tradition","status":"publish","type":"page","link":"https:\/\/www.abanoverdi.com\/de\/gastfreundschaft-und-tradition\/","title":{"rendered":"Gastfreundschaft und Tradition"},"content":{"rendered":"<p>[vc_row][vc_column width=&#8220;1\/2&#8243;]<div style=\"background-color:;height: 10px\" class=\"nicdark_section  \"><\/div> <h2 style=\"color:#727475;padding:px;text-align:right;font-size:40px;line-height:50px;letter-spacing: px;font-weight:normal\" class=\"  nd_options_text_align_center_responsive_important nd_options_first_font \">Genie\u00df die Erfahrung einer Reise in einer ganz neuen Szenerie, wo du selbst der einzige Protagonist deines Wohlbefindens wirst.<\/h2> <div style=\"background-color:;height: 45px\" class=\"nicdark_section  \"><\/div>[\/vc_column][vc_column width=&#8220;1\/2&#8243;]<div style=\"background-color:;height: 20px\" class=\"nicdark_section  \"><\/div>[vc_column_text]Die Familie Fioraso und ihre Mitarbeiter sind immer bereit, dich willkommen zu hei\u00dfen und dich mit gr\u00f6\u00dfter H\u00f6flichkeit und best\u00e4ndiger Aufmerksamkeit zu empfangen, um deinen Bed\u00fcrfnissen nachzukommen, um dir deinen Aufenthalt in einer vertrauten Atmosph\u00e4re verbringen zu lassen, wo jede Geste auf eine nat\u00fcrliche Weise erwartet wird, wo die Sorgfalt auf die Einzelheiten nicht zuf\u00e4llig ist, wo die Bedeutung des Wohlbefindens und die Entspannung des Gastes eine Lebensphilosophie ausdr\u00fccken.[\/vc_column_text]<div style=\"background-color:;height: 45px\" class=\"nicdark_section  \"><\/div>[\/vc_column][\/vc_row][vc_row full_width=&#8220;stretch_row_content&#8220;][vc_column][vc_masonry_media_grid element_width=&#8220;3&#8243; item=&#8220;mediaGrid_Default&#8220; grid_id=&#8220;vc_gid:1561466069670-f3be24db-03c2-6&#8243; include=&#8220;2180,2478,3600,2506&#8243;][\/vc_column][\/vc_row][vc_row][vc_column width=&#8220;1\/2&#8243;]<div style=\"background-color:;height: 10px\" class=\"nicdark_section  \"><\/div>[vc_column_text]Leiste dir den Genuss, den Blick \u00fcber die sanfte H\u00fcgelkette freizulassen, von den intensiven D\u00fcften begleitet, die die Natur schenkt, in diesem einzigartigen Rahmen der <strong>Euganeischen H\u00fcgel<\/strong>.[\/vc_column_text]<div style=\"background-color:;height: 45px\" class=\"nicdark_section  \"><\/div>[\/vc_column][vc_column width=&#8220;1\/2&#8243;]<div style=\"background-color:;height: 10px\" class=\"nicdark_section  \"><\/div>[vc_column_text]Lass dich von den unendlichen Nuancierungen des Gr\u00fcnes inspirieren und, wie ein Grashalm auf einer blumenbedeckten Wiese, lass dich von den Reinheitskennzeichen der Luft, der Erde und des Wassers wiegen, um jenseits der Grenzen deines Gedankens zu fliegen.[\/vc_column_text]<div style=\"background-color:;height: 45px\" class=\"nicdark_section  \"><\/div>[\/vc_column][\/vc_row][vc_row full_width=&#8220;stretch_row&#8220; parallax=&#8220;content-moving&#8220; parallax_image=&#8220;3397&#8243; css=&#8220;.vc_custom_1551119378852{margin-top: 0px !important;padding-top: 120px !important;padding-bottom: 180px !important;}&#8220; el_class=&#8220;nd_options_vc_parallax_filter_2_4&#8243; el_id=&#8220;img&#8220;][vc_column width=&#8220;1\/6&#8243;][\/vc_column][vc_column width=&#8220;2\/3&#8243; el_class=&#8220;nd_options_text_align_center&#8220;] <p style=\"color:#ffffff;padding:px;text-align:center;font-size:35px;line-height:39px;letter-spacing: px;font-weight:normal\" class=\"  nd_options_font_size_40_important_all_iphone nd_options_first_font \">``Die H\u00f6flichkeit ist dem Mensch, was die W\u00e4rme dem Wachs.``<\/p> <div style=\"background-color:;height: 30px\" class=\"nicdark_section  \"><\/div> <p style=\"color:#ffffff;padding:px;text-align:center;font-size:13px;line-height:25px;letter-spacing: 3px;font-weight:lighter\" class=\"   nd_options_second_font \">Arthur Schopenhauer<\/p> <div style=\"background-color:;height: 30px\" class=\"nicdark_section  \"><\/div>[\/vc_column][vc_column width=&#8220;1\/6&#8243;][\/vc_column][\/vc_row][vc_row][vc_column]<div style=\"background-color:;height: 55px\" class=\"nicdark_section  \"><\/div> <h3 style=\"color:#727475;padding:px;text-align:center;font-size:35px;line-height:40px;letter-spacing: px;font-weight:normal\" class=\"  nd_options_text_align_center_responsive_important nd_options_first_font \">Der Ort, wo du immer zu sein gew\u00fcnscht hast, ist hier.<\/h3> <div style=\"background-color:;height: 5px\" class=\"nicdark_section  \"><\/div> <h3 style=\"color:#727475;padding:px;text-align:center;font-size:35px;line-height:40px;letter-spacing: px;font-weight:normal\" class=\"  nd_options_text_align_center_responsive_important nd_options_first_font \">Schenke dir die Emotion, dich wie zu Hause zu f\u00fchlen.<\/h3> [\/vc_column][\/vc_row][vc_row][vc_column]<div style=\"background-color:;height: 55px\" class=\"nicdark_section  \"><\/div>[\/vc_column][\/vc_row][vc_row][vc_column width=&#8220;1\/4&#8243;][\/vc_column][vc_column width=&#8220;1\/2&#8243;]<div style=\"background-color:;height: 45px\" class=\"nicdark_section  \"><\/div> <h6 style=\"color:#a3a3a3;padding:px;text-align:center;font-size:12px;line-height:12px;letter-spacing: 2px;font-weight:lighter\" class=\"   nd_options_second_font \">SEIT 1978<\/h6> <div style=\"background-color:;height: 10px\" class=\"nicdark_section  \"><\/div>\n    <div class=\"nd_options_section nd_options_line_height_0  nd_options_text_align_center \">\n        <span style=\"height:1px;width:30px;background-color:#f1f1f1\" class=\"nd_options_display_inline_block\"><\/span>\n    <\/div>\n   <div style=\"background-color:;height: 30px\" class=\"nicdark_section  \"><\/div> <h3 style=\"color:;padding:px;text-align:center;font-size:40px;line-height:px;letter-spacing: px;font-weight:normal\" class=\"  nd_options_font_size_40_important_all_iphone nd_options_line_height_40_important_all_iphone nd_options_first_font \">Hotel Terme Abano Verdi<\/h3> <div style=\"background-color:;height: 30px\" class=\"nicdark_section  \"><\/div>[vc_column_text]<\/p>\n<p style=\"text-align: center;\">Die H\u00f6flichkeit und die vertraute Atmosph\u00e4re sind unsere Eckpfeiler.<\/p>\n<p style=\"text-align: center;\">Hotel Abano Verdi als Sinnbild der Gastfreundschaft erkannt. Das Hotel l\u00e4sst sich durch den ber\u00fchmten Chor von \u201eVa, pensiero, sull&#8217;ali dorate\u201c des Komponisten Giuseppe Verdi inspirieren, es ergreift die Idee der Gastfreundschaft in der auf italienische Art herk\u00f6mmlichsten Weise, seine G\u00e4ste in einer Atmosph\u00e4re, die die Gedanken \u00fcberschreitet, wickelnd.<\/p>\n<p>[\/vc_column_text]<div style=\"background-color:;height: 30px\" class=\"nicdark_section  \"><\/div>[\/vc_column][vc_column width=&#8220;1\/4&#8243;][\/vc_column][\/vc_row][vc_row full_width=&#8220;stretch_row_content_no_spaces&#8220; parallax=&#8220;content-moving&#8220; css=&#8220;.vc_custom_1552037820942{margin-top: 0px !important;border-top-width: 0px !important;padding-top: 0px !important;background-color: #ebf2f8 !important;}&#8220;][vc_column css=&#8220;.vc_custom_1549561108218{margin-top: 0px !important;margin-bottom: 0px !important;border-top-width: 0px !important;border-bottom-width: 0px !important;padding-top: 0px !important;padding-bottom: 0px !important;}&#8220;][vc_single_image image=&#8220;5036&#8243; img_size=&#8220;full&#8220; alignment=&#8220;center&#8220; css=&#8220;.vc_custom_1551378684296{margin-top: 0px !important;margin-bottom: 0px !important;border-top-width: 0px !important;border-bottom-width: 0px !important;padding-top: 0px !important;padding-bottom: 0px !important;}&#8220;][\/vc_column][\/vc_row][vc_row][vc_column][vc_raw_html]JTVCaW5jbHVkZS1wYWdlJTIwaWQlM0QlMjIlMkZjYWxlbmRhcmlvZGUlMjIlNUQ=[\/vc_raw_html][\/vc_column][\/vc_row][vc_row full_width=&#8220;stretch_row&#8220; el_id=&#8220;lastminute&#8220; css=&#8220;.vc_custom_1550251476932{margin-bottom: 0px !important;border-bottom-width: 0px !important;padding-bottom: 0px !important;background-color: #f9f9f9 !important;}&#8220;][vc_column][vc_raw_html css=&#8220;.vc_custom_1560932464193{margin-bottom: 0px !important;border-bottom-width: 0px !important;padding-bottom: 25px !important;}&#8220;]JTVCaW5jbHVkZS1wYWdlJTIwaWQlM0QlMjIlMkZpbmNsdWRlLWxhc3QtbWludXRlZGUlMjIlNUQ=[\/vc_raw_html][vc_masonry_grid post_type=&#8220;post&#8220; max_items=&#8220;3&#8243; style=&#8220;load-more&#8220; item=&#8220;6419&#8243; grid_id=&#8220;vc_gid:1561466069829-2777da22-7fc1-1&#8243; taxonomies=&#8220;44&#8243; css=&#8220;.vc_custom_1561466204175{margin-top: 0px !important;border-top-width: 0px !important;padding-top: 0px !important;}&#8220;][\/vc_column][\/vc_row]<\/p>\n","protected":false},"excerpt":{"rendered":"<p>[vc_row][vc_column width=&#8220;1\/2&#8243;][\/vc_column][vc_column width=&#8220;1\/2&#8243;][vc_column_text]Die Familie Fioraso und ihre Mitarbeiter sind immer bereit, dich willkommen zu hei\u00dfen und dich mit gr\u00f6\u00dfter H\u00f6flichkeit und best\u00e4ndiger Aufmerksamkeit zu empfangen, um deinen Bed\u00fcrfnissen nachzukommen, um dir deinen Aufenthalt in einer vertrauten Atmosph\u00e4re verbringen zu lassen, wo jede Geste auf eine nat\u00fcrliche Weise erwartet wird, wo die Sorgfalt auf die Einzelheiten [&hellip;]<\/p>\n","protected":false},"author":2,"featured_media":0,"parent":0,"menu_order":0,"comment_status":"closed","ping_status":"closed","template":"","meta":{"_monsterinsights_skip_tracking":false,"_monsterinsights_sitenote_active":false,"_monsterinsights_sitenote_note":"","_monsterinsights_sitenote_category":0},"yoast_head":"<!-- This site is optimized with the Yoast SEO plugin v18.2 - https:\/\/yoast.com\/wordpress\/plugins\/seo\/ -->\n<title>Gastfreundschaft und Tradition - Hotel Terme Abano Verdi - Sito Ufficiale Hotel 4* Abano Terme<\/title>\n<meta name=\"description\" content=\"Gastfreundschaft und Tradition Concediti il piacere di abbandonare lo sguardo sulle dolci colline, accompagnato dai profumi intensi che la Natura regala in questa ineguagliabile cornice dei\u00a0Colli Euganei.\" \/>\n<meta name=\"robots\" content=\"index, follow, max-snippet:-1, max-image-preview:large, max-video-preview:-1\" \/>\n<link rel=\"canonical\" href=\"https:\/\/www.abanoverdi.com\/de\/gastfreundschaft-und-tradition\/\" \/>\n<meta property=\"og:locale\" content=\"de_DE\" \/>\n<meta property=\"og:type\" content=\"article\" \/>\n<meta property=\"og:title\" content=\"Gastfreundschaft und Tradition - Hotel Terme Abano Verdi - Sito Ufficiale Hotel 4* Abano Terme\" \/>\n<meta property=\"og:description\" content=\"Gastfreundschaft und Tradition Concediti il piacere di abbandonare lo sguardo sulle dolci colline, accompagnato dai profumi intensi che la Natura regala in questa ineguagliabile cornice dei\u00a0Colli Euganei.\" \/>\n<meta property=\"og:url\" content=\"https:\/\/www.abanoverdi.com\/de\/gastfreundschaft-und-tradition\/\" \/>\n<meta property=\"og:site_name\" content=\"Hotel Terme Abano Verdi - Sito Ufficiale Hotel 4* Abano Terme\" \/>\n<meta property=\"article:publisher\" content=\"https:\/\/www.facebook.com\/HotelAbanoVerdi\" \/>\n<meta property=\"article:modified_time\" content=\"2019-06-25T12:36:52+00:00\" \/>\n<meta name=\"twitter:card\" content=\"summary_large_image\" \/>\n<meta name=\"twitter:site\" content=\"@abanoverdi\" \/>\n<meta name=\"twitter:label1\" content=\"Gesch\u00e4tzte Lesezeit\" \/>\n\t<meta name=\"twitter:data1\" content=\"6\u00a0Minuten\" \/>\n<script type=\"application\/ld+json\" class=\"yoast-schema-graph\">{\"@context\":\"https:\/\/schema.org\",\"@graph\":[{\"@type\":\"Organization\",\"@id\":\"https:\/\/www.abanoverdi.com\/#organization\",\"name\":\"Hotel Terme Abano Verdi\",\"url\":\"https:\/\/www.abanoverdi.com\/\",\"sameAs\":[\"https:\/\/www.facebook.com\/HotelAbanoVerdi\",\"https:\/\/www.instagram.com\/hotelabanoverdi\/\",\"https:\/\/www.youtube.com\/channel\/UCCqIQp1lBXOEoN7lKyEdnEA\/\",\"https:\/\/www.pinterest.it\/HotelAbanoVerdi\/\",\"https:\/\/twitter.com\/abanoverdi\"],\"logo\":{\"@type\":\"ImageObject\",\"@id\":\"https:\/\/www.abanoverdi.com\/#logo\",\"inLanguage\":\"de\",\"url\":\"https:\/\/www.abanoverdi.com\/wp-content\/uploads\/2018\/11\/logo-verdi-compresso-1.png\",\"contentUrl\":\"https:\/\/www.abanoverdi.com\/wp-content\/uploads\/2018\/11\/logo-verdi-compresso-1.png\",\"width\":206,\"height\":92,\"caption\":\"Hotel Terme Abano Verdi\"},\"image\":{\"@id\":\"https:\/\/www.abanoverdi.com\/#logo\"}},{\"@type\":\"WebSite\",\"@id\":\"https:\/\/www.abanoverdi.com\/#website\",\"url\":\"https:\/\/www.abanoverdi.com\/\",\"name\":\"Hotel Terme Abano Verdi - Sito Ufficiale Hotel 4* Abano Terme\",\"description\":\"Hotel Abano Terme 4 stelle con SPA e Piscine termali\",\"publisher\":{\"@id\":\"https:\/\/www.abanoverdi.com\/#organization\"},\"potentialAction\":[{\"@type\":\"SearchAction\",\"target\":{\"@type\":\"EntryPoint\",\"urlTemplate\":\"https:\/\/www.abanoverdi.com\/?s={search_term_string}\"},\"query-input\":\"required name=search_term_string\"}],\"inLanguage\":\"de\"},{\"@type\":\"WebPage\",\"@id\":\"https:\/\/www.abanoverdi.com\/de\/gastfreundschaft-und-tradition\/#webpage\",\"url\":\"https:\/\/www.abanoverdi.com\/de\/gastfreundschaft-und-tradition\/\",\"name\":\"Gastfreundschaft und Tradition - Hotel Terme Abano Verdi - Sito Ufficiale Hotel 4* Abano Terme\",\"isPartOf\":{\"@id\":\"https:\/\/www.abanoverdi.com\/#website\"},\"datePublished\":\"2019-02-25T18:06:44+00:00\",\"dateModified\":\"2019-06-25T12:36:52+00:00\",\"description\":\"Gastfreundschaft und Tradition Concediti il piacere di abbandonare lo sguardo sulle dolci colline, accompagnato dai profumi intensi che la Natura regala in questa ineguagliabile cornice dei\u00a0Colli Euganei.\",\"breadcrumb\":{\"@id\":\"https:\/\/www.abanoverdi.com\/de\/gastfreundschaft-und-tradition\/#breadcrumb\"},\"inLanguage\":\"de\",\"potentialAction\":[{\"@type\":\"ReadAction\",\"target\":[\"https:\/\/www.abanoverdi.com\/de\/gastfreundschaft-und-tradition\/\"]}]},{\"@type\":\"BreadcrumbList\",\"@id\":\"https:\/\/www.abanoverdi.com\/de\/gastfreundschaft-und-tradition\/#breadcrumb\",\"itemListElement\":[{\"@type\":\"ListItem\",\"position\":1,\"name\":\"Home\",\"item\":\"https:\/\/www.abanoverdi.com\/de\/\"},{\"@type\":\"ListItem\",\"position\":2,\"name\":\"Gastfreundschaft und Tradition\"}]}]}<\/script>\n<!-- \/ Yoast SEO plugin. -->","yoast_head_json":{"title":"Gastfreundschaft und Tradition - Hotel Terme Abano Verdi - Sito Ufficiale Hotel 4* Abano Terme","description":"Gastfreundschaft und Tradition Concediti il piacere di abbandonare lo sguardo sulle dolci colline, accompagnato dai profumi intensi che la Natura regala in questa ineguagliabile cornice dei\u00a0Colli Euganei.","robots":{"index":"index","follow":"follow","max-snippet":"max-snippet:-1","max-image-preview":"max-image-preview:large","max-video-preview":"max-video-preview:-1"},"canonical":"https:\/\/www.abanoverdi.com\/de\/gastfreundschaft-und-tradition\/","og_locale":"de_DE","og_type":"article","og_title":"Gastfreundschaft und Tradition - Hotel Terme Abano Verdi - Sito Ufficiale Hotel 4* Abano Terme","og_description":"Gastfreundschaft und Tradition Concediti il piacere di abbandonare lo sguardo sulle dolci colline, accompagnato dai profumi intensi che la Natura regala in questa ineguagliabile cornice dei\u00a0Colli Euganei.","og_url":"https:\/\/www.abanoverdi.com\/de\/gastfreundschaft-und-tradition\/","og_site_name":"Hotel Terme Abano Verdi - Sito Ufficiale Hotel 4* Abano Terme","article_publisher":"https:\/\/www.facebook.com\/HotelAbanoVerdi","article_modified_time":"2019-06-25T12:36:52+00:00","twitter_card":"summary_large_image","twitter_site":"@abanoverdi","twitter_misc":{"Gesch\u00e4tzte Lesezeit":"6\u00a0Minuten"},"schema":{"@context":"https:\/\/schema.org","@graph":[{"@type":"Organization","@id":"https:\/\/www.abanoverdi.com\/#organization","name":"Hotel Terme Abano Verdi","url":"https:\/\/www.abanoverdi.com\/","sameAs":["https:\/\/www.facebook.com\/HotelAbanoVerdi","https:\/\/www.instagram.com\/hotelabanoverdi\/","https:\/\/www.youtube.com\/channel\/UCCqIQp1lBXOEoN7lKyEdnEA\/","https:\/\/www.pinterest.it\/HotelAbanoVerdi\/","https:\/\/twitter.com\/abanoverdi"],"logo":{"@type":"ImageObject","@id":"https:\/\/www.abanoverdi.com\/#logo","inLanguage":"de","url":"https:\/\/www.abanoverdi.com\/wp-content\/uploads\/2018\/11\/logo-verdi-compresso-1.png","contentUrl":"https:\/\/www.abanoverdi.com\/wp-content\/uploads\/2018\/11\/logo-verdi-compresso-1.png","width":206,"height":92,"caption":"Hotel Terme Abano Verdi"},"image":{"@id":"https:\/\/www.abanoverdi.com\/#logo"}},{"@type":"WebSite","@id":"https:\/\/www.abanoverdi.com\/#website","url":"https:\/\/www.abanoverdi.com\/","name":"Hotel Terme Abano Verdi - Sito Ufficiale Hotel 4* Abano Terme","description":"Hotel Abano Terme 4 stelle con SPA e Piscine termali","publisher":{"@id":"https:\/\/www.abanoverdi.com\/#organization"},"potentialAction":[{"@type":"SearchAction","target":{"@type":"EntryPoint","urlTemplate":"https:\/\/www.abanoverdi.com\/?s={search_term_string}"},"query-input":"required name=search_term_string"}],"inLanguage":"de"},{"@type":"WebPage","@id":"https:\/\/www.abanoverdi.com\/de\/gastfreundschaft-und-tradition\/#webpage","url":"https:\/\/www.abanoverdi.com\/de\/gastfreundschaft-und-tradition\/","name":"Gastfreundschaft und Tradition - Hotel Terme Abano Verdi - Sito Ufficiale Hotel 4* Abano Terme","isPartOf":{"@id":"https:\/\/www.abanoverdi.com\/#website"},"datePublished":"2019-02-25T18:06:44+00:00","dateModified":"2019-06-25T12:36:52+00:00","description":"Gastfreundschaft und Tradition Concediti il piacere di abbandonare lo sguardo sulle dolci colline, accompagnato dai profumi intensi che la Natura regala in questa ineguagliabile cornice dei\u00a0Colli Euganei.","breadcrumb":{"@id":"https:\/\/www.abanoverdi.com\/de\/gastfreundschaft-und-tradition\/#breadcrumb"},"inLanguage":"de","potentialAction":[{"@type":"ReadAction","target":["https:\/\/www.abanoverdi.com\/de\/gastfreundschaft-und-tradition\/"]}]},{"@type":"BreadcrumbList","@id":"https:\/\/www.abanoverdi.com\/de\/gastfreundschaft-und-tradition\/#breadcrumb","itemListElement":[{"@type":"ListItem","position":1,"name":"Home","item":"https:\/\/www.abanoverdi.com\/de\/"},{"@type":"ListItem","position":2,"name":"Gastfreundschaft und Tradition"}]}]}},"_links":{"self":[{"href":"https:\/\/www.abanoverdi.com\/de\/wp-json\/wp\/v2\/pages\/5737"}],"collection":[{"href":"https:\/\/www.abanoverdi.com\/de\/wp-json\/wp\/v2\/pages"}],"about":[{"href":"https:\/\/www.abanoverdi.com\/de\/wp-json\/wp\/v2\/types\/page"}],"author":[{"embeddable":true,"href":"https:\/\/www.abanoverdi.com\/de\/wp-json\/wp\/v2\/users\/2"}],"replies":[{"embeddable":true,"href":"https:\/\/www.abanoverdi.com\/de\/wp-json\/wp\/v2\/comments?post=5737"}],"version-history":[{"count":5,"href":"https:\/\/www.abanoverdi.com\/de\/wp-json\/wp\/v2\/pages\/5737\/revisions"}],"predecessor-version":[{"id":6460,"href":"https:\/\/www.abanoverdi.com\/de\/wp-json\/wp\/v2\/pages\/5737\/revisions\/6460"}],"wp:attachment":[{"href":"https:\/\/www.abanoverdi.com\/de\/wp-json\/wp\/v2\/media?parent=5737"}],"curies":[{"name":"wp","href":"https:\/\/api.w.org\/{rel}","templated":true}]}}